{"id":18146,"date":"2020-04-26T01:38:45","date_gmt":"2020-04-26T05:38:45","guid":{"rendered":"https:\/\/420now.co\/product\/left-coast-gummy-co-150-mg-thc\/"},"modified":"2025-09-29T08:01:13","modified_gmt":"2025-09-29T12:01:13","slug":"left-coast-gummy-co-150-mg-thc","status":"publish","type":"product","link":"https:\/\/420now.co\/fr-ca\/product\/left-coast-gummy-co-150-mg-thc\/","title":{"rendered":"Left Coast Gummy Co.150 mg THC"},"content":{"rendered":"<h2>Left Coast Gummies &#8211; Populaire aupr\u00e8s de nos clients!<\/h2>\n<p>Avec 150 mg de THC par paquet, les gommes Left Coast sont les pr\u00e9f\u00e9r\u00e9es des amateurs de produits comestibles. Ils ont un go\u00fbt d\u00e9licieux avec une vari\u00e9t\u00e9 de saveurs all\u00e9chantes dans chaque emballage. Les ingr\u00e9dients comprennent une liste presque 100% biologique comprenant de l\u2019eau de source naturelle, de la g\u00e9latine, du sucre de canne biologique, de l\u2019extrait de cannabis biologique exclusif, de l\u2019acide citrique, des ar\u00f4mes et des colorants naturels.  <\/p>\n<p>Chaque paquet contient 6 gommes. Il y a 25 mg de THC dans chacun. Les gommes de la c\u00f4te gauche sont une d\u00e9licieuse fa\u00e7on de consommer des m\u00e9dicaments!  <\/p>\n<p>Certains ont rapport\u00e9 que les gommes de la c\u00f4te gauche ont aid\u00e9 \u00e0 soulager la douleur.<\/p>\n<h2>Livraison gratuite sur les gommes de la c\u00f4te gauche dans la r\u00e9gion du Grand Toronto<\/h2>\n<p>Les gommes de la c\u00f4te gauche sont l\u2019un de nos produits les plus recherch\u00e9s &#8211; et si vous commandez dans la r\u00e9gion du Grand Toronto avant 20h, nous pouvons les avoir \u00e0 votre porte pour une livraison gratuite en 2 heures!* La livraison gratuite est bas\u00e9e sur une commande minimale de 100,00 $ &#8211; incluant tous nos produits. Vous n\u2019avez pas besoin de commander 4 paquets de gommes de la c\u00f4te gauche &#8211; \u00e0 moins que vous ne le souhaitiez, bien s\u00fbr! N\u2019h\u00e9sitez pas \u00e0 m\u00e9langer et \u00e0 assortir de notre s\u00e9lection de produits et tant que votre commande totale s\u2019\u00e9l\u00e8ve \u00e0 100,00 $ (ou plus), vous obtiendrez la livraison gratuite dans la r\u00e9gion du Grand Toronto.<\/p>\n<p>*Livraison en deux heures \u00e0 Toronto (Scarborough, North York, Etobicoke, DownTown, York &#8211; toutes les r\u00e9gions \u00e0 l\u2019int\u00e9rieur des fronti\u00e8res de la ville de Toronto), Richmond Hill, King, Aurora, Newmarket, Woodbridge, Vaughan et Markham.<\/p>\n<p>Nous acceptons les paiements par courriel, Interac et paiement \u00e0 la livraison.<\/p>\n<h2>Exp\u00e9dition pancanadienne de gommes de la c\u00f4te gauche<\/h2>\n<p>Nous pouvons \u00e9galement exp\u00e9dier Left Coast Gummies partout au Canada avec une commande minimale (mais le paiement doit \u00eatre effectu\u00e9 avant l\u2019exp\u00e9dition de la commande) de 150,00 $ pour la livraison gratuite. Nos clients adorent ces produits comestibles au cannabis &#8211; si vous ne les avez jamais essay\u00e9s, vous devriez le faire! <\/p>\n<p>Allez-y et essayez ces d\u00e9licieux gommes! Nous savons que vous serez heureux de l\u2019avoir fait. <\/p>\n<p style=\"text-align: center;\"><strong>La livraison gratuite dans la r\u00e9gion du Grand Toronto comprend Toronto, Vaughan, Richmond Hill, Thornhill, Markham, Newmarket, Aurora, Caledon, Bolton, Unionville, North York, Scarborough, Etobicoke, Mississauga, Brampton, King (City) <a href=\"https:\/\/420now.co\/fr-ca\/region-du-grand-toronto-rgt-livraison-gratuite\/\">Township &#8211; voir notre couverture compl\u00e8te ici<\/a>.<\/strong><\/p>\n","protected":false},"excerpt":{"rendered":"<p>Left Coast Gummy Co. est une entreprise de produits comestibles qui a explos\u00e9 dans la communaut\u00e9 du cannabis. Cr\u00e9er un produit magnifiquement emball\u00e9, facilement identifiable et d\u00e9licieux. 150 mg de THC par paquet.  <\/p>\n<p>Tout le monde s\u2019extasie sur les gommes de la c\u00f4te gauche &#8211; et vous aussi, une fois que vous les aurez essay\u00e9es.<\/p>\n<p>Commandez Left Coast Gummies maintenant, et nous les aurons \u00e0 votre porte dans la r\u00e9gion du Grand Toronto avant 22 h (doivent \u00eatre command\u00e9s avant 20 h).<\/p>\n<p>Cannabis m\u00e9dible (m\u00e9dicament\u00e9 comestible).<\/p>\n<p>Chaque paquet contient 6 gommes. Chaque gomme contient 25 mg de THC pour un dosage pr\u00e9cis. <\/p>\n<p>Vous cherchez une force suppl\u00e9mentaire? Pensez au nouvel emballage <a href=\"https:\/\/420now.co\/fr-ca\/product\/left-coast-gummy-co-600-mg-thc\/\">Left Coast Gummy Co de 600 mg de THC<\/a> ou <a href=\"https:\/\/420now.co\/fr-ca\/product\/left-coast-gummy-co-1200-mg-thc\/\">de 1200 mg de THC<\/a>. <\/p>\n","protected":false},"featured_media":17459,"comment_status":"open","ping_status":"closed","template":"","meta":{"_acf_changed":false},"product_brand":[344],"product_cat":[231],"product_tag":[288,306],"class_list":{"0":"post-18146","1":"product","2":"type-product","3":"status-publish","4":"has-post-thumbnail","6":"product_brand-left-coast-gummy-co","7":"product_cat-gummies-fr-ca","8":"product_tag-hybride","9":"product_tag-left-coast-gummies-fr-ca","11":"first","12":"instock","13":"shipping-taxable","14":"purchasable","15":"product-type-simple"},"acf":[],"_links":{"self":[{"href":"https:\/\/420now.co\/fr-ca\/wp-json\/wp\/v2\/product\/18146","targetHints":{"allow":["GET"]}}],"collection":[{"href":"https:\/\/420now.co\/fr-ca\/wp-json\/wp\/v2\/product"}],"about":[{"href":"https:\/\/420now.co\/fr-ca\/wp-json\/wp\/v2\/types\/product"}],"replies":[{"embeddable":true,"href":"https:\/\/420now.co\/fr-ca\/wp-json\/wp\/v2\/comments?post=18146"}],"wp:featuredmedia":[{"embeddable":true,"href":"https:\/\/420now.co\/fr-ca\/wp-json\/wp\/v2\/media\/17459"}],"wp:attachment":[{"href":"https:\/\/420now.co\/fr-ca\/wp-json\/wp\/v2\/media?parent=18146"}],"wp:term":[{"taxonomy":"product_brand","embeddable":true,"href":"https:\/\/420now.co\/fr-ca\/wp-json\/wp\/v2\/product_brand?post=18146"},{"taxonomy":"product_cat","embeddable":true,"href":"https:\/\/420now.co\/fr-ca\/wp-json\/wp\/v2\/product_cat?post=18146"},{"taxonomy":"product_tag","embeddable":true,"href":"https:\/\/420now.co\/fr-ca\/wp-json\/wp\/v2\/product_tag?post=18146"}],"curies":[{"name":"wp","href":"https:\/\/api.w.org\/{rel}","templated":true}]}}