{"id":18147,"date":"2020-04-26T01:44:50","date_gmt":"2020-04-26T01:44:50","guid":{"rendered":"https:\/\/420now.co\/product\/twisted-extracts-bombe-de-gelee-de-pomme-80mg-thc\/"},"modified":"2026-04-06T21:56:33","modified_gmt":"2026-04-07T01:56:33","slug":"twisted-extracts-bombe-de-gelee-de-pomme-80mg-thc","status":"publish","type":"product","link":"https:\/\/420now.co\/fr-ca\/product\/twisted-extracts-bombe-de-gelee-de-pomme-80mg-thc\/","title":{"rendered":"Twisted Extracts Bombe de gel\u00e9e de pomme 80mg THC"},"content":{"rendered":"","protected":false},"excerpt":{"rendered":"<p>O\u00f9 que vous soyez, nos Sativa Jelly Bombs vous y emm\u00e8neront. Ils sont parfaits pour am\u00e9liorer votre humeur, stimuler votre cr\u00e9ativit\u00e9, vous d\u00e9tendre de la journ\u00e9e et vous faire vous sentir \u00e0 nouveau comme un enfant (peu importe combien de temps cela a pass\u00e9).   <\/p>\n<p>Super belle saveur de pomme &#8211; aigre-douce &#8211; et dosage parfait car chaque bombe de gel\u00e9e contient 10 mg de THC.  <\/p>\n<p>Besoin d\u2019un high concentr\u00e9 et \u00e9nergique? Les extraits torsad\u00e9s sont parfaits!   <\/p>\n<p>Id\u00e9al pour : soulagement du stress, soulagement de la douleur, \u00e9l\u00e9vation de l\u2019humeur et promotion de l\u2019app\u00e9tit.<\/p>\n<p>Extrait de THC \u00e0 base Sativa.<\/p>\n<p>8 x 10 mg de THC par bombe<br \/>\n\u00e0 gel\u00e9e 80 mg de THC par paquet<\/p>\n<p>Fabriqu\u00e9 au Canada. Approuv\u00e9 par Sant\u00e9 Canada Test\u00e9 en laboratoire. <\/p>\n","protected":false},"featured_media":16555,"comment_status":"open","ping_status":"closed","template":"","meta":{"_acf_changed":false},"product_brand":[],"product_cat":[219,231],"product_tag":[290,318],"class_list":{"0":"post-18147","1":"product","2":"type-product","3":"status-publish","4":"has-post-thumbnail","6":"product_cat-comestibles","7":"product_cat-gummies-fr-ca","8":"product_tag-sativa-fr-ca","9":"product_tag-twisted-fr-ca","11":"first","12":"instock","13":"shipping-taxable","14":"purchasable","15":"product-type-simple"},"acf":[],"_links":{"self":[{"href":"https:\/\/420now.co\/fr-ca\/wp-json\/wp\/v2\/product\/18147","targetHints":{"allow":["GET"]}}],"collection":[{"href":"https:\/\/420now.co\/fr-ca\/wp-json\/wp\/v2\/product"}],"about":[{"href":"https:\/\/420now.co\/fr-ca\/wp-json\/wp\/v2\/types\/product"}],"replies":[{"embeddable":true,"href":"https:\/\/420now.co\/fr-ca\/wp-json\/wp\/v2\/comments?post=18147"}],"wp:featuredmedia":[{"embeddable":true,"href":"https:\/\/420now.co\/fr-ca\/wp-json\/wp\/v2\/media\/16555"}],"wp:attachment":[{"href":"https:\/\/420now.co\/fr-ca\/wp-json\/wp\/v2\/media?parent=18147"}],"wp:term":[{"taxonomy":"product_brand","embeddable":true,"href":"https:\/\/420now.co\/fr-ca\/wp-json\/wp\/v2\/product_brand?post=18147"},{"taxonomy":"product_cat","embeddable":true,"href":"https:\/\/420now.co\/fr-ca\/wp-json\/wp\/v2\/product_cat?post=18147"},{"taxonomy":"product_tag","embeddable":true,"href":"https:\/\/420now.co\/fr-ca\/wp-json\/wp\/v2\/product_tag?post=18147"}],"curies":[{"name":"wp","href":"https:\/\/api.w.org\/{rel}","templated":true}]}}