{"id":18149,"date":"2020-04-26T16:28:51","date_gmt":"2020-04-26T20:28:51","guid":{"rendered":"https:\/\/420now.co\/product\/marys-wellness-coffee-60-mg-thc-6-mg-cbd\/"},"modified":"2026-02-08T16:52:11","modified_gmt":"2026-02-08T21:52:11","slug":"marys-wellness-coffee-60-mg-thc-6-mg-cbd","status":"publish","type":"product","link":"https:\/\/420now.co\/fr-ca\/product\/marys-wellness-coffee-60-mg-thc-6-mg-cbd\/","title":{"rendered":"Mary\u2019s Wellness Coffee 60 mg THC 6 mg CBD"},"content":{"rendered":"","protected":false},"excerpt":{"rendered":"<p>Tout est une question d\u2019ingr\u00e9dients sains. De v\u00e9ritables artisans lorsqu\u2019il s\u2019agit de m\u00e9langer les saveurs les plus fantastiques. Tous les produits de Mary\u2019s Wellness ont \u00e9t\u00e9 test\u00e9s en laboratoire pour leur puissance et leur puret\u00e9. De nombreuses personnes veulent profiter des bienfaits du cannabis, mais pr\u00e9f\u00e8rent ne pas fumer. Pratique \u00e0 pr\u00e9parer et facilement personnalis\u00e9 \u00e0 votre dosage personnel, profitez d\u2019une tasse fumante de caf\u00e9 Original Blend pour aider \u00e0 r\u00e9duire le niveau de stress et favoriser la relaxation.    <\/p>\n","protected":false},"featured_media":16585,"comment_status":"open","ping_status":"closed","template":"","meta":{"_acf_changed":false},"product_brand":[373],"product_cat":[224],"product_tag":[],"class_list":{"0":"post-18149","1":"product","2":"type-product","3":"status-publish","4":"has-post-thumbnail","6":"product_brand-marys-wellness","7":"product_cat-the","9":"first","10":"instock","11":"shipping-taxable","12":"purchasable","13":"product-type-simple"},"acf":[],"_links":{"self":[{"href":"https:\/\/420now.co\/fr-ca\/wp-json\/wp\/v2\/product\/18149","targetHints":{"allow":["GET"]}}],"collection":[{"href":"https:\/\/420now.co\/fr-ca\/wp-json\/wp\/v2\/product"}],"about":[{"href":"https:\/\/420now.co\/fr-ca\/wp-json\/wp\/v2\/types\/product"}],"replies":[{"embeddable":true,"href":"https:\/\/420now.co\/fr-ca\/wp-json\/wp\/v2\/comments?post=18149"}],"wp:featuredmedia":[{"embeddable":true,"href":"https:\/\/420now.co\/fr-ca\/wp-json\/wp\/v2\/media\/16585"}],"wp:attachment":[{"href":"https:\/\/420now.co\/fr-ca\/wp-json\/wp\/v2\/media?parent=18149"}],"wp:term":[{"taxonomy":"product_brand","embeddable":true,"href":"https:\/\/420now.co\/fr-ca\/wp-json\/wp\/v2\/product_brand?post=18149"},{"taxonomy":"product_cat","embeddable":true,"href":"https:\/\/420now.co\/fr-ca\/wp-json\/wp\/v2\/product_cat?post=18149"},{"taxonomy":"product_tag","embeddable":true,"href":"https:\/\/420now.co\/fr-ca\/wp-json\/wp\/v2\/product_tag?post=18149"}],"curies":[{"name":"wp","href":"https:\/\/api.w.org\/{rel}","templated":true}]}}