{"id":18164,"date":"2020-04-26T11:39:42","date_gmt":"2020-04-26T11:39:42","guid":{"rendered":"https:\/\/420now.co\/product\/barre-shatter-cookies-and-green-sativa-500mg\/"},"modified":"2026-04-02T19:25:05","modified_gmt":"2026-04-02T23:25:05","slug":"barre-shatter-cookies-and-green-sativa-500mg","status":"publish","type":"product","link":"https:\/\/420now.co\/fr-ca\/product\/barre-shatter-cookies-and-green-sativa-500mg\/","title":{"rendered":"Shatter Bars, biscuits et Sativa verte 500 mg"},"content":{"rendered":"<p>Voir toutes les <a href=\"https:\/\/420now.co\/fr-ca\/barres-de-brisage-euphoria-extractions-420now-livraison-de-weed\/\">barres \u00e0 \u00e9clats d\u2019Euphoria Extractions<\/a>.  <\/p>\n","protected":false},"excerpt":{"rendered":"<p>Les barres de protection Toffee Crunch d\u2019Euphoria Extractions sont la solution parfaite pour vos besoins en mati\u00e8re de produits comestibles. Avec 24 carr\u00e9s, ces barres sont faciles \u00e0 g\u00e9rer et contiennent 500 mg d\u2019extrait \u00e0 spectre complet test\u00e9 en laboratoire provenant du meilleur cannabis disponible. Les barres de protection Eu4ia sont garanties pour une satisfaction totale.  <\/p>\n","protected":false},"featured_media":16958,"comment_status":"open","ping_status":"closed","template":"","meta":{"_acf_changed":false},"product_brand":[],"product_cat":[226],"product_tag":[290,313],"class_list":{"0":"post-18164","1":"product","2":"type-product","3":"status-publish","4":"has-post-thumbnail","6":"product_cat-chocolats","7":"product_tag-sativa-fr-ca","8":"product_tag-shatter-bars-fr-ca","10":"first","11":"instock","12":"shipping-taxable","13":"purchasable","14":"product-type-simple"},"acf":[],"_links":{"self":[{"href":"https:\/\/420now.co\/fr-ca\/wp-json\/wp\/v2\/product\/18164","targetHints":{"allow":["GET"]}}],"collection":[{"href":"https:\/\/420now.co\/fr-ca\/wp-json\/wp\/v2\/product"}],"about":[{"href":"https:\/\/420now.co\/fr-ca\/wp-json\/wp\/v2\/types\/product"}],"replies":[{"embeddable":true,"href":"https:\/\/420now.co\/fr-ca\/wp-json\/wp\/v2\/comments?post=18164"}],"wp:featuredmedia":[{"embeddable":true,"href":"https:\/\/420now.co\/fr-ca\/wp-json\/wp\/v2\/media\/16958"}],"wp:attachment":[{"href":"https:\/\/420now.co\/fr-ca\/wp-json\/wp\/v2\/media?parent=18164"}],"wp:term":[{"taxonomy":"product_brand","embeddable":true,"href":"https:\/\/420now.co\/fr-ca\/wp-json\/wp\/v2\/product_brand?post=18164"},{"taxonomy":"product_cat","embeddable":true,"href":"https:\/\/420now.co\/fr-ca\/wp-json\/wp\/v2\/product_cat?post=18164"},{"taxonomy":"product_tag","embeddable":true,"href":"https:\/\/420now.co\/fr-ca\/wp-json\/wp\/v2\/product_tag?post=18164"}],"curies":[{"name":"wp","href":"https:\/\/api.w.org\/{rel}","templated":true}]}}