{"id":18166,"date":"2020-04-26T17:33:33","date_gmt":"2020-04-26T21:33:33","guid":{"rendered":"https:\/\/420now.co\/product\/the-vert-marys-wellness-60mg-thc-6mg-cbd\/"},"modified":"2026-02-08T16:58:29","modified_gmt":"2026-02-08T21:58:29","slug":"the-vert-marys-wellness-60mg-thc-6mg-cbd","status":"publish","type":"product","link":"https:\/\/420now.co\/fr-ca\/product\/the-vert-marys-wellness-60mg-thc-6mg-cbd\/","title":{"rendered":"Mary\u2019s Wellness Th\u00e9 vert 60mg THC 6mg CBD"},"content":{"rendered":"<p>Tout est une question d\u2019ingr\u00e9dients sains. Des th\u00e9s et du cannabis de la meilleure qualit\u00e9, provenant de producteurs r\u00e9put\u00e9s, pour assurer la meilleure exp\u00e9rience m\u00e9dicamenteuse.   <\/p>\n<p>Les th\u00e9s crus utilis\u00e9s par Mary\u2019s Wellness \/ Mary\u2019s Java proviennent des meilleures r\u00e9gions productrices du monde. De v\u00e9ritables artisans lorsqu\u2019il s\u2019agit de m\u00e9langer les saveurs les plus fantastiques.   <\/p>\n<p>Toutes les herbes utilis\u00e9es dans les produits Mary\u2019s Wellness proviennent de producteurs canadiens agr\u00e9\u00e9s exp\u00e9riment\u00e9s qui cultivent pour eux-m\u00eames et pour d\u2019autres patients depuis de nombreuses ann\u00e9es. Tous les produits de Mary\u2019s Wellness ont \u00e9t\u00e9 test\u00e9s en laboratoire pour leur puissance et leur puret\u00e9. De nombreuses personnes veulent profiter des bienfaits du cannabis, mais pr\u00e9f\u00e8rent ne pas fumer. Les th\u00e9s infus\u00e9s au cannabis offrent une alternative s\u00fbre pour ceux qui souhaitent incorporer la marijuana \u00e0 leur mode de vie sain.   <\/p>\n<p>Le th\u00e9 vert Mary\u2019s Java\/Mary\u2019s Wellness vous ravira \u00e0 coup s\u00fbr avec son th\u00e9 vert certifi\u00e9 biologique de haute qualit\u00e9 provenant de Chine et a un go\u00fbt exquis, tout en \u00e9tant infus\u00e9 de 60 mg de THC et 6 mg de CBD dans chaque sachet de th\u00e9.<\/p>\n<p>Initialement appel\u00e9e Mary\u2019s Java, la fondatrice de l\u2019entreprise voulait se concentrer sur les bienfaits du cannabis pour la sant\u00e9 et a rebaptis\u00e9 l\u2019entreprise Mary\u2019s Wellness. En raison de la r\u00e9glementation canadienne sur les produits comestibles, l\u2019entreprise est actuellement en restructuration dans le but de produire davantage de ses th\u00e9s \u00e0 l\u2019avenir. Actuellement, nous avons leur dernier stock. Une fois qu\u2019ils sont partis, ils disparaissent jusqu\u2019\u00e0 ce que Mary\u2019s ait eu l\u2019occasion de produire \u00e0 nouveau ces merveilleux th\u00e9s.   <\/p>\n","protected":false},"excerpt":{"rendered":"<p>Tout est une question d\u2019ingr\u00e9dients sains. Des th\u00e9s et du cannabis de la meilleure qualit\u00e9, provenant de producteurs r\u00e9put\u00e9s, pour assurer la meilleure exp\u00e9rience m\u00e9dicamenteuse.   <\/p>\n<p>Les th\u00e9s crus utilis\u00e9s par Mary\u2019s Wellness \/ Mary\u2019s Java proviennent des meilleures r\u00e9gions productrices du monde. De v\u00e9ritables artisans lorsqu\u2019il s\u2019agit de m\u00e9langer les saveurs les plus fantastiques.   <\/p>\n<p>Toutes les herbes utilis\u00e9es dans nos produits proviennent de producteurs canadiens agr\u00e9\u00e9s exp\u00e9riment\u00e9s qui cultivent pour eux-m\u00eames et pour d\u2019autres patients depuis de nombreuses ann\u00e9es. Tous les produits de Mary\u2019s Wellness ont \u00e9t\u00e9 test\u00e9s en laboratoire pour leur puissance et leur puret\u00e9. De nombreuses personnes veulent profiter des bienfaits du cannabis, mais pr\u00e9f\u00e8rent ne pas fumer. Les th\u00e9s infus\u00e9s au cannabis offrent une alternative s\u00fbre pour ceux qui souhaitent incorporer la marijuana \u00e0 leur mode de vie sain.   <\/p>\n<p>Le th\u00e9 vert Mary\u2019s Java\/Mary\u2019s Wellness vous ravira \u00e0 coup s\u00fbr avec son th\u00e9 vert certifi\u00e9 biologique de haute qualit\u00e9 provenant de Chine et a un go\u00fbt exquis, tout en \u00e9tant infus\u00e9 de 60 mg de THC et 6 mg de CBD dans chaque sachet de th\u00e9.<\/p>\n","protected":false},"featured_media":16597,"comment_status":"open","ping_status":"closed","template":"","meta":{"_acf_changed":false},"product_brand":[373],"product_cat":[224],"product_tag":[],"class_list":{"0":"post-18166","1":"product","2":"type-product","3":"status-publish","4":"has-post-thumbnail","6":"product_brand-marys-wellness","7":"product_cat-the","9":"first","10":"instock","11":"shipping-taxable","12":"purchasable","13":"product-type-simple"},"acf":[],"_links":{"self":[{"href":"https:\/\/420now.co\/fr-ca\/wp-json\/wp\/v2\/product\/18166","targetHints":{"allow":["GET"]}}],"collection":[{"href":"https:\/\/420now.co\/fr-ca\/wp-json\/wp\/v2\/product"}],"about":[{"href":"https:\/\/420now.co\/fr-ca\/wp-json\/wp\/v2\/types\/product"}],"replies":[{"embeddable":true,"href":"https:\/\/420now.co\/fr-ca\/wp-json\/wp\/v2\/comments?post=18166"}],"wp:featuredmedia":[{"embeddable":true,"href":"https:\/\/420now.co\/fr-ca\/wp-json\/wp\/v2\/media\/16597"}],"wp:attachment":[{"href":"https:\/\/420now.co\/fr-ca\/wp-json\/wp\/v2\/media?parent=18166"}],"wp:term":[{"taxonomy":"product_brand","embeddable":true,"href":"https:\/\/420now.co\/fr-ca\/wp-json\/wp\/v2\/product_brand?post=18166"},{"taxonomy":"product_cat","embeddable":true,"href":"https:\/\/420now.co\/fr-ca\/wp-json\/wp\/v2\/product_cat?post=18166"},{"taxonomy":"product_tag","embeddable":true,"href":"https:\/\/420now.co\/fr-ca\/wp-json\/wp\/v2\/product_tag?post=18166"}],"curies":[{"name":"wp","href":"https:\/\/api.w.org\/{rel}","templated":true}]}}