{"id":18168,"date":"2020-04-26T17:30:23","date_gmt":"2020-04-26T17:30:23","guid":{"rendered":"https:\/\/420now.co\/product\/marys-wellness-vanille-francaise-60mg-thc-6mg-cbd\/"},"modified":"2026-02-08T16:56:11","modified_gmt":"2026-02-08T21:56:11","slug":"marys-wellness-vanille-francaise-60mg-thc-6mg-cbd","status":"publish","type":"product","link":"https:\/\/420now.co\/fr-ca\/product\/marys-wellness-vanille-francaise-60mg-thc-6mg-cbd\/","title":{"rendered":"Mary\u2019s Wellness Th\u00e9 Vanille Fran\u00e7aise 60mg THC 6mg CBD"},"content":{"rendered":"","protected":false},"excerpt":{"rendered":"<p>Tous les produits de Mary\u2019s Wellness ont \u00e9t\u00e9 test\u00e9s en laboratoire pour leur puissance et leur puret\u00e9. De nombreuses personnes veulent profiter des bienfaits du cannabis, mais pr\u00e9f\u00e8rent ne pas fumer. Le chocolat chaud infus\u00e9 au cannabis offre une alternative s\u00fbre pour ceux qui souhaitent incorporer la marijuana \u00e0 leur mode de vie sain.  <\/p>\n","protected":false},"featured_media":16596,"comment_status":"open","ping_status":"closed","template":"","meta":{"_acf_changed":false},"product_brand":[373],"product_cat":[224],"product_tag":[],"class_list":{"0":"post-18168","1":"product","2":"type-product","3":"status-publish","4":"has-post-thumbnail","6":"product_brand-marys-wellness","7":"product_cat-the","9":"first","10":"instock","11":"shipping-taxable","12":"purchasable","13":"product-type-simple"},"acf":[],"_links":{"self":[{"href":"https:\/\/420now.co\/fr-ca\/wp-json\/wp\/v2\/product\/18168","targetHints":{"allow":["GET"]}}],"collection":[{"href":"https:\/\/420now.co\/fr-ca\/wp-json\/wp\/v2\/product"}],"about":[{"href":"https:\/\/420now.co\/fr-ca\/wp-json\/wp\/v2\/types\/product"}],"replies":[{"embeddable":true,"href":"https:\/\/420now.co\/fr-ca\/wp-json\/wp\/v2\/comments?post=18168"}],"wp:featuredmedia":[{"embeddable":true,"href":"https:\/\/420now.co\/fr-ca\/wp-json\/wp\/v2\/media\/16596"}],"wp:attachment":[{"href":"https:\/\/420now.co\/fr-ca\/wp-json\/wp\/v2\/media?parent=18168"}],"wp:term":[{"taxonomy":"product_brand","embeddable":true,"href":"https:\/\/420now.co\/fr-ca\/wp-json\/wp\/v2\/product_brand?post=18168"},{"taxonomy":"product_cat","embeddable":true,"href":"https:\/\/420now.co\/fr-ca\/wp-json\/wp\/v2\/product_cat?post=18168"},{"taxonomy":"product_tag","embeddable":true,"href":"https:\/\/420now.co\/fr-ca\/wp-json\/wp\/v2\/product_tag?post=18168"}],"curies":[{"name":"wp","href":"https:\/\/api.w.org\/{rel}","templated":true}]}}