{"id":18169,"date":"2020-04-26T17:42:55","date_gmt":"2020-04-26T21:42:55","guid":{"rendered":"https:\/\/420now.co\/product\/marys-wellness-the-au-citron-60-mg-thc-6-mg-cbd\/"},"modified":"2026-02-08T18:19:01","modified_gmt":"2026-02-08T23:19:01","slug":"marys-wellness-the-au-citron-60-mg-thc-6-mg-cbd","status":"publish","type":"product","link":"https:\/\/420now.co\/fr-ca\/product\/marys-wellness-the-au-citron-60-mg-thc-6-mg-cbd\/","title":{"rendered":"Mary\u2019s Wellness Th\u00e9 au citron 60 mg THC 6 mg CBD"},"content":{"rendered":"<p>Tout tourne autour d\u2019ingr\u00e9dients sains. Les meilleurs th\u00e9s et le cannabis de la meilleure qualit\u00e9, provenant de producteurs r\u00e9put\u00e9s, pour assurer la meilleure exp\u00e9rience m\u00e9dicamenteuse. Les th\u00e9s crus utilis\u00e9s par Mary\u2019s Wellness proviennent des meilleures r\u00e9gions de culture au monde.<\/p>\n<p>De v\u00e9ritables artisans lorsqu\u2019il s\u2019agit de m\u00e9langer les saveurs les plus fantastiques.  <\/p>\n<p>Toutes les herbes de cannabis utilis\u00e9es dans nos produits proviennent de cultivateurs canadiens agr\u00e9\u00e9s exp\u00e9riment\u00e9s qui cultivent pour eux-m\u00eames et d\u2019autres patients m\u00e9dicaux depuis de nombreuses ann\u00e9es.  <\/p>\n<p>Tous les produits chez Mary\u2019s Wellness ont \u00e9t\u00e9 test\u00e9s en laboratoire pour leur puissance et leur puret\u00e9. Il y a beaucoup de gens qui souhaitent d\u00e9couvrir les bienfaits gu\u00e9risseurs du cannabis, mais qui pr\u00e9f\u00e8rent ne pas fumer. Les th\u00e9s infus\u00e9s au cannabis offrent une alternative s\u00e9curitaire pour ceux qui souhaitent int\u00e9grer la marijuana \u00e0 leur mode de vie sain.<\/p>\n<p>Prendre une tasse de th\u00e9 Mary\u2019s est un moyen id\u00e9al de se d\u00e9tendre et de se d\u00e9tendre.<\/p>\n<h2>\u00c0 propos de Mary\u2019s Wellness<\/h2>\n<p>Mary\u2019s Wellness, alias Mary\u2019s Java, est un producteur bien connu de comestibles au cannabis et a m\u00eame \u00e9t\u00e9 la vedette de <a href=\"https:\/\/www.cbc.ca\/dragonsden\/\" target=\"_blank\" rel=\"noopener\"><em>Dragon\u2019s<\/em><\/a> Den au Canada lorsque les investisseurs \u00e9taient tr\u00e8s int\u00e9ress\u00e9s \u00e0 participer \u00e0 la croissance de l\u2019entreprise. C\u2019\u00e9tait il y a quelques ann\u00e9es, alors qu\u2019on s\u2019attendait \u00e0 ce que le Canada l\u00e9galise compl\u00e8tement le cannabis et les produits comestibles et produits d\u00e9riv\u00e9s li\u00e9s au cannabis. Cependant, les choses ne se sont pas tout \u00e0 fait d\u00e9roul\u00e9es comme pr\u00e9vu et la r\u00e9glementation des comestibles \u00e9tait toujours en pr\u00e9paration.<\/p>\n<p>Aujourd\u2019hui, cette entreprise est tr\u00e8s respect\u00e9e pour \u00eatre un chef de file canadien et un pionnier dans le monde du cannabis comestible au Canada.  <\/p>\n<p>Les produits sont toujours tous tr\u00e8s appr\u00e9ci\u00e9s et respect\u00e9s.  <\/p>\n<p>Vous allez adorer n\u2019importe lequel des th\u00e9s Mary\u2019s Wellness!<\/p>\n<h2>Livraison gratuite en 2 heures dans la r\u00e9gion du Grand Toronto<\/h2>\n<p>Commandez tous les produits que nous vendons, y compris les th\u00e9s Mary\u2019s Wellness, avec une commande totale minimale de 100,00 $, et nous vous livrerons gratuitement dans les deux heures si vous commandez avant 20 h. Nos chauffeurs discrets sont pr\u00eats \u00e0 livrer \u00e0 votre porte dans tous les quartiers de la ville de Toronto, y compris North York, Scarborough, Etobicoke, Downtown Core, York, Weston, The Beaches et \u00e0 Markham, Richmond Hill, Vaughan, King, Aurora, Newmarket et Bradford. <\/p>\n<p>Vous pouvez choisir de payer contre remboursement ou par virement \u00e9lectronique.<\/p>\n<p>Pour les autres r\u00e9gions, nous pouvons exp\u00e9dier partout au Canada d\u00e8s r\u00e9ception de votre Virement Interac par courriel.<\/p>\n","protected":false},"excerpt":{"rendered":"<p>Si vous aimez le go\u00fbt du citron, vous allez adorer le th\u00e9 au citron infus\u00e9 Mary\u2019s Wellness \/ Mary\u2019s Java. Bien que Mary\u2019s n\u2019existe plus en tant que productrice de th\u00e9s infus\u00e9s \u00e0 l\u2019\u00e9poque, cette marque a frapp\u00e9 le march\u00e9 canadien comme une temp\u00eate lorsqu\u2019elle est arriv\u00e9e sur la sc\u00e8ne.   <\/p>\n<p>Mary\u2019s Wellness est connu pour ne s\u2019approvisionner que dans les meilleurs th\u00e9s de qualit\u00e9 gastronomique et pour mettre tout son amour dans un processus d\u2019infusion de THC qui garantit \u00e0 la fois la puissance et le plaisir de boire du th\u00e9.<\/p>\n<p>Essayez quelques-uns des bienfaits du th\u00e9 au citron de Mary.  <\/p>\n<p>Chaque sachet de th\u00e9 contient 60 mg de THC et 6 mg de CBD.<\/p>\n","protected":false},"featured_media":16600,"comment_status":"open","ping_status":"closed","template":"","meta":{"_acf_changed":false},"product_brand":[373],"product_cat":[224],"product_tag":[],"class_list":{"0":"post-18169","1":"product","2":"type-product","3":"status-publish","4":"has-post-thumbnail","6":"product_brand-marys-wellness","7":"product_cat-the","9":"first","10":"instock","11":"shipping-taxable","12":"purchasable","13":"product-type-simple"},"acf":[],"_links":{"self":[{"href":"https:\/\/420now.co\/fr-ca\/wp-json\/wp\/v2\/product\/18169","targetHints":{"allow":["GET"]}}],"collection":[{"href":"https:\/\/420now.co\/fr-ca\/wp-json\/wp\/v2\/product"}],"about":[{"href":"https:\/\/420now.co\/fr-ca\/wp-json\/wp\/v2\/types\/product"}],"replies":[{"embeddable":true,"href":"https:\/\/420now.co\/fr-ca\/wp-json\/wp\/v2\/comments?post=18169"}],"wp:featuredmedia":[{"embeddable":true,"href":"https:\/\/420now.co\/fr-ca\/wp-json\/wp\/v2\/media\/16600"}],"wp:attachment":[{"href":"https:\/\/420now.co\/fr-ca\/wp-json\/wp\/v2\/media?parent=18169"}],"wp:term":[{"taxonomy":"product_brand","embeddable":true,"href":"https:\/\/420now.co\/fr-ca\/wp-json\/wp\/v2\/product_brand?post=18169"},{"taxonomy":"product_cat","embeddable":true,"href":"https:\/\/420now.co\/fr-ca\/wp-json\/wp\/v2\/product_cat?post=18169"},{"taxonomy":"product_tag","embeddable":true,"href":"https:\/\/420now.co\/fr-ca\/wp-json\/wp\/v2\/product_tag?post=18169"}],"curies":[{"name":"wp","href":"https:\/\/api.w.org\/{rel}","templated":true}]}}