{"id":18171,"date":"2020-04-26T17:15:30","date_gmt":"2020-04-26T21:15:30","guid":{"rendered":"https:\/\/420now.co\/product\/cidre-de-pomme-marys-wellness-60-mg-thc-6-mg-cbd\/"},"modified":"2026-02-08T16:44:41","modified_gmt":"2026-02-08T21:44:41","slug":"cidre-de-pomme-marys-wellness-60-mg-thc-6-mg-cbd","status":"publish","type":"product","link":"https:\/\/420now.co\/fr-ca\/product\/cidre-de-pomme-marys-wellness-60-mg-thc-6-mg-cbd\/","title":{"rendered":"Mary\u2019s Wellness Cidre de pomme 60 mg THC 6 mg CBD"},"content":{"rendered":"","protected":false},"excerpt":{"rendered":"<p>La m\u00e9dication comestible avec de la marijuana en buvant ce d\u00e9licieux cidre est maintenant disponible. Profitez du go\u00fbt d\u00e9licieusement riche des pommes et de la cannelle, avec l\u2019avantage suppl\u00e9mentaire de r\u00e9duire la douleur et de soulager le stress. Il s\u2019agit d\u2019ingr\u00e9dients sains, provenant de producteurs r\u00e9put\u00e9s pour assurer la meilleure exp\u00e9rience m\u00e9dicamenteuse. Tous les produits de Mary\u2019s Wellness ont \u00e9t\u00e9 test\u00e9s en laboratoire pour leur puissance et leur puret\u00e9. De nombreuses personnes veulent profiter des bienfaits du cannabis, mais pr\u00e9f\u00e8rent ne pas fumer. Les th\u00e9s infus\u00e9s au cannabis offrent une alternative s\u00fbre pour ceux qui souhaitent incorporer la marijuana \u00e0 leur mode de vie sain.     <\/p>\n","protected":false},"featured_media":16591,"comment_status":"open","ping_status":"closed","template":"","meta":{"_acf_changed":false},"product_brand":[373],"product_cat":[224],"product_tag":[],"class_list":{"0":"post-18171","1":"product","2":"type-product","3":"status-publish","4":"has-post-thumbnail","6":"product_brand-marys-wellness","7":"product_cat-the","9":"first","10":"instock","11":"shipping-taxable","12":"purchasable","13":"product-type-simple"},"acf":[],"_links":{"self":[{"href":"https:\/\/420now.co\/fr-ca\/wp-json\/wp\/v2\/product\/18171","targetHints":{"allow":["GET"]}}],"collection":[{"href":"https:\/\/420now.co\/fr-ca\/wp-json\/wp\/v2\/product"}],"about":[{"href":"https:\/\/420now.co\/fr-ca\/wp-json\/wp\/v2\/types\/product"}],"replies":[{"embeddable":true,"href":"https:\/\/420now.co\/fr-ca\/wp-json\/wp\/v2\/comments?post=18171"}],"wp:featuredmedia":[{"embeddable":true,"href":"https:\/\/420now.co\/fr-ca\/wp-json\/wp\/v2\/media\/16591"}],"wp:attachment":[{"href":"https:\/\/420now.co\/fr-ca\/wp-json\/wp\/v2\/media?parent=18171"}],"wp:term":[{"taxonomy":"product_brand","embeddable":true,"href":"https:\/\/420now.co\/fr-ca\/wp-json\/wp\/v2\/product_brand?post=18171"},{"taxonomy":"product_cat","embeddable":true,"href":"https:\/\/420now.co\/fr-ca\/wp-json\/wp\/v2\/product_cat?post=18171"},{"taxonomy":"product_tag","embeddable":true,"href":"https:\/\/420now.co\/fr-ca\/wp-json\/wp\/v2\/product_tag?post=18171"}],"curies":[{"name":"wp","href":"https:\/\/api.w.org\/{rel}","templated":true}]}}