{"id":18173,"date":"2020-04-29T07:18:57","date_gmt":"2020-04-29T07:18:57","guid":{"rendered":"https:\/\/420now.co\/product\/stylo-a-vape-ego\/"},"modified":"2026-02-07T11:20:03","modified_gmt":"2026-02-07T16:20:03","slug":"stylo-a-vape-ego","status":"publish","type":"product","link":"https:\/\/420now.co\/fr-ca\/product\/stylo-a-vape-ego\/","title":{"rendered":"Ego Stylo \u00e0 vape"},"content":{"rendered":"","protected":false},"excerpt":{"rendered":"<p>Appareil de vaporisation magnifiquement con\u00e7u qui utilise le chipset VooPoo avanc\u00e9 pour lui donner une pr\u00e9cision et une qualit\u00e9 incroyables pour chaque inhalation.50.00<\/p>\n<p>\u00c9PUIS\u00c9<\/p>\n","protected":false},"featured_media":16620,"comment_status":"open","ping_status":"closed","template":"","meta":{"_acf_changed":false},"product_brand":[],"product_cat":[282],"product_tag":[],"class_list":{"0":"post-18173","1":"product","2":"type-product","3":"status-publish","4":"has-post-thumbnail","6":"product_cat-trousse-de-demarrage","8":"first","9":"outofstock","10":"shipping-taxable","11":"purchasable","12":"product-type-simple"},"acf":[],"_links":{"self":[{"href":"https:\/\/420now.co\/fr-ca\/wp-json\/wp\/v2\/product\/18173","targetHints":{"allow":["GET"]}}],"collection":[{"href":"https:\/\/420now.co\/fr-ca\/wp-json\/wp\/v2\/product"}],"about":[{"href":"https:\/\/420now.co\/fr-ca\/wp-json\/wp\/v2\/types\/product"}],"replies":[{"embeddable":true,"href":"https:\/\/420now.co\/fr-ca\/wp-json\/wp\/v2\/comments?post=18173"}],"wp:featuredmedia":[{"embeddable":true,"href":"https:\/\/420now.co\/fr-ca\/wp-json\/wp\/v2\/media\/16620"}],"wp:attachment":[{"href":"https:\/\/420now.co\/fr-ca\/wp-json\/wp\/v2\/media?parent=18173"}],"wp:term":[{"taxonomy":"product_brand","embeddable":true,"href":"https:\/\/420now.co\/fr-ca\/wp-json\/wp\/v2\/product_brand?post=18173"},{"taxonomy":"product_cat","embeddable":true,"href":"https:\/\/420now.co\/fr-ca\/wp-json\/wp\/v2\/product_cat?post=18173"},{"taxonomy":"product_tag","embeddable":true,"href":"https:\/\/420now.co\/fr-ca\/wp-json\/wp\/v2\/product_tag?post=18173"}],"curies":[{"name":"wp","href":"https:\/\/api.w.org\/{rel}","templated":true}]}}