{"id":18181,"date":"2020-04-29T07:24:01","date_gmt":"2020-04-29T07:24:01","guid":{"rendered":"https:\/\/420now.co\/product\/clover-pipe-a-eau-en-verre\/"},"modified":"2026-02-07T11:18:08","modified_gmt":"2026-02-07T16:18:08","slug":"clover-pipe-a-eau-en-verre","status":"publish","type":"product","link":"https:\/\/420now.co\/fr-ca\/product\/clover-pipe-a-eau-en-verre\/","title":{"rendered":"Clover &#8211; Pipe \u00e0 eau en verre"},"content":{"rendered":"<p>Vous allez adorer cette pipe \u00e0 eau en verre &#8211; verre de haute qualit\u00e9 de Clover.<\/p>\n","protected":false},"excerpt":{"rendered":"<p>Vous allez adorer cette pipe \u00e0 eau en verre &#8211; verre de haute qualit\u00e9 de Clover.<\/p>\n","protected":false},"featured_media":17671,"comment_status":"open","ping_status":"closed","template":"","meta":{"_acf_changed":false},"product_brand":[],"product_cat":[256,257],"product_tag":[],"class_list":{"0":"post-18181","1":"product","2":"type-product","3":"status-publish","4":"has-post-thumbnail","6":"product_cat-attirail","7":"product_cat-bongs-et-pipes","9":"first","10":"instock","11":"shipping-taxable","12":"purchasable","13":"product-type-simple"},"acf":[],"_links":{"self":[{"href":"https:\/\/420now.co\/fr-ca\/wp-json\/wp\/v2\/product\/18181","targetHints":{"allow":["GET"]}}],"collection":[{"href":"https:\/\/420now.co\/fr-ca\/wp-json\/wp\/v2\/product"}],"about":[{"href":"https:\/\/420now.co\/fr-ca\/wp-json\/wp\/v2\/types\/product"}],"replies":[{"embeddable":true,"href":"https:\/\/420now.co\/fr-ca\/wp-json\/wp\/v2\/comments?post=18181"}],"wp:featuredmedia":[{"embeddable":true,"href":"https:\/\/420now.co\/fr-ca\/wp-json\/wp\/v2\/media\/17671"}],"wp:attachment":[{"href":"https:\/\/420now.co\/fr-ca\/wp-json\/wp\/v2\/media?parent=18181"}],"wp:term":[{"taxonomy":"product_brand","embeddable":true,"href":"https:\/\/420now.co\/fr-ca\/wp-json\/wp\/v2\/product_brand?post=18181"},{"taxonomy":"product_cat","embeddable":true,"href":"https:\/\/420now.co\/fr-ca\/wp-json\/wp\/v2\/product_cat?post=18181"},{"taxonomy":"product_tag","embeddable":true,"href":"https:\/\/420now.co\/fr-ca\/wp-json\/wp\/v2\/product_tag?post=18181"}],"curies":[{"name":"wp","href":"https:\/\/api.w.org\/{rel}","templated":true}]}}