{"id":18183,"date":"2020-04-26T21:39:52","date_gmt":"2020-04-27T01:39:52","guid":{"rendered":"https:\/\/420now.co\/product\/capsules-rso-10-x-25-ml\/"},"modified":"2025-04-11T12:03:58","modified_gmt":"2025-04-11T16:03:58","slug":"capsules-rso-10-x-25-ml","status":"publish","type":"product","link":"https:\/\/420now.co\/fr-ca\/product\/capsules-rso-10-x-25-ml\/","title":{"rendered":"Herb Angels Capsules RSO 10 x 25 ml"},"content":{"rendered":"","protected":false},"excerpt":{"rendered":"<p>Capsules de suppl\u00e9ment alimentaire RSO 10 x 25 mg par capsule Concentr\u00e9 de cannabis \u00e0 spectre complet fabriqu\u00e9 avec de l\u2019huile de chanvre biologique. Capsule v\u00e9g\u00e9talienne <\/p>\n","protected":false},"featured_media":16617,"comment_status":"open","ping_status":"closed","template":"","meta":{"_acf_changed":false},"product_brand":[],"product_cat":[218,233],"product_tag":[],"class_list":{"0":"post-18183","1":"product","2":"type-product","3":"status-publish","4":"has-post-thumbnail","6":"product_cat-comprimes-et-capsules","7":"product_cat-huiles-comestibles","9":"first","10":"instock","11":"shipping-taxable","12":"purchasable","13":"product-type-simple"},"acf":[],"_links":{"self":[{"href":"https:\/\/420now.co\/fr-ca\/wp-json\/wp\/v2\/product\/18183","targetHints":{"allow":["GET"]}}],"collection":[{"href":"https:\/\/420now.co\/fr-ca\/wp-json\/wp\/v2\/product"}],"about":[{"href":"https:\/\/420now.co\/fr-ca\/wp-json\/wp\/v2\/types\/product"}],"replies":[{"embeddable":true,"href":"https:\/\/420now.co\/fr-ca\/wp-json\/wp\/v2\/comments?post=18183"}],"wp:featuredmedia":[{"embeddable":true,"href":"https:\/\/420now.co\/fr-ca\/wp-json\/wp\/v2\/media\/16617"}],"wp:attachment":[{"href":"https:\/\/420now.co\/fr-ca\/wp-json\/wp\/v2\/media?parent=18183"}],"wp:term":[{"taxonomy":"product_brand","embeddable":true,"href":"https:\/\/420now.co\/fr-ca\/wp-json\/wp\/v2\/product_brand?post=18183"},{"taxonomy":"product_cat","embeddable":true,"href":"https:\/\/420now.co\/fr-ca\/wp-json\/wp\/v2\/product_cat?post=18183"},{"taxonomy":"product_tag","embeddable":true,"href":"https:\/\/420now.co\/fr-ca\/wp-json\/wp\/v2\/product_tag?post=18183"}],"curies":[{"name":"wp","href":"https:\/\/api.w.org\/{rel}","templated":true}]}}