{"id":18187,"date":"2020-04-26T21:43:27","date_gmt":"2020-04-27T01:43:27","guid":{"rendered":"https:\/\/420now.co\/product\/herb-angels-cbd-vitamine-c-10x10mg-capsules\/"},"modified":"2025-04-11T09:43:44","modified_gmt":"2025-04-11T13:43:44","slug":"herb-angels-cbd-vitamine-c-10x10mg-capsules","status":"publish","type":"product","link":"https:\/\/420now.co\/fr-ca\/product\/herb-angels-cbd-vitamine-c-10x10mg-capsules\/","title":{"rendered":"Herb Angels CBD + Vitamine C 10x10mg Capsules"},"content":{"rendered":"<p>CB2 : CBD + Vitamine C 10x10mg CBD sp\u00e9cialement formul\u00e9 et vitamine C stimulant le syst\u00e8me immunitaire. 10mg de cannabidiol pur par capsule. Capsules v\u00e9g\u00e9taliennes. Excellent pour la plupart des utilisateurs. Test\u00e9 en laboratoire et assur\u00e9 pour la coh\u00e9rence et la gestion du dosage.   <\/p>\n<p>Herb Angels propose des capsules de CBD non psychotropes et th\u00e9rapeutiques ainsi que de la vitamine C qui peut aider \u00e0 r\u00e9duire la douleur, les spasmes, les maux de t\u00eate, les naus\u00e9es et la neuropathie p\u00e9riph\u00e9rique. Les capsules de CBD offrent les m\u00eames avantages avec un contr\u00f4le pr\u00e9cis du dosage. Les capsules orales de cannabidiol (CBD) sont un compl\u00e9ment alimentaire cr\u00e9\u00e9 \u00e0 partir de chanvre industriel. Les produits \u00e0 base de chanvre ont des propri\u00e9t\u00e9s anti-inflammatoires et peuvent aider \u00e0 soulager les douleurs aigu\u00ebs et chroniques. 96,5% de CBD pur    <\/p>\n<ul>\n<li>Immune Boost<br \/>\nAnti-Anxi\u00e9t\u00e9<\/p>\n<li>Anti-Inflammatoire\n<li>Non Psychotrope\n<li>Test\u00e9 en laboratoire\n<li>\n<\/ul>\n<h2>Avantages du CBD avec vitamine C<\/h2>\n<p>La vitamine C, ou acide ascorbique, est une vitamine dont le corps humain a besoin par la suppl\u00e9mentation ou l\u2019alimentation. Les humains sont incapables de fabriquer de la vitamine C par eux-m\u00eames (contrairement aux autres esp\u00e8ces animales).   <\/p>\n<p>L\u2019un des avantages de la vitamine C avec l\u2019huile de CBD est qu\u2019il semble que la vitamine C soit en synergie avec le CBD et puisse aider votre corps \u00e0 absorber et \u00e0 utiliser plus efficacement le CBD! C\u2019est pourquoi il existe cette excellente formulation de 10 mg de vitamine C avec 10 mg de CBD. Les prendre en m\u00eame temps a des effets b\u00e9n\u00e9fiques.  <\/p>\n<p>Si vous vivez dans la r\u00e9gion du Grand Toronto, nous pouvons livrer votre CBD avec de la vitamine C en 2 heures &#8211; livraison gratuite avec une commande de plus de 100,00 de n\u2019importe lequel de nos produits!<\/p>\n","protected":false},"excerpt":{"rendered":"<p>CB2 : CBD + Vitamine C 10x10mg CBD sp\u00e9cialement formul\u00e9 et vitamine C stimulant le syst\u00e8me immunitaire. 10mg de cannabidiol pur par capsule. Capsules v\u00e9g\u00e9taliennes. Excellent pour la plupart des utilisateurs. Test\u00e9 en laboratoire et assur\u00e9 pour la coh\u00e9rence et la gestion du dosage.   <\/p>\n","protected":false},"featured_media":16618,"comment_status":"open","ping_status":"closed","template":"","meta":{"_acf_changed":false},"product_brand":[],"product_cat":[208,218,233],"product_tag":[],"class_list":{"0":"post-18187","1":"product","2":"type-product","3":"status-publish","4":"has-post-thumbnail","6":"product_cat-cbd-fr-ca","7":"product_cat-comprimes-et-capsules","8":"product_cat-huiles-comestibles","10":"first","11":"instock","12":"shipping-taxable","13":"purchasable","14":"product-type-simple"},"acf":[],"_links":{"self":[{"href":"https:\/\/420now.co\/fr-ca\/wp-json\/wp\/v2\/product\/18187","targetHints":{"allow":["GET"]}}],"collection":[{"href":"https:\/\/420now.co\/fr-ca\/wp-json\/wp\/v2\/product"}],"about":[{"href":"https:\/\/420now.co\/fr-ca\/wp-json\/wp\/v2\/types\/product"}],"replies":[{"embeddable":true,"href":"https:\/\/420now.co\/fr-ca\/wp-json\/wp\/v2\/comments?post=18187"}],"wp:featuredmedia":[{"embeddable":true,"href":"https:\/\/420now.co\/fr-ca\/wp-json\/wp\/v2\/media\/16618"}],"wp:attachment":[{"href":"https:\/\/420now.co\/fr-ca\/wp-json\/wp\/v2\/media?parent=18187"}],"wp:term":[{"taxonomy":"product_brand","embeddable":true,"href":"https:\/\/420now.co\/fr-ca\/wp-json\/wp\/v2\/product_brand?post=18187"},{"taxonomy":"product_cat","embeddable":true,"href":"https:\/\/420now.co\/fr-ca\/wp-json\/wp\/v2\/product_cat?post=18187"},{"taxonomy":"product_tag","embeddable":true,"href":"https:\/\/420now.co\/fr-ca\/wp-json\/wp\/v2\/product_tag?post=18187"}],"curies":[{"name":"wp","href":"https:\/\/api.w.org\/{rel}","templated":true}]}}