{"id":18191,"date":"2020-04-26T17:36:09","date_gmt":"2020-04-26T21:36:09","guid":{"rendered":"https:\/\/420now.co\/product\/marys-wellness-the-vert-au-gingembre-60-mg-thc-6-mg-cbd\/"},"modified":"2026-02-08T17:00:17","modified_gmt":"2026-02-08T22:00:17","slug":"marys-wellness-the-vert-au-gingembre-60-mg-thc-6-mg-cbd","status":"publish","type":"product","link":"https:\/\/420now.co\/fr-ca\/product\/marys-wellness-the-vert-au-gingembre-60-mg-thc-6-mg-cbd\/","title":{"rendered":"Mary\u2019s Wellness Th\u00e9 vert au gingembre 60 mg THC 6 mg CBD"},"content":{"rendered":"","protected":false},"excerpt":{"rendered":"<p>Tout tourne autour d\u2019ingr\u00e9dients sains. Les meilleurs th\u00e9s et le cannabis de la meilleure qualit\u00e9, provenant de producteurs r\u00e9put\u00e9s, pour assurer la meilleure exp\u00e9rience m\u00e9dicamenteuse. Les th\u00e9s crus que nous utilisons proviennent des meilleures r\u00e9gions de culture au monde. De vrais artisans quand il s\u2019agit de m\u00e9langer les saveurs les plus fantastiques. Toutes les herbes utilis\u00e9es dans nos produits proviennent de producteurs canadiens agr\u00e9\u00e9s exp\u00e9riment\u00e9s qui cultivent pour eux-m\u00eames et pour d\u2019autres patients depuis de nombreuses ann\u00e9es. Tous les produits de Mary\u2019s Wellness ont \u00e9t\u00e9 test\u00e9s en laboratoire pour leur puissance et leur puret\u00e9. De nombreuses personnes veulent profiter des bienfaits du cannabis, mais pr\u00e9f\u00e8rent ne pas fumer. Les th\u00e9s infus\u00e9s au cannabis offrent une alternative s\u00fbre pour ceux qui souhaitent incorporer la marijuana \u00e0 leur mode de vie sain.   <\/p>\n","protected":false},"featured_media":16598,"comment_status":"open","ping_status":"closed","template":"","meta":{"_acf_changed":false},"product_brand":[373],"product_cat":[224],"product_tag":[],"class_list":{"0":"post-18191","1":"product","2":"type-product","3":"status-publish","4":"has-post-thumbnail","6":"product_brand-marys-wellness","7":"product_cat-the","9":"first","10":"instock","11":"shipping-taxable","12":"purchasable","13":"product-type-simple"},"acf":[],"_links":{"self":[{"href":"https:\/\/420now.co\/fr-ca\/wp-json\/wp\/v2\/product\/18191","targetHints":{"allow":["GET"]}}],"collection":[{"href":"https:\/\/420now.co\/fr-ca\/wp-json\/wp\/v2\/product"}],"about":[{"href":"https:\/\/420now.co\/fr-ca\/wp-json\/wp\/v2\/types\/product"}],"replies":[{"embeddable":true,"href":"https:\/\/420now.co\/fr-ca\/wp-json\/wp\/v2\/comments?post=18191"}],"wp:featuredmedia":[{"embeddable":true,"href":"https:\/\/420now.co\/fr-ca\/wp-json\/wp\/v2\/media\/16598"}],"wp:attachment":[{"href":"https:\/\/420now.co\/fr-ca\/wp-json\/wp\/v2\/media?parent=18191"}],"wp:term":[{"taxonomy":"product_brand","embeddable":true,"href":"https:\/\/420now.co\/fr-ca\/wp-json\/wp\/v2\/product_brand?post=18191"},{"taxonomy":"product_cat","embeddable":true,"href":"https:\/\/420now.co\/fr-ca\/wp-json\/wp\/v2\/product_cat?post=18191"},{"taxonomy":"product_tag","embeddable":true,"href":"https:\/\/420now.co\/fr-ca\/wp-json\/wp\/v2\/product_tag?post=18191"}],"curies":[{"name":"wp","href":"https:\/\/api.w.org\/{rel}","templated":true}]}}