{"id":18208,"date":"2020-05-02T14:58:18","date_gmt":"2020-05-02T18:58:18","guid":{"rendered":"https:\/\/420now.co\/product\/seringue-rso-500ml-a-spectre-complet\/"},"modified":"2025-10-09T11:52:25","modified_gmt":"2025-10-09T15:52:25","slug":"seringue-rso-500ml-a-spectre-complet","status":"publish","type":"product","link":"https:\/\/420now.co\/fr-ca\/product\/seringue-rso-500ml-a-spectre-complet\/","title":{"rendered":"HERB ANGELS Seringue RSO 500ml \u00e0 spectre complet"},"content":{"rendered":"","protected":false},"excerpt":{"rendered":"<p>500 mg d\u2019extrait de cannabis \u00e0 spectre complet emball\u00e9 dans une seringue orale. Peut \u00eatre utilis\u00e9 comme additif alimentaire, consomm\u00e9 par voie sublinguale ou vaporis\u00e9. Le m\u00e9dicament est compl\u00e8tement d\u00e9carboxyl\u00e9 et peut \u00eatre utilis\u00e9 directement de l\u2019applicateur, par voie sublinguale ou orale, dans un vaporisateur ou en le peignant sur les bourgeons dans un bol. TENIR \u00c0 L\u2019\u00c9CART DES ENFANTS ET DES ANIMAUX DOMESTIQUES. Pour un usage adulte seulement. Disponible en 500 mg et 1000 mg     <\/p>\n","protected":false},"featured_media":16672,"comment_status":"open","ping_status":"closed","template":"","meta":{"_acf_changed":false},"product_brand":[],"product_cat":[212],"product_tag":[],"class_list":{"0":"post-18208","1":"product","2":"type-product","3":"status-publish","4":"has-post-thumbnail","6":"product_cat-seringues-a-distillat","8":"first","9":"instock","10":"shipping-taxable","11":"purchasable","12":"product-type-simple"},"acf":[],"_links":{"self":[{"href":"https:\/\/420now.co\/fr-ca\/wp-json\/wp\/v2\/product\/18208","targetHints":{"allow":["GET"]}}],"collection":[{"href":"https:\/\/420now.co\/fr-ca\/wp-json\/wp\/v2\/product"}],"about":[{"href":"https:\/\/420now.co\/fr-ca\/wp-json\/wp\/v2\/types\/product"}],"replies":[{"embeddable":true,"href":"https:\/\/420now.co\/fr-ca\/wp-json\/wp\/v2\/comments?post=18208"}],"wp:featuredmedia":[{"embeddable":true,"href":"https:\/\/420now.co\/fr-ca\/wp-json\/wp\/v2\/media\/16672"}],"wp:attachment":[{"href":"https:\/\/420now.co\/fr-ca\/wp-json\/wp\/v2\/media?parent=18208"}],"wp:term":[{"taxonomy":"product_brand","embeddable":true,"href":"https:\/\/420now.co\/fr-ca\/wp-json\/wp\/v2\/product_brand?post=18208"},{"taxonomy":"product_cat","embeddable":true,"href":"https:\/\/420now.co\/fr-ca\/wp-json\/wp\/v2\/product_cat?post=18208"},{"taxonomy":"product_tag","embeddable":true,"href":"https:\/\/420now.co\/fr-ca\/wp-json\/wp\/v2\/product_tag?post=18208"}],"curies":[{"name":"wp","href":"https:\/\/api.w.org\/{rel}","templated":true}]}}