{"id":18210,"date":"2020-05-02T13:52:00","date_gmt":"2020-05-02T17:52:00","guid":{"rendered":"https:\/\/420now.co\/product\/distillat-quantique-1000ml-thc\/"},"modified":"2025-10-09T11:56:32","modified_gmt":"2025-10-09T15:56:32","slug":"distillat-quantique-1000ml-thc","status":"publish","type":"product","link":"https:\/\/420now.co\/fr-ca\/product\/distillat-quantique-1000ml-thc\/","title":{"rendered":"QUANTUM Distillat 1000ml THC"},"content":{"rendered":"","protected":false},"excerpt":{"rendered":"<p>Distillat de 1000 mg de THC emball\u00e9 dans une seringue orale. Non dilu\u00e9 et non aromatis\u00e9. Disponible en version naturelle ou aromatis\u00e9e. Extrait brut de cannabis de plante enti\u00e8re. \u00c0 l\u2019aide d\u2019une distillation fractionn\u00e9e, les cannabino\u00efdes sont retir\u00e9s des terp\u00e8nes et de la cire pour obtenir du THC pur. Les produits enti\u00e8rement naturels d\u00e9riv\u00e9s du cannabis sont anti-inflammatoires et peuvent aider \u00e0 soulager les douleurs aigu\u00ebs et chroniques. Produit Contient du cannabis m\u00e9dical qui peut causer des effets intoxicants.        <\/p>\n<p>TENIR \u00c0 L\u2019\u00c9CART DES ENFANTS ET DES ANIMAUX DOMESTIQUES. Pour un usage adulte seulement.  Test\u00e9 en laboratoire<\/p>\n","protected":false},"featured_media":16665,"comment_status":"open","ping_status":"closed","template":"","meta":{"_acf_changed":false},"product_brand":[],"product_cat":[212],"product_tag":[],"class_list":{"0":"post-18210","1":"product","2":"type-product","3":"status-publish","4":"has-post-thumbnail","6":"product_cat-seringues-a-distillat","8":"first","9":"instock","10":"shipping-taxable","11":"purchasable","12":"product-type-simple"},"acf":[],"_links":{"self":[{"href":"https:\/\/420now.co\/fr-ca\/wp-json\/wp\/v2\/product\/18210","targetHints":{"allow":["GET"]}}],"collection":[{"href":"https:\/\/420now.co\/fr-ca\/wp-json\/wp\/v2\/product"}],"about":[{"href":"https:\/\/420now.co\/fr-ca\/wp-json\/wp\/v2\/types\/product"}],"replies":[{"embeddable":true,"href":"https:\/\/420now.co\/fr-ca\/wp-json\/wp\/v2\/comments?post=18210"}],"wp:featuredmedia":[{"embeddable":true,"href":"https:\/\/420now.co\/fr-ca\/wp-json\/wp\/v2\/media\/16665"}],"wp:attachment":[{"href":"https:\/\/420now.co\/fr-ca\/wp-json\/wp\/v2\/media?parent=18210"}],"wp:term":[{"taxonomy":"product_brand","embeddable":true,"href":"https:\/\/420now.co\/fr-ca\/wp-json\/wp\/v2\/product_brand?post=18210"},{"taxonomy":"product_cat","embeddable":true,"href":"https:\/\/420now.co\/fr-ca\/wp-json\/wp\/v2\/product_cat?post=18210"},{"taxonomy":"product_tag","embeddable":true,"href":"https:\/\/420now.co\/fr-ca\/wp-json\/wp\/v2\/product_tag?post=18210"}],"curies":[{"name":"wp","href":"https:\/\/api.w.org\/{rel}","templated":true}]}}