{"id":18212,"date":"2020-05-02T14:08:57","date_gmt":"2020-05-02T18:08:57","guid":{"rendered":"https:\/\/420now.co\/product\/moon-rock-1gr\/"},"modified":"2026-03-12T20:33:58","modified_gmt":"2026-03-13T00:33:58","slug":"moon-rock-1gr","status":"publish","type":"product","link":"https:\/\/420now.co\/fr-ca\/product\/moon-rock-1gr\/","title":{"rendered":"Moon Rock 1gr"},"content":{"rendered":"","protected":false},"excerpt":{"rendered":"<p>Les Moon Rocks sont des bourgeons de cannabis au THC tremp\u00e9s dans de l\u2019huile de haschisch, puis roul\u00e9s dans du kief. Bien que la puissance de chaque lot de Moon Rocks varie et d\u00e9pende de la fa\u00e7on dont il est fabriqu\u00e9, le consensus g\u00e9n\u00e9ral est qu\u2019ils tournent autour de 54% de THC. Frapper Moon Rocks produit un go\u00fbt de kief extr\u00eamement agr\u00e9able et riche en terp\u00e8nes qui vous fait dire : \u00ab Woooo, c\u2019est d\u00e9licieux \u00bb. Les nuages de fum\u00e9e produits sont super gros et pleins, donc chaque coup est sacr\u00e9ment proche de sa propre exp\u00e9rience.   <\/p>\n","protected":false},"featured_media":17438,"comment_status":"open","ping_status":"closed","template":"","meta":{"_acf_changed":false},"product_brand":[],"product_cat":[251],"product_tag":[],"class_list":{"0":"post-18212","1":"product","2":"type-product","3":"status-publish","4":"has-post-thumbnail","6":"product_cat-moon-rocks-fr-ca","8":"first","9":"instock","10":"shipping-taxable","11":"purchasable","12":"product-type-simple"},"acf":[],"_links":{"self":[{"href":"https:\/\/420now.co\/fr-ca\/wp-json\/wp\/v2\/product\/18212","targetHints":{"allow":["GET"]}}],"collection":[{"href":"https:\/\/420now.co\/fr-ca\/wp-json\/wp\/v2\/product"}],"about":[{"href":"https:\/\/420now.co\/fr-ca\/wp-json\/wp\/v2\/types\/product"}],"replies":[{"embeddable":true,"href":"https:\/\/420now.co\/fr-ca\/wp-json\/wp\/v2\/comments?post=18212"}],"wp:featuredmedia":[{"embeddable":true,"href":"https:\/\/420now.co\/fr-ca\/wp-json\/wp\/v2\/media\/17438"}],"wp:attachment":[{"href":"https:\/\/420now.co\/fr-ca\/wp-json\/wp\/v2\/media?parent=18212"}],"wp:term":[{"taxonomy":"product_brand","embeddable":true,"href":"https:\/\/420now.co\/fr-ca\/wp-json\/wp\/v2\/product_brand?post=18212"},{"taxonomy":"product_cat","embeddable":true,"href":"https:\/\/420now.co\/fr-ca\/wp-json\/wp\/v2\/product_cat?post=18212"},{"taxonomy":"product_tag","embeddable":true,"href":"https:\/\/420now.co\/fr-ca\/wp-json\/wp\/v2\/product_tag?post=18212"}],"curies":[{"name":"wp","href":"https:\/\/api.w.org\/{rel}","templated":true}]}}