{"id":18215,"date":"2020-05-02T08:23:06","date_gmt":"2020-05-02T12:23:06","guid":{"rendered":"https:\/\/420now.co\/product\/distillat-quantique-11-cbdthc-1000mg-arome-naturel\/"},"modified":"2025-10-09T11:56:30","modified_gmt":"2025-10-09T15:56:30","slug":"distillat-quantique-11-cbdthc-1000mg-arome-naturel","status":"publish","type":"product","link":"https:\/\/420now.co\/fr-ca\/product\/distillat-quantique-11-cbdthc-1000mg-arome-naturel\/","title":{"rendered":"QUANTUM Distillat 1:1 CBD+THC 1000mg &#8211; Ar\u00f4me naturel"},"content":{"rendered":"<h2>Distillat de THC CBD Quantum en seringue<\/h2>\n<p>Il s\u2019agit d\u2019un m\u00e9lange pur de CBD\/THC extrait du cannabis \u00e0 l\u2019aide de la m\u00e9thode de distillation fractionn\u00e9e. La distillation fractionn\u00e9e implique de la chaleur et la connaissance de la temp\u00e9rature \u00e0 laquelle les compos\u00e9s s\u2019\u00e9vaporeront. De cette fa\u00e7on, le THC et le CBD purs sont extraits et s\u00e9par\u00e9s des autres compos\u00e9s chimiques des plantes de cannabis\/chanvre, laissant un m\u00e9lange totalement pur de THC et de CBD. Aucun terp\u00e8ne, cire ou autre compos\u00e9 chimique ne se trouve dans le distillat r\u00e9sultant.   <\/p>\n<p>La distillation fractionn\u00e9e garantit un produit sans solvant.<\/p>\n<p>Ce produit est livr\u00e9 dans une seringue orale &#8211; fournissant un dosage pr\u00e9cis.<\/p>\n<h2>Utilisations de la seringue de distillat de THC CBD Quantum<\/h2>\n<p>De nombreuses personnes ont signal\u00e9 d\u2019excellents r\u00e9sultats avec la douleur chronique, les troubles du sommeil, l\u2019inflammation, la fatigue mentale et le syndrome de fatigue chronique. Veuillez noter que nous ne fournissons pas de conseils m\u00e9dicaux; Vous devriez consulter votre m\u00e9decin. <\/p>\n<h2>Distillat quantique &#8211; Livraison gratuite dans la r\u00e9gion du Grand Toronto<\/h2>\n<p>420Now Weed Delivery offre une livraison gratuite en 2 heures pour les commandes de plus de 100,00 $ dans la r\u00e9gion du Grand Toronto (RGT). Commandez en ligne, appelez ou envoyez un texto avant 20 h et vous recevrez votre commande le jour m\u00eame, dans les 2 heures. Cela comprend la livraison du distillat de CBD\/THC Quantum en seringue &#8211; et vous pouvez m\u00e9langer et assortir les produits de notre site Web pour atteindre le montant minimum de commande.  <\/p>\n<p style=\"text-align: center;\"><strong>La livraison gratuite dans la r\u00e9gion du Grand Toronto comprend Toronto, Vaughan, Richmond Hill, Thornhill, Markham, Newmarket, Aurora, Caledon, Bolton, Unionville, North York, Scarborough, Etobicoke, Mississauga, Brampton, King (City) <a href=\"https:\/\/420now.co\/fr-ca\/region-du-grand-toronto-rgt-livraison-gratuite\/\">Township \u2013 voir notre couverture compl\u00e8te ici<\/a>.<\/strong><\/p>\n","protected":false},"excerpt":{"rendered":"<p>M\u00e9lange de 1000 mg de distillat de THC\/CBD emball\u00e9 dans une seringue orale.<\/p>\n<p>Non dilu\u00e9 et non aromatis\u00e9. Disponible en version naturelle ou aromatis\u00e9e. Extrait brut de cannabis de plante enti\u00e8re. \u00c0 l\u2019aide d\u2019une distillation fractionn\u00e9e, les cannabino\u00efdes sont retir\u00e9s des terp\u00e8nes et de la cire pour obtenir du THC pur. Les produits enti\u00e8rement naturels d\u00e9riv\u00e9s du cannabis sont anti-inflammatoires et peuvent aider \u00e0 soulager les douleurs aigu\u00ebs et chroniques. Le produit contient du cannabis m\u00e9dical qui peut causer des effets intoxicants.     <\/p>\n<p>Saveur : Naturelle<\/p>\n","protected":false},"featured_media":16663,"comment_status":"open","ping_status":"closed","template":"","meta":{"_acf_changed":false},"product_brand":[],"product_cat":[208,212],"product_tag":[],"class_list":{"0":"post-18215","1":"product","2":"type-product","3":"status-publish","4":"has-post-thumbnail","6":"product_cat-cbd-fr-ca","7":"product_cat-seringues-a-distillat","9":"first","10":"instock","11":"shipping-taxable","12":"purchasable","13":"product-type-simple"},"acf":[],"_links":{"self":[{"href":"https:\/\/420now.co\/fr-ca\/wp-json\/wp\/v2\/product\/18215","targetHints":{"allow":["GET"]}}],"collection":[{"href":"https:\/\/420now.co\/fr-ca\/wp-json\/wp\/v2\/product"}],"about":[{"href":"https:\/\/420now.co\/fr-ca\/wp-json\/wp\/v2\/types\/product"}],"replies":[{"embeddable":true,"href":"https:\/\/420now.co\/fr-ca\/wp-json\/wp\/v2\/comments?post=18215"}],"wp:featuredmedia":[{"embeddable":true,"href":"https:\/\/420now.co\/fr-ca\/wp-json\/wp\/v2\/media\/16663"}],"wp:attachment":[{"href":"https:\/\/420now.co\/fr-ca\/wp-json\/wp\/v2\/media?parent=18215"}],"wp:term":[{"taxonomy":"product_brand","embeddable":true,"href":"https:\/\/420now.co\/fr-ca\/wp-json\/wp\/v2\/product_brand?post=18215"},{"taxonomy":"product_cat","embeddable":true,"href":"https:\/\/420now.co\/fr-ca\/wp-json\/wp\/v2\/product_cat?post=18215"},{"taxonomy":"product_tag","embeddable":true,"href":"https:\/\/420now.co\/fr-ca\/wp-json\/wp\/v2\/product_tag?post=18215"}],"curies":[{"name":"wp","href":"https:\/\/api.w.org\/{rel}","templated":true}]}}