{"id":18221,"date":"2020-05-02T14:05:46","date_gmt":"2020-05-02T18:05:46","guid":{"rendered":"https:\/\/420now.co\/product\/distillat-quantique-11-cbdthc-500ml\/"},"modified":"2025-10-09T11:52:35","modified_gmt":"2025-10-09T15:52:35","slug":"distillat-quantique-11-cbdthc-500ml","status":"publish","type":"product","link":"https:\/\/420now.co\/fr-ca\/product\/distillat-quantique-11-cbdthc-500ml\/","title":{"rendered":"QUANTUM Distillat 1:1 CBD+THC 500ml"},"content":{"rendered":"<p>Distillat de CBD + THC emball\u00e9 dans une seringue orale. Non dilu\u00e9 et non aromatis\u00e9. Disponible en version naturelle ou aromatis\u00e9e. Extrait de cannabis brut\/cru de plante enti\u00e8re. \u00c0 l\u2019aide d\u2019une distillation fractionn\u00e9e, les cannabino\u00efdes sont retir\u00e9s des terp\u00e8nes et de la cire pour obtenir la puret\u00e9. Tous les produits naturels d\u00e9riv\u00e9s du cannabis sont anti-inflammatoires et peuvent aider \u00e0 soulager la douleur aigu\u00eb et chronique. Produit Contient du cannabis m\u00e9dical qui peut causer des effets intoxicants.        <\/p>\n","protected":false},"excerpt":{"rendered":"<p>Distillat de CBD + THC emball\u00e9 dans une seringue orale. Non dilu\u00e9 et non aromatis\u00e9. Disponible en version naturelle ou aromatis\u00e9e. Extrait de cannabis brut\/cru de plante enti\u00e8re. \u00c0 l\u2019aide d\u2019une distillation fractionn\u00e9e, les cannabino\u00efdes sont retir\u00e9s des terp\u00e8nes et de la cire pour obtenir la puret\u00e9. Tous les produits naturels d\u00e9riv\u00e9s du cannabis sont anti-inflammatoires et peuvent aider \u00e0 soulager la douleur aigu\u00eb et chronique. Produit Contient du cannabis m\u00e9dical qui peut causer des effets intoxicants.        <\/p>\n","protected":false},"featured_media":16670,"comment_status":"open","ping_status":"closed","template":"","meta":{"_acf_changed":false},"product_brand":[],"product_cat":[208,212],"product_tag":[],"class_list":{"0":"post-18221","1":"product","2":"type-product","3":"status-publish","4":"has-post-thumbnail","6":"product_cat-cbd-fr-ca","7":"product_cat-seringues-a-distillat","9":"first","10":"instock","11":"shipping-taxable","12":"purchasable","13":"product-type-simple"},"acf":[],"_links":{"self":[{"href":"https:\/\/420now.co\/fr-ca\/wp-json\/wp\/v2\/product\/18221","targetHints":{"allow":["GET"]}}],"collection":[{"href":"https:\/\/420now.co\/fr-ca\/wp-json\/wp\/v2\/product"}],"about":[{"href":"https:\/\/420now.co\/fr-ca\/wp-json\/wp\/v2\/types\/product"}],"replies":[{"embeddable":true,"href":"https:\/\/420now.co\/fr-ca\/wp-json\/wp\/v2\/comments?post=18221"}],"wp:featuredmedia":[{"embeddable":true,"href":"https:\/\/420now.co\/fr-ca\/wp-json\/wp\/v2\/media\/16670"}],"wp:attachment":[{"href":"https:\/\/420now.co\/fr-ca\/wp-json\/wp\/v2\/media?parent=18221"}],"wp:term":[{"taxonomy":"product_brand","embeddable":true,"href":"https:\/\/420now.co\/fr-ca\/wp-json\/wp\/v2\/product_brand?post=18221"},{"taxonomy":"product_cat","embeddable":true,"href":"https:\/\/420now.co\/fr-ca\/wp-json\/wp\/v2\/product_cat?post=18221"},{"taxonomy":"product_tag","embeddable":true,"href":"https:\/\/420now.co\/fr-ca\/wp-json\/wp\/v2\/product_tag?post=18221"}],"curies":[{"name":"wp","href":"https:\/\/api.w.org\/{rel}","templated":true}]}}