{"id":18226,"date":"2020-05-02T15:00:55","date_gmt":"2020-05-02T15:00:55","guid":{"rendered":"https:\/\/420now.co\/product\/shatter-hybride-natures-harvest\/"},"modified":"2026-02-10T18:40:44","modified_gmt":"2026-02-10T23:40:44","slug":"shatter-hybride-natures-harvest","status":"publish","type":"product","link":"https:\/\/420now.co\/fr-ca\/product\/shatter-hybride-natures-harvest\/","title":{"rendered":"La Moisson de la Nature (Hybride)"},"content":{"rendered":"","protected":false},"excerpt":{"rendered":"<p>Nastures Harvest fournit des concentr\u00e9s de haute qualit\u00e9. Tous les produits Natures Harvest sont test\u00e9s en laboratoire pour les pourcentages de THC et de CBD et comprennent une description compl\u00e8te du produit qui couvre les ar\u00f4mes, les saveurs, les effets, la g\u00e9n\u00e9tique de la vari\u00e9t\u00e9 et la parentalit\u00e9, cr\u00e9ant une exp\u00e9rience d\u2019achat hautement personnalis\u00e9e o\u00f9 peu de choses sont laiss\u00e9es au hasard, les clients obtenant exactement ce qu\u2019ils recherchent. <\/p>\n","protected":false},"featured_media":16673,"comment_status":"open","ping_status":"closed","template":"","meta":{"_acf_changed":false},"product_brand":[382],"product_cat":[216],"product_tag":[288],"class_list":{"0":"post-18226","1":"product","2":"type-product","3":"status-publish","4":"has-post-thumbnail","6":"product_brand-natures-harvest","7":"product_cat-shatter-fr-ca","8":"product_tag-hybride","10":"first","11":"instock","12":"shipping-taxable","13":"purchasable","14":"product-type-simple"},"acf":[],"_links":{"self":[{"href":"https:\/\/420now.co\/fr-ca\/wp-json\/wp\/v2\/product\/18226","targetHints":{"allow":["GET"]}}],"collection":[{"href":"https:\/\/420now.co\/fr-ca\/wp-json\/wp\/v2\/product"}],"about":[{"href":"https:\/\/420now.co\/fr-ca\/wp-json\/wp\/v2\/types\/product"}],"replies":[{"embeddable":true,"href":"https:\/\/420now.co\/fr-ca\/wp-json\/wp\/v2\/comments?post=18226"}],"wp:featuredmedia":[{"embeddable":true,"href":"https:\/\/420now.co\/fr-ca\/wp-json\/wp\/v2\/media\/16673"}],"wp:attachment":[{"href":"https:\/\/420now.co\/fr-ca\/wp-json\/wp\/v2\/media?parent=18226"}],"wp:term":[{"taxonomy":"product_brand","embeddable":true,"href":"https:\/\/420now.co\/fr-ca\/wp-json\/wp\/v2\/product_brand?post=18226"},{"taxonomy":"product_cat","embeddable":true,"href":"https:\/\/420now.co\/fr-ca\/wp-json\/wp\/v2\/product_cat?post=18226"},{"taxonomy":"product_tag","embeddable":true,"href":"https:\/\/420now.co\/fr-ca\/wp-json\/wp\/v2\/product_tag?post=18226"}],"curies":[{"name":"wp","href":"https:\/\/api.w.org\/{rel}","templated":true}]}}