{"id":18227,"date":"2020-05-03T13:40:08","date_gmt":"2020-05-03T17:40:08","guid":{"rendered":"https:\/\/420now.co\/product\/herb-angels-50ml-beurre-de-karite-heal\/"},"modified":"2026-02-07T17:04:13","modified_gmt":"2026-02-07T22:04:13","slug":"herb-angels-50ml-beurre-de-karite-heal","status":"publish","type":"product","link":"https:\/\/420now.co\/fr-ca\/product\/herb-angels-50ml-beurre-de-karite-heal\/","title":{"rendered":"Herb Angels 50ml Beurre de karit\u00e9 HEAL"},"content":{"rendered":"<p>Soulagement th\u00e9rapeutique de la douleur articulaire, de l\u2019inflammation et des douleurs musculaires. Peut soulager efficacement un large \u00e9ventail d\u2019avantages potentiels, du psoriasis, de la dermatite, des br\u00fblures et des d\u00e9mangeaisons, aux maux de t\u00eate, aux crampes et \u00e0 l\u2019ecz\u00e9ma. Ingr\u00e9dients : Extrait de graines de karit\u00e9 (Butyrospermum parkii), extrait de cannabis Indica .  <\/p>\n<p>Contient : 3% d\u2019extrait de cannabis Indica de plante enti\u00e8re. Utilisation : Massez doucement une quantit\u00e9 de la taille d\u2019un pois sur la peau fra\u00eechement nettoy\u00e9e. Peut \u00eatre appliqu\u00e9 sur la zone affect\u00e9e pour apaiser et soulager la douleur des muscles, des articulations ou de la peau s\u00e8che. R\u00e9p\u00e9tez au besoin. 50 ml contiennent 900 mg d\u2019huile de cannabis \u00e0 spectre complet.      <\/p>\n<p>TENIR \u00c0 L\u2019\u00c9CART DES ENFANTS ET DES ANIMAUX DOMESTIQUES. Pour un usage adulte seulement. <\/p>\n","protected":false},"excerpt":{"rendered":"<p>Soulagement th\u00e9rapeutique de la douleur articulaire, de l\u2019inflammation et des douleurs musculaires. Peut soulager efficacement un large \u00e9ventail d\u2019avantages potentiels, du psoriasis, de la dermatite, des br\u00fblures et des d\u00e9mangeaisons, aux maux de t\u00eate, aux crampes et \u00e0 l\u2019ecz\u00e9ma. Ingr\u00e9dients : Extrait de graines de karit\u00e9 (Butyrospermum parkii), extrait de cannabis Indica .  <\/p>\n<p>Contient : 3% d\u2019extrait de cannabis Indica de plante enti\u00e8re. Utilisation : Massez doucement une quantit\u00e9 de la taille d\u2019un pois sur la peau fra\u00eechement nettoy\u00e9e. Peut \u00eatre appliqu\u00e9 sur la zone affect\u00e9e pour apaiser et soulager la douleur des muscles, des articulations ou de la peau s\u00e8che. R\u00e9p\u00e9tez au besoin. 50 ml contiennent 900 mg d\u2019huile de cannabis \u00e0 spectre complet.      <\/p>\n<p>TENIR \u00c0 L\u2019\u00c9CART DES ENFANTS ET DES ANIMAUX DOMESTIQUES. Pour un usage adulte seulement. <\/p>\n","protected":false},"featured_media":16676,"comment_status":"open","ping_status":"closed","template":"","meta":{"_acf_changed":false},"product_brand":[],"product_cat":[274],"product_tag":[],"class_list":{"0":"post-18227","1":"product","2":"type-product","3":"status-publish","4":"has-post-thumbnail","6":"product_cat-baumes-et-onguents","8":"first","9":"instock","10":"shipping-taxable","11":"purchasable","12":"product-type-simple"},"acf":[],"_links":{"self":[{"href":"https:\/\/420now.co\/fr-ca\/wp-json\/wp\/v2\/product\/18227","targetHints":{"allow":["GET"]}}],"collection":[{"href":"https:\/\/420now.co\/fr-ca\/wp-json\/wp\/v2\/product"}],"about":[{"href":"https:\/\/420now.co\/fr-ca\/wp-json\/wp\/v2\/types\/product"}],"replies":[{"embeddable":true,"href":"https:\/\/420now.co\/fr-ca\/wp-json\/wp\/v2\/comments?post=18227"}],"wp:featuredmedia":[{"embeddable":true,"href":"https:\/\/420now.co\/fr-ca\/wp-json\/wp\/v2\/media\/16676"}],"wp:attachment":[{"href":"https:\/\/420now.co\/fr-ca\/wp-json\/wp\/v2\/media?parent=18227"}],"wp:term":[{"taxonomy":"product_brand","embeddable":true,"href":"https:\/\/420now.co\/fr-ca\/wp-json\/wp\/v2\/product_brand?post=18227"},{"taxonomy":"product_cat","embeddable":true,"href":"https:\/\/420now.co\/fr-ca\/wp-json\/wp\/v2\/product_cat?post=18227"},{"taxonomy":"product_tag","embeddable":true,"href":"https:\/\/420now.co\/fr-ca\/wp-json\/wp\/v2\/product_tag?post=18227"}],"curies":[{"name":"wp","href":"https:\/\/api.w.org\/{rel}","templated":true}]}}