{"id":18229,"date":"2020-05-03T13:31:30","date_gmt":"2020-05-03T17:31:30","guid":{"rendered":"https:\/\/420now.co\/product\/herb-angels-50ml-heat-beurre-de-karite\/"},"modified":"2026-02-07T17:05:19","modified_gmt":"2026-02-07T22:05:19","slug":"herb-angels-50ml-heat-beurre-de-karite","status":"publish","type":"product","link":"https:\/\/420now.co\/fr-ca\/product\/herb-angels-50ml-heat-beurre-de-karite\/","title":{"rendered":"Herb Angels 50ml HEAT Beurre de karit\u00e9"},"content":{"rendered":"<p>Le pouvoir du karit\u00e9 infus\u00e9 de propri\u00e9t\u00e9s antioxydantes et anti-inflammatoires pour une meilleure r\u00e9paration de la peau. Peut soulager efficacement un large \u00e9ventail d\u2019avantages potentiels, du psoriasis, de la dermatite et des d\u00e9mangeaisons. Aux maux de t\u00eate et aux crampes. Ingr\u00e9dients : Extrait de graines de karit\u00e9 (Butyrospermum parkii), extrait d\u2019huile de cannabis, isolat de CBD (cannabidiol), huiles essentielles [ceder (Junipers virginiana), lavande (Lavendula officials), citronnelle (Cymbopogan citratus), gingembre (Cympogan martini), bois de santal (Tantalum Spicata), laurier (Laurus nobilis L)]. Contient 3% d\u2019extrait de cannabis indica de plante enti\u00e8re, 0,5% de CBD Utilisation : Massez doucement une quantit\u00e9 de la taille d\u2019un pois sur la peau fra\u00eechement nettoy\u00e9e. Peut \u00eatre appliqu\u00e9 sur la zone affect\u00e9e pour apaiser et soulager la douleur des muscles, des articulations ou de la peau s\u00e8che. R\u00e9p\u00e9tez au besoin. 50 ml contient 1500 mg d\u2019extrait de cannabis + 90 mg de CBD Disponible en 15 ml et 50 ml       <\/p>\n","protected":false},"excerpt":{"rendered":"<p>La puissance du karit\u00e9 est impr\u00e9gn\u00e9e de propri\u00e9t\u00e9s antioxydantes et anti-inflammatoires pour am\u00e9liorer la r\u00e9paration de la peau. Peut offrir un soulagement efficace d\u2019un large \u00e9ventail de b\u00e9n\u00e9fices potentiels, comme le psoriasis, la dermatite et les d\u00e9mangeaisons. Aux maux de t\u00eate et aux crampes. Ingr\u00e9dients : extrait de graine de karit\u00e9 (Butyrospermum parkii), extrait d\u2019huile de cannabis, isolat de CBD (cannabidiol), huiles essentielles [c\u00e9deur (Junipers virginiana), lavande (Lavendula officials), citronnelle (Cymbopogan citratus), gingembre (Cympogan martini), bois de santal (Tantalum Spicata), laurier (Laurus nobilis L)]. Contient 3% d\u2019extrait de cannabis indica de plantes enti\u00e8res et 0,5% de CBD Utilisation : massez doucement une quantit\u00e9 de la taille d\u2019un pois sur la peau fra\u00eechement nettoy\u00e9e. Peut \u00eatre appliqu\u00e9 sur la zone affect\u00e9e pour apaiser et soulager la douleur des muscles, des articulations ou de la peau s\u00e8che. R\u00e9p\u00e9tez au besoin. 50 ml contient 1500 mg d\u2019extrait de cannabis + 90 mg de CBD disponible en 15 ml et 50 ml<\/p>\n","protected":false},"featured_media":16674,"comment_status":"open","ping_status":"closed","template":"","meta":{"_acf_changed":false},"product_brand":[],"product_cat":[274],"product_tag":[],"class_list":{"0":"post-18229","1":"product","2":"type-product","3":"status-publish","4":"has-post-thumbnail","6":"product_cat-baumes-et-onguents","8":"first","9":"instock","10":"shipping-taxable","11":"purchasable","12":"product-type-simple"},"acf":[],"_links":{"self":[{"href":"https:\/\/420now.co\/fr-ca\/wp-json\/wp\/v2\/product\/18229","targetHints":{"allow":["GET"]}}],"collection":[{"href":"https:\/\/420now.co\/fr-ca\/wp-json\/wp\/v2\/product"}],"about":[{"href":"https:\/\/420now.co\/fr-ca\/wp-json\/wp\/v2\/types\/product"}],"replies":[{"embeddable":true,"href":"https:\/\/420now.co\/fr-ca\/wp-json\/wp\/v2\/comments?post=18229"}],"wp:featuredmedia":[{"embeddable":true,"href":"https:\/\/420now.co\/fr-ca\/wp-json\/wp\/v2\/media\/16674"}],"wp:attachment":[{"href":"https:\/\/420now.co\/fr-ca\/wp-json\/wp\/v2\/media?parent=18229"}],"wp:term":[{"taxonomy":"product_brand","embeddable":true,"href":"https:\/\/420now.co\/fr-ca\/wp-json\/wp\/v2\/product_brand?post=18229"},{"taxonomy":"product_cat","embeddable":true,"href":"https:\/\/420now.co\/fr-ca\/wp-json\/wp\/v2\/product_cat?post=18229"},{"taxonomy":"product_tag","embeddable":true,"href":"https:\/\/420now.co\/fr-ca\/wp-json\/wp\/v2\/product_tag?post=18229"}],"curies":[{"name":"wp","href":"https:\/\/api.w.org\/{rel}","templated":true}]}}