{"id":18248,"date":"2020-05-29T13:55:59","date_gmt":"2020-05-29T17:55:59","guid":{"rendered":"https:\/\/420now.co\/product\/savoureuses-tranches-de-peche-aigre-au-thc\/"},"modified":"2025-05-31T00:00:20","modified_gmt":"2025-05-31T04:00:20","slug":"savoureuses-tranches-de-peche-aigre-au-thc","status":"publish","type":"product","link":"https:\/\/420now.co\/fr-ca\/product\/savoureuses-tranches-de-peche-aigre-au-thc\/","title":{"rendered":"Tasty THC Sour Peach Slices"},"content":{"rendered":"<p>La savoureuse saveur de p\u00eache aigre au THC est l\u2019une des pr\u00e9f\u00e9r\u00e9es de nos clients qui aiment le go\u00fbt aigre p\u00eache de ce bonbon \u00e0 m\u00e2cher particulier. Bien s\u00fbr, tout le monde n\u2019aime pas le go\u00fbt de la p\u00eache aigre, mais si vous le faites, vous allez adorer celles-ci! Et le fait que vous ayez le choix entre Indica ou Sativa avec la m\u00eame saveur de p\u00eache dans les deux. Peu importe si vous pr\u00e9f\u00e9rez Indica ou Sativa, c\u2019est d\u00e9licieux avec votre comestible m\u00e9dig\u00e9 ou r\u00e9cr\u00e9atif.   <\/p>\n<p>Une autre raison d\u2019aimer cette saveur est le fait qu\u2019elle fait partie de la cat\u00e9gorie \u00ab Convient aux v\u00e9g\u00e9taliens \u00bb des produits Tasty THC &#8211; donc si vous \u00eates v\u00e9g\u00e9tarien ou v\u00e9g\u00e9talien, vous pouvez \u00eatre assur\u00e9 de pouvoir vous en tenir \u00e0 votre r\u00e9gime alimentaire et \u00e0 vos choix de vie tout en profitant de la saveur aigre de p\u00eache dans un produit infus\u00e9 de cannabis de haute qualit\u00e9.<\/p>\n<p>Tasty THC est bas\u00e9e en Ontario et produit des produits de cannabis de qualit\u00e9 sup\u00e9rieure depuis plus de cinq ans. Leur mission est de rendre les produits comestibles de cannabis de haute qualit\u00e9 abordables et accessibles au grand public.  Alors que de nombreux producteurs de bonbons et de produits comestibles au cannabis parlent de produits faits \u00e0 la main, Tasty THC fabrique et emballe fi\u00e8rement tous ses produits avec des processus m\u00e9caniques qui garantissent des produits constants et sains (non touch\u00e9s par les mains humaines).<\/p>\n<p>Le cannabis provient de cultivateurs r\u00e9put\u00e9s qui ont un minimum de 35 ans d\u2019exp\u00e9rience dans le cr\u00e9neau de la culture du cannabis. Cela signifie des assurances quant \u00e0 la qualit\u00e9 du cannabis que Tasty THC utilise dans tous ses produits. <\/p>\n<p>Au cours de la derni\u00e8re d\u00e9cennie, Tasty THC est devenu un favori des consommateurs de cannabis comestibles et des patients m\u00e9dicaux exigeants. Leurs produits sont r\u00e9guli\u00e8rement test\u00e9s en laboratoire pour garantir la qualit\u00e9 et la pr\u00e9cision du dosage du THC et du CBD. <\/p>\n<h2>Ingr\u00e9dients savoureux du THC<\/h2>\n<ul>\n<li>Sucre<\/li>\n<li>Glyc\u00e9mie<\/li>\n<li>Glucose-fructose<\/li>\n<li>G\u00e9latine<\/li>\n<li>Eau<\/li>\n<li>Huile de noix de coco<\/li>\n<li>Sel<\/li>\n<li>L\u00e9cithine de tournesol<\/li>\n<li>Vanilline<\/li>\n<li>Colorant alimentaire<\/li>\n<li>Distillat de THC<\/li>\n<li>Isolat de CBD<\/li>\n<li>Ar\u00f4me<\/li>\n<\/ul>\n<p>Veuillez conserver dans un endroit frais et sec pour une fra\u00eecheur optimale. Tenir hors de la port\u00e9e des enfants. <\/p>\n<h2>Livraison de Tasty THC Free \u00e0 GTA (r\u00e9gion du Grand Toronto)<\/h2>\n<p>Si vous \u00eates dans la r\u00e9gion du Grand Toronto (RGT), vous pouvez obtenir n\u2019importe lequel des produits Tasty THC que nous offrons dans les 2 heures* \u00e0 votre porte! Commandez avant 20 h et l\u2019un de nos chauffeurs vous livrera le jour m\u00eame, 2 heures gratuitement, lorsque vous commandez un minimum de 100,00 $ de l\u2019un des produits sur notre site Web.<\/p>\n<p>*Livraison en deux heures \u00e0 Toronto (Scarborough, North York, Etobicoke, DownTown, York \u2013 toutes les r\u00e9gions \u00e0 l\u2019int\u00e9rieur des fronti\u00e8res de la ville de Toronto), Richmond Hill, King, Aurora, Newmarket, Woodbridge, Vaughan et Markham.<\/p>\n<p>Pour les r\u00e9gions p\u00e9riph\u00e9riques telles que Brampton, Caledon, Mississauga, Pickering, Ajax, Whitby, Oshawa, Clarington, Scugog, Uxbridge, East Gwillimbury, Georgina et Brock, nous visons deux heures, mais veuillez vous attendre \u00e0 la possibilit\u00e9 de 3 heures pour la livraison. Si votre adresse se trouve dans ces r\u00e9gions p\u00e9riph\u00e9riques, vous pouvez nous contacter pour conna\u00eetre les d\u00e9lais de livraison pr\u00e9vus ce jour-l\u00e0. <\/p>\n","protected":false},"excerpt":{"rendered":"<p>Les tranches de p\u00eache Tasty THC Sour Canna fabriqu\u00e9es avec 600 mg de distillat de THC sans solvant \u00e0 94% et 50 mg de CBD offrent une excellente fa\u00e7on confortable de consommer du cannabis. Chaque morceau contient 50 mg de THC et 4,1 mg de CBD. <\/p>\n<p>12 pi\u00e8ces par paquet.<\/p>\n<p>Si vous d\u00e9butez avec Tasty THC, commencez avec un demi-morceau et attendez 90 minutes pour d\u00e9tecter les effets et comprendre votre tol\u00e9rance personnelle. Tenir hors de la port\u00e9e des enfants. <\/p>\n<p>Disponible en Sativa ou Indica.<\/p>\n<p>Veuillez noter que la photo du produit peut ne pas \u00eatre \u00e0 jour.<\/p>\n","protected":false},"featured_media":16706,"comment_status":"open","ping_status":"closed","template":"","meta":{"_acf_changed":false},"product_brand":[340],"product_cat":[225,219,231],"product_tag":[302,290,316],"class_list":{"0":"post-18248","1":"product","2":"type-product","3":"status-publish","4":"has-post-thumbnail","6":"product_brand-tasty-thc","7":"product_cat-bonbons","8":"product_cat-comestibles","9":"product_cat-gummies-fr-ca","10":"product_tag-indica-fr-ca","11":"product_tag-sativa-fr-ca","12":"product_tag-tasty-thc-fr-ca","14":"first","15":"instock","16":"shipping-taxable","17":"purchasable","18":"product-type-variable"},"acf":[],"_links":{"self":[{"href":"https:\/\/420now.co\/fr-ca\/wp-json\/wp\/v2\/product\/18248","targetHints":{"allow":["GET"]}}],"collection":[{"href":"https:\/\/420now.co\/fr-ca\/wp-json\/wp\/v2\/product"}],"about":[{"href":"https:\/\/420now.co\/fr-ca\/wp-json\/wp\/v2\/types\/product"}],"replies":[{"embeddable":true,"href":"https:\/\/420now.co\/fr-ca\/wp-json\/wp\/v2\/comments?post=18248"}],"wp:featuredmedia":[{"embeddable":true,"href":"https:\/\/420now.co\/fr-ca\/wp-json\/wp\/v2\/media\/16706"}],"wp:attachment":[{"href":"https:\/\/420now.co\/fr-ca\/wp-json\/wp\/v2\/media?parent=18248"}],"wp:term":[{"taxonomy":"product_brand","embeddable":true,"href":"https:\/\/420now.co\/fr-ca\/wp-json\/wp\/v2\/product_brand?post=18248"},{"taxonomy":"product_cat","embeddable":true,"href":"https:\/\/420now.co\/fr-ca\/wp-json\/wp\/v2\/product_cat?post=18248"},{"taxonomy":"product_tag","embeddable":true,"href":"https:\/\/420now.co\/fr-ca\/wp-json\/wp\/v2\/product_tag?post=18248"}],"curies":[{"name":"wp","href":"https:\/\/api.w.org\/{rel}","templated":true}]}}