{"id":18254,"date":"2020-05-29T17:06:58","date_gmt":"2020-05-29T21:06:58","guid":{"rendered":"https:\/\/420now.co\/product\/savoureuses-bouteilles-de-chewing-gum-petillant-au-thc\/"},"modified":"2025-05-31T00:00:20","modified_gmt":"2025-05-31T04:00:20","slug":"savoureuses-bouteilles-de-chewing-gum-petillant-au-thc","status":"publish","type":"product","link":"https:\/\/420now.co\/fr-ca\/product\/savoureuses-bouteilles-de-chewing-gum-petillant-au-thc\/","title":{"rendered":"Tasty THC Fizzy Bubblegum Bottles"},"content":{"rendered":"<p>Tasty THC est bas\u00e9e en Ontario et produit des produits de cannabis de qualit\u00e9 sup\u00e9rieure depuis plus de cinq ans. Leur mission est de rendre les produits comestibles de cannabis de haute qualit\u00e9 abordables et accessibles au grand public.  Alors que de nombreux producteurs de bonbons et de produits comestibles au cannabis parlent de produits faits \u00e0 la main, Tasty THC fabrique et emballe fi\u00e8rement tous ses produits avec des processus m\u00e9caniques qui garantissent des produits constants et sains (non touch\u00e9s par les mains humaines).<\/p>\n<p>Le cannabis provient de cultivateurs r\u00e9put\u00e9s qui ont un minimum de 35 ans d\u2019exp\u00e9rience dans le cr\u00e9neau de la culture du cannabis. Cela signifie des assurances quant \u00e0 la qualit\u00e9 du cannabis que Tasty THC utilise dans tous ses produits. <\/p>\n<p>Au cours de la derni\u00e8re d\u00e9cennie, Tasty THC est devenu un favori des consommateurs de cannabis comestibles et des patients m\u00e9dicaux exigeants. Leurs produits sont r\u00e9guli\u00e8rement test\u00e9s en laboratoire pour garantir la qualit\u00e9 et la pr\u00e9cision du dosage du THC et du CBD. <\/p>\n<h2>Ingr\u00e9dients savoureux du THC<\/h2>\n<ul>\n<li>Sucre<\/li>\n<li>Glyc\u00e9mie<\/li>\n<li>Glucose-fructose<\/li>\n<li>G\u00e9latine<\/li>\n<li>Eau<\/li>\n<li>Huile de noix de coco<\/li>\n<li>Sel<\/li>\n<li>L\u00e9cithine de tournesol<\/li>\n<li>Vanilline<\/li>\n<li>Colorant alimentaire<\/li>\n<li>Distillat de THC<\/li>\n<li>Isolat de CBD<\/li>\n<li>Ar\u00f4me<\/li>\n<\/ul>\n<p>Veuillez conserver dans un endroit frais et sec pour une fra\u00eecheur optimale. Tenir hors de la port\u00e9e des enfants. <\/p>\n<h2>Livraison de Tasty THC Free \u00e0 GTA (r\u00e9gion du Grand Toronto)<\/h2>\n<p>Si vous \u00eates dans la r\u00e9gion du Grand Toronto (RGT), vous pouvez obtenir n\u2019importe lequel des produits Tasty THC que nous offrons dans les 2 heures* \u00e0 votre porte! Commandez avant 20 h et l\u2019un de nos chauffeurs vous livrera le jour m\u00eame, 2 heures gratuitement, lorsque vous commandez un minimum de 100,00 $ de l\u2019un des produits sur notre site Web.<\/p>\n<p>*Livraison en deux heures \u00e0 Toronto (Scarborough, North York, Etobicoke, DownTown, York \u2013 toutes les r\u00e9gions \u00e0 l\u2019int\u00e9rieur des fronti\u00e8res de la ville de Toronto), Richmond Hill, King, Aurora, Newmarket, Woodbridge, Vaughan et Markham.<\/p>\n<p>Pour les r\u00e9gions p\u00e9riph\u00e9riques telles que Brampton, Caledon, Mississauga, Pickering, Ajax, Whitby, Oshawa, Clarington, Scugog, Uxbridge, East Gwillimbury, Georgina et Brock, nous visons deux heures, mais veuillez vous attendre \u00e0 la possibilit\u00e9 de 3 heures pour la livraison. Si votre adresse se trouve dans ces r\u00e9gions p\u00e9riph\u00e9riques, vous pouvez nous contacter pour conna\u00eetre les d\u00e9lais de livraison pr\u00e9vus ce jour-l\u00e0. <\/p>\n","protected":false},"excerpt":{"rendered":"<p>Les bouteilles de chewing-gum gazeuses au THC savoureuses fabriqu\u00e9es avec 600 mg de distillat de THC sans 94% sans solvant et 50 mg de CBD offrent une excellente fa\u00e7on confortable de consommer du cannabis. Chaque morceau contient 50 mg de THC et 4,1 mg de CBD. <\/p>\n<p>12 pi\u00e8ces par paquet.<\/p>\n<p>Si vous d\u00e9butez avec Tasty THC, commencez avec un demi-morceau et attendez 90 minutes pour d\u00e9tecter les effets et comprendre votre tol\u00e9rance personnelle. Tenir hors de la port\u00e9e des enfants. <\/p>\n<p>Disponible en Sativa ou Indica.<\/p>\n","protected":false},"featured_media":17063,"comment_status":"open","ping_status":"closed","template":"","meta":{"_acf_changed":false},"product_brand":[340],"product_cat":[225,219,231],"product_tag":[302,316],"class_list":{"0":"post-18254","1":"product","2":"type-product","3":"status-publish","4":"has-post-thumbnail","6":"product_brand-tasty-thc","7":"product_cat-bonbons","8":"product_cat-comestibles","9":"product_cat-gummies-fr-ca","10":"product_tag-indica-fr-ca","11":"product_tag-tasty-thc-fr-ca","13":"first","14":"instock","15":"shipping-taxable","16":"purchasable","17":"product-type-variable"},"acf":[],"_links":{"self":[{"href":"https:\/\/420now.co\/fr-ca\/wp-json\/wp\/v2\/product\/18254","targetHints":{"allow":["GET"]}}],"collection":[{"href":"https:\/\/420now.co\/fr-ca\/wp-json\/wp\/v2\/product"}],"about":[{"href":"https:\/\/420now.co\/fr-ca\/wp-json\/wp\/v2\/types\/product"}],"replies":[{"embeddable":true,"href":"https:\/\/420now.co\/fr-ca\/wp-json\/wp\/v2\/comments?post=18254"}],"wp:featuredmedia":[{"embeddable":true,"href":"https:\/\/420now.co\/fr-ca\/wp-json\/wp\/v2\/media\/17063"}],"wp:attachment":[{"href":"https:\/\/420now.co\/fr-ca\/wp-json\/wp\/v2\/media?parent=18254"}],"wp:term":[{"taxonomy":"product_brand","embeddable":true,"href":"https:\/\/420now.co\/fr-ca\/wp-json\/wp\/v2\/product_brand?post=18254"},{"taxonomy":"product_cat","embeddable":true,"href":"https:\/\/420now.co\/fr-ca\/wp-json\/wp\/v2\/product_cat?post=18254"},{"taxonomy":"product_tag","embeddable":true,"href":"https:\/\/420now.co\/fr-ca\/wp-json\/wp\/v2\/product_tag?post=18254"}],"curies":[{"name":"wp","href":"https:\/\/api.w.org\/{rel}","templated":true}]}}