{"id":18257,"date":"2020-05-03T14:14:52","date_gmt":"2020-05-03T18:14:52","guid":{"rendered":"https:\/\/420now.co\/product\/herb-angels-50ml-beurre-de-karite-calm\/"},"modified":"2026-02-07T16:53:15","modified_gmt":"2026-02-07T21:53:15","slug":"herb-angels-50ml-beurre-de-karite-calm","status":"publish","type":"product","link":"https:\/\/420now.co\/fr-ca\/product\/herb-angels-50ml-beurre-de-karite-calm\/","title":{"rendered":"Herb Angels 50ml Beurre de karit\u00e9 CALM"},"content":{"rendered":"","protected":false},"excerpt":{"rendered":"<p>Le pouvoir du karit\u00e9 infus\u00e9 de propri\u00e9t\u00e9s antioxydantes et anti-inflammatoires pour une meilleure r\u00e9paration de la peau. Peut soulager efficacement un large \u00e9ventail d\u2019avantages potentiels, du psoriasis, de la dermatite et des d\u00e9mangeaisons. Aux maux de t\u00eate et aux crampes.    <\/p>\n<p>Ingr\u00e9dients : Extrait de graines de karit\u00e9 (Butyrospermum parkii), extrait d\u2019huile de cannabis, isolat de CBD (cannabidiol), huiles essentielles [ceder (Junipers virginiana), lavande (Lavendula officials), citronnelle (Cymbopogan citratus), gingembre (Cympogan martini), bois de santal (Tantalum Spicata), laurier (Laurus nobilis L)]. Contient 3% d\u2019extrait de cannabis indica de plante enti\u00e8re, 0,5% de CBD   <\/p>\n<p>Utilisation : Massez doucement une quantit\u00e9 de la taille d\u2019un pois sur la peau fra\u00eechement nettoy\u00e9e. Peut \u00eatre appliqu\u00e9 sur la zone affect\u00e9e pour apaiser et soulager la douleur des muscles, des articulations ou de la peau s\u00e8che. R\u00e9p\u00e9tez au besoin. 50ml contient 1500mg d\u2019extrait de cannabis + 90mg de CBD Disponible en 15ml et 50ml.   <\/p>\n","protected":false},"featured_media":16683,"comment_status":"open","ping_status":"closed","template":"","meta":{"_acf_changed":false},"product_brand":[],"product_cat":[273],"product_tag":[],"class_list":{"0":"post-18257","1":"product","2":"type-product","3":"status-publish","4":"has-post-thumbnail","6":"product_cat-topiques","8":"first","9":"instock","10":"shipping-taxable","11":"purchasable","12":"product-type-simple"},"acf":[],"_links":{"self":[{"href":"https:\/\/420now.co\/fr-ca\/wp-json\/wp\/v2\/product\/18257","targetHints":{"allow":["GET"]}}],"collection":[{"href":"https:\/\/420now.co\/fr-ca\/wp-json\/wp\/v2\/product"}],"about":[{"href":"https:\/\/420now.co\/fr-ca\/wp-json\/wp\/v2\/types\/product"}],"replies":[{"embeddable":true,"href":"https:\/\/420now.co\/fr-ca\/wp-json\/wp\/v2\/comments?post=18257"}],"wp:featuredmedia":[{"embeddable":true,"href":"https:\/\/420now.co\/fr-ca\/wp-json\/wp\/v2\/media\/16683"}],"wp:attachment":[{"href":"https:\/\/420now.co\/fr-ca\/wp-json\/wp\/v2\/media?parent=18257"}],"wp:term":[{"taxonomy":"product_brand","embeddable":true,"href":"https:\/\/420now.co\/fr-ca\/wp-json\/wp\/v2\/product_brand?post=18257"},{"taxonomy":"product_cat","embeddable":true,"href":"https:\/\/420now.co\/fr-ca\/wp-json\/wp\/v2\/product_cat?post=18257"},{"taxonomy":"product_tag","embeddable":true,"href":"https:\/\/420now.co\/fr-ca\/wp-json\/wp\/v2\/product_tag?post=18257"}],"curies":[{"name":"wp","href":"https:\/\/api.w.org\/{rel}","templated":true}]}}