{"id":18259,"date":"2020-05-03T13:52:29","date_gmt":"2020-05-03T17:52:29","guid":{"rendered":"https:\/\/420now.co\/product\/herb-angels-50ml-support-beurre-de-karite-cbd\/"},"modified":"2026-02-07T17:00:54","modified_gmt":"2026-02-07T22:00:54","slug":"herb-angels-50ml-support-beurre-de-karite-cbd","status":"publish","type":"product","link":"https:\/\/420now.co\/fr-ca\/product\/herb-angels-50ml-support-beurre-de-karite-cbd\/","title":{"rendered":"Herb Angels 50ml SUPPORT Beurre de karit\u00e9 CBD"},"content":{"rendered":"<p>D\u00e9couvrez le pouvoir anti-inflammatoire du beurre de karit\u00e9 infus\u00e9 de 99+% de cannabidiol pur. Aide \u00e0 soulager une multitude de sympt\u00f4mes, notamment la peau s\u00e8che, l\u2019ecz\u00e9ma, le psoriasis, les douleurs musculaires, les maux de t\u00eate et bien plus encore. Soulagement localis\u00e9 de la douleur. Pour usage externe seulement.     <\/p>\n<p>Ingr\u00e9dients : Extrait de graines de karit\u00e9 (Butyrospermum parkii), CBD (cannabidiol). Cesser l\u2019utilisation si le produit cause de l\u2019irritation. Utilisation : Massez doucement une quantit\u00e9 de la taille d\u2019un pois sur la peau fra\u00eechement nettoy\u00e9e. Peut \u00eatre appliqu\u00e9 sur la zone affect\u00e9e pour apaiser et soulager la douleur des muscles, des articulations ou de la peau s\u00e8che. R\u00e9p\u00e9tez au besoin. 15 ml contiennent 125 mg de CBD.     <\/p>\n","protected":false},"excerpt":{"rendered":"<p>D\u00e9couvrez le pouvoir anti-inflammatoire du beurre de karit\u00e9 infus\u00e9 de 99+% de cannabidiol pur. Aide \u00e0 soulager une multitude de sympt\u00f4mes, notamment la peau s\u00e8che, l\u2019ecz\u00e9ma, le psoriasis, les douleurs musculaires, les maux de t\u00eate et bien plus encore. Soulagement localis\u00e9 de la douleur. Pour usage externe seulement.     <\/p>\n<p>Ingr\u00e9dients : Extrait de graines de karit\u00e9 (Butyrospermum parkii), CBD (cannabidiol). Cesser l\u2019utilisation si le produit cause de l\u2019irritation. Utilisation : Massez doucement une quantit\u00e9 de la taille d\u2019un pois sur la peau fra\u00eechement nettoy\u00e9e. Peut \u00eatre appliqu\u00e9 sur la zone affect\u00e9e pour apaiser et soulager la douleur des muscles, des articulations ou de la peau s\u00e8che. R\u00e9p\u00e9tez au besoin. 15 ml contiennent 125 mg de CBD.     <\/p>\n","protected":false},"featured_media":16677,"comment_status":"open","ping_status":"closed","template":"","meta":{"_acf_changed":false},"product_brand":[],"product_cat":[274,208],"product_tag":[],"class_list":{"0":"post-18259","1":"product","2":"type-product","3":"status-publish","4":"has-post-thumbnail","6":"product_cat-baumes-et-onguents","7":"product_cat-cbd-fr-ca","9":"first","10":"instock","11":"shipping-taxable","12":"purchasable","13":"product-type-simple"},"acf":[],"_links":{"self":[{"href":"https:\/\/420now.co\/fr-ca\/wp-json\/wp\/v2\/product\/18259","targetHints":{"allow":["GET"]}}],"collection":[{"href":"https:\/\/420now.co\/fr-ca\/wp-json\/wp\/v2\/product"}],"about":[{"href":"https:\/\/420now.co\/fr-ca\/wp-json\/wp\/v2\/types\/product"}],"replies":[{"embeddable":true,"href":"https:\/\/420now.co\/fr-ca\/wp-json\/wp\/v2\/comments?post=18259"}],"wp:featuredmedia":[{"embeddable":true,"href":"https:\/\/420now.co\/fr-ca\/wp-json\/wp\/v2\/media\/16677"}],"wp:attachment":[{"href":"https:\/\/420now.co\/fr-ca\/wp-json\/wp\/v2\/media?parent=18259"}],"wp:term":[{"taxonomy":"product_brand","embeddable":true,"href":"https:\/\/420now.co\/fr-ca\/wp-json\/wp\/v2\/product_brand?post=18259"},{"taxonomy":"product_cat","embeddable":true,"href":"https:\/\/420now.co\/fr-ca\/wp-json\/wp\/v2\/product_cat?post=18259"},{"taxonomy":"product_tag","embeddable":true,"href":"https:\/\/420now.co\/fr-ca\/wp-json\/wp\/v2\/product_tag?post=18259"}],"curies":[{"name":"wp","href":"https:\/\/api.w.org\/{rel}","templated":true}]}}