{"id":18261,"date":"2020-05-05T16:33:45","date_gmt":"2020-05-05T20:33:45","guid":{"rendered":"https:\/\/420now.co\/product\/vape-pen-venom-edition-500mg-spectre-complet\/"},"modified":"2026-02-08T10:34:31","modified_gmt":"2026-02-08T15:34:31","slug":"vape-pen-venom-edition-500mg-spectre-complet","status":"publish","type":"product","link":"https:\/\/420now.co\/fr-ca\/product\/vape-pen-venom-edition-500mg-spectre-complet\/","title":{"rendered":"Vape Pen Venom Edition 500mg SPECTRE COMPLET"},"content":{"rendered":"","protected":false},"excerpt":{"rendered":"<p>Le stylo en acier dor\u00e9 \u00e9l\u00e9gant et \u00e0 la fine pointe de la technologie, con\u00e7u avec entr\u00e9e, ne n\u00e9cessite aucune recharge, aucun remplissage et est facile, discret et pratique \u00e0 utiliser. Il suffit de le retirer et de le frapper. Aucune cartouche, chargeur USB ou quoi que ce soit d\u2019autre n\u2019est n\u00e9cessaire. L\u2019un des meilleurs producteurs ind\u00e9pendants et des producteurs d\u2019huile de pointe. Chaque Uplifter est livr\u00e9 avec 500 mg d\u2019huile True CO2 supercritique tr\u00e8s puissante et ultra-raffin\u00e9e extraite de la fleur biologique de la vari\u00e9t\u00e9 hybride. Le r\u00e9sultat de cette combinaison d\u2019huile et de quincaillerie de pointe est le premier joint \u00e9lectrique v\u00e9ritablement haut de gamme au monde.     <\/p>\n<p>EN RUPTURE DE STOCK<\/p>\n","protected":false},"featured_media":16690,"comment_status":"open","ping_status":"closed","template":"","meta":{"_acf_changed":false},"product_brand":[],"product_cat":[281],"product_tag":[],"class_list":{"0":"post-18261","1":"product","2":"type-product","3":"status-publish","4":"has-post-thumbnail","6":"product_cat-stylos-a-vapotage-jetables","8":"first","9":"outofstock","10":"shipping-taxable","11":"purchasable","12":"product-type-simple"},"acf":[],"_links":{"self":[{"href":"https:\/\/420now.co\/fr-ca\/wp-json\/wp\/v2\/product\/18261","targetHints":{"allow":["GET"]}}],"collection":[{"href":"https:\/\/420now.co\/fr-ca\/wp-json\/wp\/v2\/product"}],"about":[{"href":"https:\/\/420now.co\/fr-ca\/wp-json\/wp\/v2\/types\/product"}],"replies":[{"embeddable":true,"href":"https:\/\/420now.co\/fr-ca\/wp-json\/wp\/v2\/comments?post=18261"}],"wp:featuredmedia":[{"embeddable":true,"href":"https:\/\/420now.co\/fr-ca\/wp-json\/wp\/v2\/media\/16690"}],"wp:attachment":[{"href":"https:\/\/420now.co\/fr-ca\/wp-json\/wp\/v2\/media?parent=18261"}],"wp:term":[{"taxonomy":"product_brand","embeddable":true,"href":"https:\/\/420now.co\/fr-ca\/wp-json\/wp\/v2\/product_brand?post=18261"},{"taxonomy":"product_cat","embeddable":true,"href":"https:\/\/420now.co\/fr-ca\/wp-json\/wp\/v2\/product_cat?post=18261"},{"taxonomy":"product_tag","embeddable":true,"href":"https:\/\/420now.co\/fr-ca\/wp-json\/wp\/v2\/product_tag?post=18261"}],"curies":[{"name":"wp","href":"https:\/\/api.w.org\/{rel}","templated":true}]}}