{"id":18267,"date":"2021-02-01T16:30:29","date_gmt":"2021-02-01T21:30:29","guid":{"rendered":"https:\/\/420now.co\/product\/faded-edibles-thc-gummy-180-mg-suceurs-aigres\/"},"modified":"2025-04-11T09:44:36","modified_gmt":"2025-04-11T13:44:36","slug":"faded-edibles-thc-gummy-180-mg-suceurs-aigres","status":"publish","type":"product","link":"https:\/\/420now.co\/fr-ca\/product\/faded-edibles-thc-gummy-180-mg-suceurs-aigres\/","title":{"rendered":"Faded Edibles THC Gummy 180 mg SUCEURS AIGRES"},"content":{"rendered":"<p>Ces gommes de 180 mg de THC sont disponibles en diff\u00e9rentes saveurs de fruits et sont infus\u00e9es avec la quantit\u00e9 parfaite de THC. Chaque paquet contient 6 pi\u00e8ces avec 30 mg de THC par pi\u00e8ce. D\u00e9tendez-vous apr\u00e8s une longue et stressante journ\u00e9e apr\u00e8s en avoir mang\u00e9 quelques-uns.<\/p>\n","protected":false},"excerpt":{"rendered":"<p>Ces gommes de 180 mg de THC sont disponibles en diff\u00e9rentes saveurs de fruits et sont infus\u00e9es avec la quantit\u00e9 parfaite de THC. Chaque paquet contient 6 pi\u00e8ces avec 30 mg de THC par pi\u00e8ce. D\u00e9tendez-vous apr\u00e8s une longue et stressante journ\u00e9e apr\u00e8s en avoir mang\u00e9 quelques-uns.<\/p>\n","protected":false},"featured_media":16768,"comment_status":"closed","ping_status":"closed","template":"","meta":{"_acf_changed":false},"product_brand":[],"product_cat":[225,219,231],"product_tag":[298],"class_list":{"0":"post-18267","1":"product","2":"type-product","3":"status-publish","4":"has-post-thumbnail","6":"product_cat-bonbons","7":"product_cat-comestibles","8":"product_cat-gummies-fr-ca","9":"product_tag-faded-gummy-fr-ca","11":"first","12":"instock","13":"shipping-taxable","14":"purchasable","15":"product-type-simple"},"acf":[],"_links":{"self":[{"href":"https:\/\/420now.co\/fr-ca\/wp-json\/wp\/v2\/product\/18267","targetHints":{"allow":["GET"]}}],"collection":[{"href":"https:\/\/420now.co\/fr-ca\/wp-json\/wp\/v2\/product"}],"about":[{"href":"https:\/\/420now.co\/fr-ca\/wp-json\/wp\/v2\/types\/product"}],"replies":[{"embeddable":true,"href":"https:\/\/420now.co\/fr-ca\/wp-json\/wp\/v2\/comments?post=18267"}],"wp:featuredmedia":[{"embeddable":true,"href":"https:\/\/420now.co\/fr-ca\/wp-json\/wp\/v2\/media\/16768"}],"wp:attachment":[{"href":"https:\/\/420now.co\/fr-ca\/wp-json\/wp\/v2\/media?parent=18267"}],"wp:term":[{"taxonomy":"product_brand","embeddable":true,"href":"https:\/\/420now.co\/fr-ca\/wp-json\/wp\/v2\/product_brand?post=18267"},{"taxonomy":"product_cat","embeddable":true,"href":"https:\/\/420now.co\/fr-ca\/wp-json\/wp\/v2\/product_cat?post=18267"},{"taxonomy":"product_tag","embeddable":true,"href":"https:\/\/420now.co\/fr-ca\/wp-json\/wp\/v2\/product_tag?post=18267"}],"curies":[{"name":"wp","href":"https:\/\/api.w.org\/{rel}","templated":true}]}}