{"id":18270,"date":"2021-02-01T11:22:14","date_gmt":"2021-02-01T16:22:14","guid":{"rendered":"https:\/\/420now.co\/product\/faded-edibles-thc-gummy-180mg-rainbow-sherbet\/"},"modified":"2025-04-11T09:44:37","modified_gmt":"2025-04-11T13:44:37","slug":"faded-edibles-thc-gummy-180mg-rainbow-sherbet","status":"publish","type":"product","link":"https:\/\/420now.co\/fr-ca\/product\/faded-edibles-thc-gummy-180mg-rainbow-sherbet\/","title":{"rendered":"Faded Edibles THC Gummy 180mg RAINBOW SHERBET"},"content":{"rendered":"<p>Ces gommes de 180 mg de THC sont disponibles en diff\u00e9rentes saveurs de fruits et sont infus\u00e9es avec la quantit\u00e9 parfaite de THC. Chaque paquet contient 6 pi\u00e8ces avec 30 mg de THC par pi\u00e8ce. D\u00e9tendez-vous apr\u00e8s une longue et stressante journ\u00e9e apr\u00e8s avoir mang\u00e9 quelques-uns de ces Coup de c\u0153ur Partager<\/p>\n","protected":false},"excerpt":{"rendered":"<p>Ces gommes de 180 mg de THC sont disponibles en diff\u00e9rentes saveurs de fruits et sont infus\u00e9es avec la quantit\u00e9 parfaite de THC. Chaque paquet contient 6 pi\u00e8ces avec 30 mg de THC par pi\u00e8ce. D\u00e9tendez-vous apr\u00e8s une longue et stressante journ\u00e9e apr\u00e8s avoir mang\u00e9 quelques-uns de ces Coup de c\u0153ur Partager<\/p>\n","protected":false},"featured_media":16765,"comment_status":"open","ping_status":"closed","template":"","meta":{"_acf_changed":false},"product_brand":[],"product_cat":[225,219],"product_tag":[298],"class_list":{"0":"post-18270","1":"product","2":"type-product","3":"status-publish","4":"has-post-thumbnail","6":"product_cat-bonbons","7":"product_cat-comestibles","8":"product_tag-faded-gummy-fr-ca","10":"first","11":"instock","12":"shipping-taxable","13":"purchasable","14":"product-type-simple"},"acf":[],"_links":{"self":[{"href":"https:\/\/420now.co\/fr-ca\/wp-json\/wp\/v2\/product\/18270","targetHints":{"allow":["GET"]}}],"collection":[{"href":"https:\/\/420now.co\/fr-ca\/wp-json\/wp\/v2\/product"}],"about":[{"href":"https:\/\/420now.co\/fr-ca\/wp-json\/wp\/v2\/types\/product"}],"replies":[{"embeddable":true,"href":"https:\/\/420now.co\/fr-ca\/wp-json\/wp\/v2\/comments?post=18270"}],"wp:featuredmedia":[{"embeddable":true,"href":"https:\/\/420now.co\/fr-ca\/wp-json\/wp\/v2\/media\/16765"}],"wp:attachment":[{"href":"https:\/\/420now.co\/fr-ca\/wp-json\/wp\/v2\/media?parent=18270"}],"wp:term":[{"taxonomy":"product_brand","embeddable":true,"href":"https:\/\/420now.co\/fr-ca\/wp-json\/wp\/v2\/product_brand?post=18270"},{"taxonomy":"product_cat","embeddable":true,"href":"https:\/\/420now.co\/fr-ca\/wp-json\/wp\/v2\/product_cat?post=18270"},{"taxonomy":"product_tag","embeddable":true,"href":"https:\/\/420now.co\/fr-ca\/wp-json\/wp\/v2\/product_tag?post=18270"}],"curies":[{"name":"wp","href":"https:\/\/api.w.org\/{rel}","templated":true}]}}