{"id":18272,"date":"2021-02-01T16:27:54","date_gmt":"2021-02-01T21:27:54","guid":{"rendered":"https:\/\/420now.co\/product\/faded-edibles-thc-gummy-240-mg-paquet-de-fete\/"},"modified":"2025-04-11T09:44:39","modified_gmt":"2025-04-11T13:44:39","slug":"faded-edibles-thc-gummy-240-mg-paquet-de-fete","status":"publish","type":"product","link":"https:\/\/420now.co\/fr-ca\/product\/faded-edibles-thc-gummy-240-mg-paquet-de-fete\/","title":{"rendered":"Faded Edibles THC Gummy 240 mg PAQUET DE F\u00caTE"},"content":{"rendered":"<p>Ces gommes de 240 mg de THC sont livr\u00e9es avec 8 pi\u00e8ces qui contiennent 30 mg de THC par pi\u00e8ce. Les paquets de fruits et les paquets vari\u00e9s vous permettent d\u2019avoir un peu de tout \u00e0 partir d\u2019une s\u00e9lection compl\u00e8te de gommes. Soulagez-vous de vos soucis et de vos douleurs en en consommant quelques-uns.<\/p>\n","protected":false},"excerpt":{"rendered":"<p>Ces gommes de 240 mg de THC sont livr\u00e9es avec 8 pi\u00e8ces qui contiennent 30 mg de THC par pi\u00e8ce. Les paquets de fruits et les paquets vari\u00e9s vous permettent d\u2019avoir un peu de tout \u00e0 partir d\u2019une s\u00e9lection compl\u00e8te de gommes. Soulagez-vous de vos soucis et de vos douleurs en en consommant quelques-uns.<\/p>\n","protected":false},"featured_media":16767,"comment_status":"closed","ping_status":"closed","template":"","meta":{"_acf_changed":false},"product_brand":[],"product_cat":[225,219,231],"product_tag":[298],"class_list":{"0":"post-18272","1":"product","2":"type-product","3":"status-publish","4":"has-post-thumbnail","6":"product_cat-bonbons","7":"product_cat-comestibles","8":"product_cat-gummies-fr-ca","9":"product_tag-faded-gummy-fr-ca","11":"first","12":"instock","13":"shipping-taxable","14":"purchasable","15":"product-type-simple"},"acf":[],"_links":{"self":[{"href":"https:\/\/420now.co\/fr-ca\/wp-json\/wp\/v2\/product\/18272","targetHints":{"allow":["GET"]}}],"collection":[{"href":"https:\/\/420now.co\/fr-ca\/wp-json\/wp\/v2\/product"}],"about":[{"href":"https:\/\/420now.co\/fr-ca\/wp-json\/wp\/v2\/types\/product"}],"replies":[{"embeddable":true,"href":"https:\/\/420now.co\/fr-ca\/wp-json\/wp\/v2\/comments?post=18272"}],"wp:featuredmedia":[{"embeddable":true,"href":"https:\/\/420now.co\/fr-ca\/wp-json\/wp\/v2\/media\/16767"}],"wp:attachment":[{"href":"https:\/\/420now.co\/fr-ca\/wp-json\/wp\/v2\/media?parent=18272"}],"wp:term":[{"taxonomy":"product_brand","embeddable":true,"href":"https:\/\/420now.co\/fr-ca\/wp-json\/wp\/v2\/product_brand?post=18272"},{"taxonomy":"product_cat","embeddable":true,"href":"https:\/\/420now.co\/fr-ca\/wp-json\/wp\/v2\/product_cat?post=18272"},{"taxonomy":"product_tag","embeddable":true,"href":"https:\/\/420now.co\/fr-ca\/wp-json\/wp\/v2\/product_tag?post=18272"}],"curies":[{"name":"wp","href":"https:\/\/api.w.org\/{rel}","templated":true}]}}