{"id":18273,"date":"2021-02-01T12:57:51","date_gmt":"2021-02-01T17:57:51","guid":{"rendered":"https:\/\/420now.co\/product\/remplisseuse-de-cone-raw\/"},"modified":"2026-02-07T10:43:31","modified_gmt":"2026-02-07T15:43:31","slug":"remplisseuse-de-cone-raw","status":"publish","type":"product","link":"https:\/\/420now.co\/fr-ca\/product\/remplisseuse-de-cone-raw\/","title":{"rendered":"RAW Remplisseuse de c\u00f4ne"},"content":{"rendered":"<p>Le remplisseur de c\u00f4ne RAW vous permet de remplir <b>des c\u00f4nes pr\u00e9-roul\u00e9s avec une extr\u00eame facilit\u00e9<\/b>. Les c\u00f4nes pr\u00e9-roul\u00e9s sont con\u00e7us pour \u00eatre plus faciles que de rouler les v\u00f4tres, mais griller vos herbes et les fourrer dans le petit tube finit par prendre tout autant de temps. Plus maintenant! Vous pouvez maintenant remplir des c\u00f4nes \u00e0 la m\u00eame vitesse qu\u2019une machine \u00e0 rouler ordinaire.   <\/p>\n","protected":false},"excerpt":{"rendered":"<p>Le remplisseur de c\u00f4ne RAW vous permet de remplir <b>des c\u00f4nes pr\u00e9-roul\u00e9s avec une extr\u00eame facilit\u00e9<\/b>. Les c\u00f4nes pr\u00e9-roul\u00e9s sont con\u00e7us pour \u00eatre plus faciles que de rouler les v\u00f4tres, mais griller vos herbes et les fourrer dans le petit tube finit par prendre tout autant de temps. Plus maintenant! Vous pouvez maintenant remplir des c\u00f4nes \u00e0 la m\u00eame vitesse qu\u2019une machine \u00e0 rouler ordinaire.   <\/p>\n","protected":false},"featured_media":16770,"comment_status":"open","ping_status":"closed","template":"","meta":{"_acf_changed":false},"product_brand":[],"product_cat":[256,329],"product_tag":[],"class_list":{"0":"post-18273","1":"product","2":"type-product","3":"status-publish","4":"has-post-thumbnail","6":"product_cat-attirail","7":"product_cat-cones-roulants","9":"first","10":"instock","11":"shipping-taxable","12":"purchasable","13":"product-type-simple"},"acf":[],"_links":{"self":[{"href":"https:\/\/420now.co\/fr-ca\/wp-json\/wp\/v2\/product\/18273","targetHints":{"allow":["GET"]}}],"collection":[{"href":"https:\/\/420now.co\/fr-ca\/wp-json\/wp\/v2\/product"}],"about":[{"href":"https:\/\/420now.co\/fr-ca\/wp-json\/wp\/v2\/types\/product"}],"replies":[{"embeddable":true,"href":"https:\/\/420now.co\/fr-ca\/wp-json\/wp\/v2\/comments?post=18273"}],"wp:featuredmedia":[{"embeddable":true,"href":"https:\/\/420now.co\/fr-ca\/wp-json\/wp\/v2\/media\/16770"}],"wp:attachment":[{"href":"https:\/\/420now.co\/fr-ca\/wp-json\/wp\/v2\/media?parent=18273"}],"wp:term":[{"taxonomy":"product_brand","embeddable":true,"href":"https:\/\/420now.co\/fr-ca\/wp-json\/wp\/v2\/product_brand?post=18273"},{"taxonomy":"product_cat","embeddable":true,"href":"https:\/\/420now.co\/fr-ca\/wp-json\/wp\/v2\/product_cat?post=18273"},{"taxonomy":"product_tag","embeddable":true,"href":"https:\/\/420now.co\/fr-ca\/wp-json\/wp\/v2\/product_tag?post=18273"}],"curies":[{"name":"wp","href":"https:\/\/api.w.org\/{rel}","templated":true}]}}