{"id":18274,"date":"2021-01-28T21:26:42","date_gmt":"2021-01-28T21:26:42","guid":{"rendered":"https:\/\/420now.co\/product\/killer-skunk\/"},"modified":"2026-03-12T20:26:23","modified_gmt":"2026-03-13T00:26:23","slug":"killer-skunk","status":"publish","type":"product","link":"https:\/\/420now.co\/fr-ca\/product\/killer-skunk\/","title":{"rendered":"Killer Skunk"},"content":{"rendered":"<p>Killer Skunk Berry est une vari\u00e9t\u00e9 hybride forte avec une teneur en Indica\/Sativa d\u2019environ 50\/50%, mais certaines de ses vari\u00e9t\u00e9s montrent une dominance Sativa. C\u2019est un croisement entre <a href=\"https:\/\/www.allbud.com\/marijuana-strains\/hybrid\/smellyberry\" target=\"_blank\" rel=\"noopener\">Smelly Berry<\/a> et <a href=\"https:\/\/www.allbud.com\/marijuana-strains\/sativa-dominant-hybrid\/blues\" target=\"_blank\" rel=\"noopener\">Blues<\/a>. Elle a de longues feuilles et des bourgeons de couleur vert fonc\u00e9 couverts de poils. Elle a une bonne puissance, mais le niveau exact de THC reste inconnu. Il a un effet l\u00e9ger \u00e0 fort qui d\u00e9tend et calme votre corps. Cela vous rend heureux et social, c\u2019est donc une bonne vari\u00e9t\u00e9 \u00e0 fumer lorsque vous \u00eates d\u2019humeur \u00e0 rencontrer de nouvelles personnes. Il a un ar\u00f4me puissant qui est un m\u00e9lange d\u2019agrumes, de mouffette et de parfums sucr\u00e9s. Killer Skunk Berry a une saveur tr\u00e8s sucr\u00e9e, ce qui en fait une vari\u00e9t\u00e9 agr\u00e9able \u00e0 fumer. En raison de son effet calmant sur votre syst\u00e8me, ce cannabis est un bon rem\u00e8de contre la d\u00e9pression et le stress de diverses sortes. Les patients souffrant de douleur chronique peuvent \u00e9galement obtenir un soulagement en fumant Killer Skunk Berry. Il est \u00e9galement bon pour traiter les spasmes musculaires s\u00e9v\u00e8res.          <\/p>\n","protected":false},"excerpt":{"rendered":"<p>Killer Skunk Berry est une vari\u00e9t\u00e9 hybride forte avec une teneur en Indica\/Sativa d\u2019environ 50\/50%, mais certaines de ses vari\u00e9t\u00e9s montrent une dominance Sativa. C\u2019est un croisement entre <a href=\"https:\/\/www.allbud.com\/marijuana-strains\/hybrid\/smellyberry\">Smelly Berry<\/a> et <a href=\"https:\/\/www.allbud.com\/marijuana-strains\/sativa-dominant-hybrid\/blues\">Blues<\/a>. Elle a de longues feuilles et des bourgeons de couleur vert fonc\u00e9 couverts de poils. Elle a une bonne puissance, mais le niveau exact de THC reste inconnu. Il a un effet l\u00e9ger \u00e0 fort qui d\u00e9tend et calme votre corps. Cela vous rend heureux et social, c\u2019est donc une bonne vari\u00e9t\u00e9 \u00e0 fumer lorsque vous \u00eates d\u2019humeur \u00e0 rencontrer de nouvelles personnes. Il a un ar\u00f4me puissant qui est un m\u00e9lange d\u2019agrumes, de mouffette et de parfums sucr\u00e9s. Killer Skunk Berry a une saveur tr\u00e8s sucr\u00e9e, ce qui en fait une vari\u00e9t\u00e9 agr\u00e9able \u00e0 fumer. En raison de son effet calmant sur votre syst\u00e8me, ce cannabis est un bon rem\u00e8de contre la d\u00e9pression et le stress de diverses sortes. Les patients souffrant de douleur chronique peuvent \u00e9galement obtenir un soulagement en fumant Killer Skunk Berry. Il est \u00e9galement bon pour traiter les spasmes musculaires s\u00e9v\u00e8res.          <\/p>\n<p>EN RUPTURE DE STOCK POUR LE MOMENT<\/p>\n","protected":false},"featured_media":16763,"comment_status":"open","ping_status":"closed","template":"","meta":{"_acf_changed":false},"product_brand":[],"product_cat":[249],"product_tag":[],"class_list":{"0":"post-18274","1":"product","2":"type-product","3":"status-publish","4":"has-post-thumbnail","6":"product_cat-hybride-pot","7":"pa_weight-1-oz-fr-ca","8":"pa_weight-1-2-oz-fr-ca","9":"pa_weight-1-4-oz-fr-ca-2","11":"first","12":"outofstock","13":"shipping-taxable","14":"purchasable","15":"product-type-variable"},"acf":[],"_links":{"self":[{"href":"https:\/\/420now.co\/fr-ca\/wp-json\/wp\/v2\/product\/18274","targetHints":{"allow":["GET"]}}],"collection":[{"href":"https:\/\/420now.co\/fr-ca\/wp-json\/wp\/v2\/product"}],"about":[{"href":"https:\/\/420now.co\/fr-ca\/wp-json\/wp\/v2\/types\/product"}],"replies":[{"embeddable":true,"href":"https:\/\/420now.co\/fr-ca\/wp-json\/wp\/v2\/comments?post=18274"}],"wp:featuredmedia":[{"embeddable":true,"href":"https:\/\/420now.co\/fr-ca\/wp-json\/wp\/v2\/media\/16763"}],"wp:attachment":[{"href":"https:\/\/420now.co\/fr-ca\/wp-json\/wp\/v2\/media?parent=18274"}],"wp:term":[{"taxonomy":"product_brand","embeddable":true,"href":"https:\/\/420now.co\/fr-ca\/wp-json\/wp\/v2\/product_brand?post=18274"},{"taxonomy":"product_cat","embeddable":true,"href":"https:\/\/420now.co\/fr-ca\/wp-json\/wp\/v2\/product_cat?post=18274"},{"taxonomy":"product_tag","embeddable":true,"href":"https:\/\/420now.co\/fr-ca\/wp-json\/wp\/v2\/product_tag?post=18274"}],"curies":[{"name":"wp","href":"https:\/\/api.w.org\/{rel}","templated":true}]}}