{"id":18276,"date":"2021-01-28T17:31:16","date_gmt":"2021-01-28T17:31:16","guid":{"rendered":"https:\/\/420now.co\/product\/black-diamond\/"},"modified":"2026-03-12T20:30:43","modified_gmt":"2026-03-13T00:30:43","slug":"black-diamond","status":"publish","type":"product","link":"https:\/\/420now.co\/fr-ca\/product\/black-diamond\/","title":{"rendered":"Black Diamond"},"content":{"rendered":"<p>Black Diamond est une vari\u00e9t\u00e9 de marijuana Indica du nord de la Californie. C\u2019est la vari\u00e9t\u00e9 id\u00e9ale pour les patients qui ont besoin de m\u00e9dicaments puissants, mais qui veulent tout de m\u00eame \u00eatre actifs et sociables. Croisement entre Blackberry et Diamond OG, ses fleurs ont une couverture de trichomes paillet\u00e9e et une coloration violette qui en font un beau bijou \u00e0 regarder. L\u2019ar\u00f4me de la vari\u00e9t\u00e9 est musqu\u00e9 et terreux, presque comme un vin rouge profond. Black Diamond est connue pour provoquer des crises de rire et est une excellente vari\u00e9t\u00e9 pour passer du temps avec des amis ou regarder des \u00e9missions de t\u00e9l\u00e9vision \u00e0 la maison. Cette vari\u00e9t\u00e9 a tendance \u00e0 rendre les consommateurs extr\u00eamement affam\u00e9s, ce qui en fait un bon choix pour ceux qui cherchent \u00e0 augmenter leur app\u00e9tit (assurez-vous simplement d\u2019avoir des collations sous la main).     <\/p>\n","protected":false},"excerpt":{"rendered":"<p>Black Diamond est une vari\u00e9t\u00e9 de marijuana Indica du nord de la Californie. C\u2019est la vari\u00e9t\u00e9 id\u00e9ale pour les patients qui ont besoin de m\u00e9dicaments puissants, mais qui veulent tout de m\u00eame \u00eatre actifs et sociables. Croisement entre Blackberry et Diamond OG, ses fleurs ont une couverture de trichomes paillet\u00e9e et une coloration violette qui en font un beau bijou \u00e0 regarder. L\u2019ar\u00f4me de la vari\u00e9t\u00e9 est musqu\u00e9 et terreux, presque comme un vin rouge profond. Black Diamond est connue pour provoquer des crises de rire et est une excellente vari\u00e9t\u00e9 pour passer du temps avec des amis ou regarder des \u00e9missions de t\u00e9l\u00e9vision \u00e0 la maison. Cette vari\u00e9t\u00e9 a tendance \u00e0 rendre les consommateurs extr\u00eamement affam\u00e9s, ce qui en fait un bon choix pour ceux qui cherchent \u00e0 augmenter leur app\u00e9tit (assurez-vous simplement d\u2019avoir des collations sous la main).     <\/p>\n<p><strong>EN RUPTURE DE STOCK<\/strong><\/p>\n","protected":false},"featured_media":16761,"comment_status":"open","ping_status":"closed","template":"","meta":{"_acf_changed":false},"product_brand":[],"product_cat":[250],"product_tag":[302],"class_list":{"0":"post-18276","1":"product","2":"type-product","3":"status-publish","4":"has-post-thumbnail","6":"product_cat-pot-indica","7":"product_tag-indica-fr-ca","8":"pa_weight-1-oz-fr-ca","9":"pa_weight-1-2-oz-fr-ca","10":"pa_weight-1-4-oz-fr-ca-2","12":"first","13":"outofstock","14":"shipping-taxable","15":"purchasable","16":"product-type-variable"},"acf":[],"_links":{"self":[{"href":"https:\/\/420now.co\/fr-ca\/wp-json\/wp\/v2\/product\/18276","targetHints":{"allow":["GET"]}}],"collection":[{"href":"https:\/\/420now.co\/fr-ca\/wp-json\/wp\/v2\/product"}],"about":[{"href":"https:\/\/420now.co\/fr-ca\/wp-json\/wp\/v2\/types\/product"}],"replies":[{"embeddable":true,"href":"https:\/\/420now.co\/fr-ca\/wp-json\/wp\/v2\/comments?post=18276"}],"wp:featuredmedia":[{"embeddable":true,"href":"https:\/\/420now.co\/fr-ca\/wp-json\/wp\/v2\/media\/16761"}],"wp:attachment":[{"href":"https:\/\/420now.co\/fr-ca\/wp-json\/wp\/v2\/media?parent=18276"}],"wp:term":[{"taxonomy":"product_brand","embeddable":true,"href":"https:\/\/420now.co\/fr-ca\/wp-json\/wp\/v2\/product_brand?post=18276"},{"taxonomy":"product_cat","embeddable":true,"href":"https:\/\/420now.co\/fr-ca\/wp-json\/wp\/v2\/product_cat?post=18276"},{"taxonomy":"product_tag","embeddable":true,"href":"https:\/\/420now.co\/fr-ca\/wp-json\/wp\/v2\/product_tag?post=18276"}],"curies":[{"name":"wp","href":"https:\/\/api.w.org\/{rel}","templated":true}]}}