{"id":18279,"date":"2021-01-19T12:27:02","date_gmt":"2021-01-19T17:27:02","guid":{"rendered":"https:\/\/420now.co\/product\/teinture-cbd-thc-2-en-1-de-herb-angels\/"},"modified":"2026-02-08T14:29:37","modified_gmt":"2026-02-08T19:29:37","slug":"teinture-cbd-thc-2-en-1-de-herb-angels","status":"publish","type":"product","link":"https:\/\/420now.co\/fr-ca\/product\/teinture-cbd-thc-2-en-1-de-herb-angels\/","title":{"rendered":"Herb Angels Teinture CBD-THC 2:1"},"content":{"rendered":"<h2>Herb Angels CBD THC pour soulager la douleur et la clart\u00e9 mentale<\/h2>\n<p>Avez-vous besoin d\u2019un soulagement de la douleur chronique? Peut-\u00eatre souffrez-vous aussi de brouillard mental et de fatigue &#8211; la teinture de CBD-THC 2 \u00e0 1 de Herb Angels pourrait \u00eatre l\u2019aide dont vous avez besoin.  La science commence tout juste \u00e0 r\u00e9aliser les bienfaits des ingr\u00e9dients du cannabis tels que le THC et le CBD \u2013 et Herb Angels fabrique un produit fantastique de haute puret\u00e9, fabriqu\u00e9 avec des ingr\u00e9dients sup\u00e9rieurs comme l\u2019huile de coco MCT, le distillat et le cannabidiol.<\/p>\n<p>500 mg de CBD et 250 mg de THC, 30 ml.<\/p>\n<p>Ingr\u00e9dients enti\u00e8rement naturels qui ne contiennent aucune saveur et odeur. Les produits d\u00e9riv\u00e9s du cannabis, y compris le CBD et le THC, sont anti-inflammatoires et peuvent aider \u00e0 soulager les douleurs aigu\u00ebs et chroniques. <\/p>\n<h2>Livraison gratuite Teinture aux anges aux herbes &#8211; R\u00e9gion du Grand Toronto<\/h2>\n<p>420 Now Weed Delivery offre une livraison gratuite en 2 heures dans la r\u00e9gion du Grand Toronto avec une commande minimale de 100,00 $. Restez \u00e0 la maison et nous apporterons le produit directement \u00e0 votre porte. Les commandes minimales incluent 100,00 $ de tous les produits sur notre site Web &#8211; vous pouvez m\u00e9langer et assortir pour atteindre la commande minimale. Un petit suppl\u00e9ment de 10,00 $ est appliqu\u00e9 aux commandes de moins de 100,00 $.   <\/p>\n<p>Si vous souffrez de douleurs chroniques, la puret\u00e9 et les normes des produits Herb Angels pourraient vous aider \u00e0 trouver un soulagement! Avec des propri\u00e9t\u00e9s anti-inflammatoires connues et puissantes, la teinture de CBD\/THC 2:1 pourrait vous aider, comme d\u2019autres l\u2019ont rapport\u00e9. <\/p>\n<p>L\u2019inflammation dans le corps est consid\u00e9r\u00e9e par certains nutritionnistes et experts m\u00e9dicaux comme une cause profonde de maladie, de douleur et m\u00eame de d\u00e9tresse psychologique; Se d\u00e9barrasser de l\u2019inflammation peut soulager consid\u00e9rablement les sympt\u00f4mes.<\/p>\n<p style=\"text-align: center;\"><strong>La livraison gratuite dans la r\u00e9gion du Grand Toronto comprend Toronto, Vaughan, Richmond Hill, Thornhill, Markham, Newmarket, Aurora, Caledon, Bolton, Unionville, North York, Scarborough, Etobicoke, Mississauga, Brampton, King (City) <a href=\"https:\/\/420now.co\/fr-ca\/region-du-grand-toronto-rgt-livraison-gratuite\/\">Township \u2013 voir notre couverture compl\u00e8te ici<\/a>.<\/strong><\/p>\n","protected":false},"excerpt":{"rendered":"<p>Avez-vous besoin d\u2019un soulagement de la douleur chronique? Peut-\u00eatre souffrez-vous aussi de brouillard mental et de fatigue &#8211; la teinture de CBD-THC 2 \u00e0 1 de Herb Angels pourrait \u00eatre l\u2019aide dont vous avez besoin. <\/p>\n<p>La teinture Herb Angels 2:1 contient 500 mg de CBD et 250 mg de THC.<\/p>\n<p>Ajouter au th\u00e9, au jus ou \u00e0 l\u2019eau, ou \u00e0 la dose sublinguale.<\/p>\n<p>30ml<\/p>\n<p>EN RUPTURE DE STOCK<\/p>\n","protected":false},"featured_media":17453,"comment_status":"open","ping_status":"closed","template":"","meta":{"_acf_changed":false},"product_brand":[363],"product_cat":[269,208],"product_tag":[],"class_list":{"0":"post-18279","1":"product","2":"type-product","3":"status-publish","4":"has-post-thumbnail","6":"product_brand-herb-angels","7":"product_cat-teintures","8":"product_cat-cbd-fr-ca","10":"first","11":"outofstock","12":"shipping-taxable","13":"purchasable","14":"product-type-simple"},"acf":[],"_links":{"self":[{"href":"https:\/\/420now.co\/fr-ca\/wp-json\/wp\/v2\/product\/18279","targetHints":{"allow":["GET"]}}],"collection":[{"href":"https:\/\/420now.co\/fr-ca\/wp-json\/wp\/v2\/product"}],"about":[{"href":"https:\/\/420now.co\/fr-ca\/wp-json\/wp\/v2\/types\/product"}],"replies":[{"embeddable":true,"href":"https:\/\/420now.co\/fr-ca\/wp-json\/wp\/v2\/comments?post=18279"}],"wp:featuredmedia":[{"embeddable":true,"href":"https:\/\/420now.co\/fr-ca\/wp-json\/wp\/v2\/media\/17453"}],"wp:attachment":[{"href":"https:\/\/420now.co\/fr-ca\/wp-json\/wp\/v2\/media?parent=18279"}],"wp:term":[{"taxonomy":"product_brand","embeddable":true,"href":"https:\/\/420now.co\/fr-ca\/wp-json\/wp\/v2\/product_brand?post=18279"},{"taxonomy":"product_cat","embeddable":true,"href":"https:\/\/420now.co\/fr-ca\/wp-json\/wp\/v2\/product_cat?post=18279"},{"taxonomy":"product_tag","embeddable":true,"href":"https:\/\/420now.co\/fr-ca\/wp-json\/wp\/v2\/product_tag?post=18279"}],"curies":[{"name":"wp","href":"https:\/\/api.w.org\/{rel}","templated":true}]}}