{"id":18303,"date":"2020-05-01T09:04:58","date_gmt":"2020-05-01T13:04:58","guid":{"rendered":"https:\/\/420now.co\/product\/papiers-a-rouler-papes\/"},"modified":"2026-03-25T12:52:21","modified_gmt":"2026-03-25T16:52:21","slug":"papiers-a-rouler-papes","status":"publish","type":"product","link":"https:\/\/420now.co\/fr-ca\/product\/papiers-a-rouler-papes\/","title":{"rendered":"Papes Papiers \u00e0 rouler"},"content":{"rendered":"<h2>Papiers \u00e0 rouler au chanvre de qualit\u00e9 sup\u00e9rieure<\/h2>\n<p>Fabriqu\u00e9s uniquement avec le meilleur chanvre d\u2019origine biologique, les papiers \u00e0 rouler Pape proviennent de France et sont produits et emball\u00e9s de mani\u00e8re exquise. Tout est bien fait, y compris l\u2019emballage qui a une fermeture magn\u00e9tique pour garder vos papiers propres et secs. Vous allez adorer Papes!  <\/p>\n<h2>Livraison gratuite dans la r\u00e9gion du Grand Toronto<\/h2>\n<p>Nous avons une commande minimale de 100,00 $ pour \u00eatre admissibles \u00e0 la livraison gratuite de cannabis dans la r\u00e9gion du Grand Toronto &#8211; et nous sommes \u00e0 peu pr\u00e8s certains que vous ne voudrez pas acheter 100,00 Pape\u2019s Papers! Mais assurez-vous simplement de les ajouter \u00e0 votre panier &#8211; si c\u2019est ce qu\u2019il faut pour porter votre commande minimale \u00e0 100,00 $ pour \u00eatre admissible \u00e0 la livraison gratuite en 2 heures. Vous serez heureux d\u2019avoir essay\u00e9 Pape\u2019s!  <\/p>\n<p>Nos clients adorent ces papiers de chanvre qui sont \u00e9galement livr\u00e9s avec des embouts filtrants.<\/p>\n<p style=\"text-align: center;\"><strong>La livraison gratuite dans la r\u00e9gion du Grand Toronto comprend Toronto, Vaughan, Richmond Hill, Thornhill, Markham, Newmarket, Aurora, Caledon, Bolton, Unionville, North York, Scarborough, Etobicoke, Mississauga, Brampton, King (City) <a href=\"https:\/\/420now.co\/fr-ca\/region-du-grand-toronto-rgt-livraison-gratuite\/\">Township \u2013 voir notre couverture compl\u00e8te ici<\/a>.<\/strong><\/p>\n","protected":false},"excerpt":{"rendered":"<p>Si vous n\u2019avez jamais essay\u00e9 Pape\u2019s, il est temps que vous le fassiez! Fabriqu\u00e9s en France, mais distribu\u00e9s au Canada, les papiers \u00e0 rouler Premium Hemp de Pape sont fabriqu\u00e9s avec du chanvre 100% naturel, sans OGM et d\u2019origine biologique. <\/p>\n<p>32 papiers \u00e0 rouler par paquet. Scelle magn\u00e9tiquement. <\/p>\n<p>&nbsp;<\/p>\n","protected":false},"featured_media":16647,"comment_status":"open","ping_status":"closed","template":"","meta":{"_acf_changed":false},"product_brand":[],"product_cat":[261],"product_tag":[],"class_list":{"0":"post-18303","1":"product","2":"type-product","3":"status-publish","4":"has-post-thumbnail","6":"product_cat-papier-a-rouler","8":"first","9":"instock","10":"shipping-taxable","11":"purchasable","12":"product-type-simple"},"acf":[],"_links":{"self":[{"href":"https:\/\/420now.co\/fr-ca\/wp-json\/wp\/v2\/product\/18303","targetHints":{"allow":["GET"]}}],"collection":[{"href":"https:\/\/420now.co\/fr-ca\/wp-json\/wp\/v2\/product"}],"about":[{"href":"https:\/\/420now.co\/fr-ca\/wp-json\/wp\/v2\/types\/product"}],"replies":[{"embeddable":true,"href":"https:\/\/420now.co\/fr-ca\/wp-json\/wp\/v2\/comments?post=18303"}],"wp:featuredmedia":[{"embeddable":true,"href":"https:\/\/420now.co\/fr-ca\/wp-json\/wp\/v2\/media\/16647"}],"wp:attachment":[{"href":"https:\/\/420now.co\/fr-ca\/wp-json\/wp\/v2\/media?parent=18303"}],"wp:term":[{"taxonomy":"product_brand","embeddable":true,"href":"https:\/\/420now.co\/fr-ca\/wp-json\/wp\/v2\/product_brand?post=18303"},{"taxonomy":"product_cat","embeddable":true,"href":"https:\/\/420now.co\/fr-ca\/wp-json\/wp\/v2\/product_cat?post=18303"},{"taxonomy":"product_tag","embeddable":true,"href":"https:\/\/420now.co\/fr-ca\/wp-json\/wp\/v2\/product_tag?post=18303"}],"curies":[{"name":"wp","href":"https:\/\/api.w.org\/{rel}","templated":true}]}}