{"id":18307,"date":"2020-05-01T09:02:27","date_gmt":"2020-05-01T13:02:27","guid":{"rendered":"https:\/\/420now.co\/product\/cones-papes-king-size\/"},"modified":"2026-02-07T10:54:28","modified_gmt":"2026-02-07T15:54:28","slug":"cones-papes-king-size","status":"publish","type":"product","link":"https:\/\/420now.co\/fr-ca\/product\/cones-papes-king-size\/","title":{"rendered":"Papes C\u00f4nes King Size"},"content":{"rendered":"<h2>C\u00f4nes de chanvre King Size de Pape<\/h2>\n<p>Ces c\u00f4nes King Size fabriqu\u00e9s \u00e0 partir de chanvre biologique sans OGM vous offrent une capacit\u00e9 d\u2019environ 1,2 gramme. Vous adorerez le papier fin et le fait qu\u2019ils soient dot\u00e9s d\u2019embouts filtrants et du chevauchement le plus mince au monde. Ils sont fabriqu\u00e9s avec une machine \u00e0 rouler des c\u00f4nes en instance de brevet; le tout premier au monde!  <\/p>\n<p>Pape\u2019s vous apporte une haute qualit\u00e9 dans chaque produit avec les valeurs d\u2019\u00eatre purement naturel et biologique.<\/p>\n<h2>Livraison gratuite de c\u00f4nes de chanvre en 2 heures dans la r\u00e9gion du Grand Toronto<\/h2>\n<p>Nous vous offrons une livraison gratuite en 2 heures partout dans la r\u00e9gion du Grand Toronto lorsque vous commandez un minimum de 100,00 $ chez nous. Incluez les c\u00f4nes de chanvre King Size de Pape avec votre commande et nous savons que vous serez ravi. <\/p>\n<p style=\"text-align: center;\"><strong>La livraison gratuite dans la r\u00e9gion du Grand Toronto comprend Toronto, Vaughan, Richmond Hill, Thornhill, Markham, Newmarket, Aurora, Caledon, Bolton, Unionville, North York, Scarborough, Etobicoke, Mississauga, Brampton, King (City) <a href=\"https:\/\/420now.co\/fr-ca\/region-du-grand-toronto-rgt-livraison-gratuite\/\">Township \u2013 voir notre couverture compl\u00e8te ici<\/a>.<\/strong><\/p>\n","protected":false},"excerpt":{"rendered":"<p>C\u00f4nes de chanvre pr\u00e9roul\u00e9s de qualit\u00e9 sup\u00e9rieure de Pape\u2019s &#8211; King Size.<\/p>\n<p>Vous adorerez les c\u00f4nes pr\u00e9-roul\u00e9s, non seulement parce qu\u2019ils sont pr\u00e9-roul\u00e9s, mais aussi pour le chanvre biologique de haute qualit\u00e9. Fabriqu\u00e9s en France, les papiers \u00e0 rouler et les c\u00f4nes de Pape sont de la plus haute qualit\u00e9 vous offrant une fum\u00e9e exquise \u00e0 chaque fois. <\/p>\n<p>Capacit\u00e9 d\u2019environ 1,2 gramme.<\/p>\n","protected":false},"featured_media":16646,"comment_status":"open","ping_status":"closed","template":"","meta":{"_acf_changed":false},"product_brand":[],"product_cat":[329,256],"product_tag":[],"class_list":{"0":"post-18307","1":"product","2":"type-product","3":"status-publish","4":"has-post-thumbnail","6":"product_cat-cones-roulants","7":"product_cat-attirail","9":"first","10":"instock","11":"shipping-taxable","12":"purchasable","13":"product-type-simple"},"acf":[],"_links":{"self":[{"href":"https:\/\/420now.co\/fr-ca\/wp-json\/wp\/v2\/product\/18307","targetHints":{"allow":["GET"]}}],"collection":[{"href":"https:\/\/420now.co\/fr-ca\/wp-json\/wp\/v2\/product"}],"about":[{"href":"https:\/\/420now.co\/fr-ca\/wp-json\/wp\/v2\/types\/product"}],"replies":[{"embeddable":true,"href":"https:\/\/420now.co\/fr-ca\/wp-json\/wp\/v2\/comments?post=18307"}],"wp:featuredmedia":[{"embeddable":true,"href":"https:\/\/420now.co\/fr-ca\/wp-json\/wp\/v2\/media\/16646"}],"wp:attachment":[{"href":"https:\/\/420now.co\/fr-ca\/wp-json\/wp\/v2\/media?parent=18307"}],"wp:term":[{"taxonomy":"product_brand","embeddable":true,"href":"https:\/\/420now.co\/fr-ca\/wp-json\/wp\/v2\/product_brand?post=18307"},{"taxonomy":"product_cat","embeddable":true,"href":"https:\/\/420now.co\/fr-ca\/wp-json\/wp\/v2\/product_cat?post=18307"},{"taxonomy":"product_tag","embeddable":true,"href":"https:\/\/420now.co\/fr-ca\/wp-json\/wp\/v2\/product_tag?post=18307"}],"curies":[{"name":"wp","href":"https:\/\/api.w.org\/{rel}","templated":true}]}}