{"id":18309,"date":"2020-04-26T00:48:50","date_gmt":"2020-04-26T04:48:50","guid":{"rendered":"https:\/\/420now.co\/product\/kush-kitchen-gum-pop-180-mg-thc\/"},"modified":"2025-04-11T09:45:01","modified_gmt":"2025-04-11T13:45:01","slug":"kush-kitchen-gum-pop-180-mg-thc","status":"publish","type":"product","link":"https:\/\/420now.co\/fr-ca\/product\/kush-kitchen-gum-pop-180-mg-thc\/","title":{"rendered":"Kush Kitchen Gum Pop 180 MG THC"},"content":{"rendered":"","protected":false},"excerpt":{"rendered":"<p>Kush Kitchen est fi\u00e8re d\u2019\u00eatre la premi\u00e8re cr\u00e9atrice de la gomme m\u00e9dicamenteuse au THC. Chaque boisson est m\u00e9lang\u00e9e \u00e0 2 saveurs et contient un morceau de gomme de raisin ou de cerise de 30 mg de THC \u00e0 l\u2019int\u00e9rieur! Offrant une g\u00e2terie sucr\u00e9e et puissante, leurs Gum Pops p\u00e8sent 180 MG de THC par Gum Pop. Les amateurs de bonbons peuvent choisir parmi un large assortiment de saveurs disponibles, telles que la fraise et la gomme \u00e0 bulles, la bleuette et la p\u00eache, Watermelon et la lime.   <\/p>\n","protected":false},"featured_media":16549,"comment_status":"open","ping_status":"closed","template":"","meta":{"_acf_changed":false},"product_brand":[],"product_cat":[225,219],"product_tag":[304,307],"class_list":{"0":"post-18309","1":"product","2":"type-product","3":"status-publish","4":"has-post-thumbnail","6":"product_cat-bonbons","7":"product_cat-comestibles","8":"product_tag-kush-kitchen-fr-ca","9":"product_tag-lollipops-fr-ca","11":"first","12":"instock","13":"shipping-taxable","14":"purchasable","15":"product-type-variable"},"acf":[],"_links":{"self":[{"href":"https:\/\/420now.co\/fr-ca\/wp-json\/wp\/v2\/product\/18309","targetHints":{"allow":["GET"]}}],"collection":[{"href":"https:\/\/420now.co\/fr-ca\/wp-json\/wp\/v2\/product"}],"about":[{"href":"https:\/\/420now.co\/fr-ca\/wp-json\/wp\/v2\/types\/product"}],"replies":[{"embeddable":true,"href":"https:\/\/420now.co\/fr-ca\/wp-json\/wp\/v2\/comments?post=18309"}],"wp:featuredmedia":[{"embeddable":true,"href":"https:\/\/420now.co\/fr-ca\/wp-json\/wp\/v2\/media\/16549"}],"wp:attachment":[{"href":"https:\/\/420now.co\/fr-ca\/wp-json\/wp\/v2\/media?parent=18309"}],"wp:term":[{"taxonomy":"product_brand","embeddable":true,"href":"https:\/\/420now.co\/fr-ca\/wp-json\/wp\/v2\/product_brand?post=18309"},{"taxonomy":"product_cat","embeddable":true,"href":"https:\/\/420now.co\/fr-ca\/wp-json\/wp\/v2\/product_cat?post=18309"},{"taxonomy":"product_tag","embeddable":true,"href":"https:\/\/420now.co\/fr-ca\/wp-json\/wp\/v2\/product_tag?post=18309"}],"curies":[{"name":"wp","href":"https:\/\/api.w.org\/{rel}","templated":true}]}}