{"id":18310,"date":"2020-04-26T01:08:24","date_gmt":"2020-04-26T05:08:24","guid":{"rendered":"https:\/\/420now.co\/product\/kush-kitchen-hard-candy-150-mg-thc\/"},"modified":"2025-04-11T09:45:01","modified_gmt":"2025-04-11T13:45:01","slug":"kush-kitchen-hard-candy-150-mg-thc","status":"publish","type":"product","link":"https:\/\/420now.co\/fr-ca\/product\/kush-kitchen-hard-candy-150-mg-thc\/","title":{"rendered":"Kush Kitchen Hard Candy 150 MG THC"},"content":{"rendered":"","protected":false},"excerpt":{"rendered":"<p>D\u00e9gustez ces bonbons durs lentement et continuellement, car chaque sac contient 150 MG de THC \u00e9parpill\u00e9s dans de nombreux morceaux. Laissez-les se dissoudre dans votre bouche pour de meilleurs r\u00e9sultats! Les saveurs comprennent la framboise bleue, le citron, l\u2019orange, le raisin et la cerise. Ingr\u00e9dients : Sucre, sirop de ma\u00efs, concentr\u00e9 de cannabis, colorant et ar\u00f4me artificiels.   <\/p>\n","protected":false},"featured_media":16550,"comment_status":"open","ping_status":"closed","template":"","meta":{"_acf_changed":false},"product_brand":[],"product_cat":[225,219],"product_tag":[288,304,307],"class_list":{"0":"post-18310","1":"product","2":"type-product","3":"status-publish","4":"has-post-thumbnail","6":"product_cat-bonbons","7":"product_cat-comestibles","8":"product_tag-hybride","9":"product_tag-kush-kitchen-fr-ca","10":"product_tag-lollipops-fr-ca","12":"first","13":"instock","14":"shipping-taxable","15":"purchasable","16":"product-type-variable"},"acf":[],"_links":{"self":[{"href":"https:\/\/420now.co\/fr-ca\/wp-json\/wp\/v2\/product\/18310","targetHints":{"allow":["GET"]}}],"collection":[{"href":"https:\/\/420now.co\/fr-ca\/wp-json\/wp\/v2\/product"}],"about":[{"href":"https:\/\/420now.co\/fr-ca\/wp-json\/wp\/v2\/types\/product"}],"replies":[{"embeddable":true,"href":"https:\/\/420now.co\/fr-ca\/wp-json\/wp\/v2\/comments?post=18310"}],"wp:featuredmedia":[{"embeddable":true,"href":"https:\/\/420now.co\/fr-ca\/wp-json\/wp\/v2\/media\/16550"}],"wp:attachment":[{"href":"https:\/\/420now.co\/fr-ca\/wp-json\/wp\/v2\/media?parent=18310"}],"wp:term":[{"taxonomy":"product_brand","embeddable":true,"href":"https:\/\/420now.co\/fr-ca\/wp-json\/wp\/v2\/product_brand?post=18310"},{"taxonomy":"product_cat","embeddable":true,"href":"https:\/\/420now.co\/fr-ca\/wp-json\/wp\/v2\/product_cat?post=18310"},{"taxonomy":"product_tag","embeddable":true,"href":"https:\/\/420now.co\/fr-ca\/wp-json\/wp\/v2\/product_tag?post=18310"}],"curies":[{"name":"wp","href":"https:\/\/api.w.org\/{rel}","templated":true}]}}