{"id":18321,"date":"2020-04-26T01:52:29","date_gmt":"2020-04-26T05:52:29","guid":{"rendered":"https:\/\/420now.co\/product\/twisted-extracts-framboise-bleue-zzz-bomb-80mg-thc-indica\/"},"modified":"2026-04-06T21:56:36","modified_gmt":"2026-04-07T01:56:36","slug":"twisted-extracts-framboise-bleue-zzz-bomb-80mg-thc-indica","status":"publish","type":"product","link":"https:\/\/420now.co\/fr-ca\/product\/twisted-extracts-framboise-bleue-zzz-bomb-80mg-thc-indica\/","title":{"rendered":"Twisted Extracts Framboise Bleue ZZZ Bomb 80mg THC Indica"},"content":{"rendered":"","protected":false},"excerpt":{"rendered":"<p>\u00c9vitez la journ\u00e9e de spa et passez directement \u00e0 la tranquillit\u00e9 b\u00e9ate. Ces gommes ont la r\u00e9putation de provoquer des vagues de relaxation. Que vous cherchiez \u00e0 vous d\u00e9tendre apr\u00e8s une journ\u00e9e stressante, \u00e0 soulager la douleur chronique ou \u00e0 tomber dans un sommeil profond (d\u2019o\u00f9 le \u00ab Zzz \u00bb), nos bombes Zzz ont ce qu\u2019il vous faut.    <\/p>\n<p>Utilisations : S\u2019endormir | Anxi\u00e9t\u00e9 | Douleur | Effets amusants<br \/>\n: Calme | Somnolent | D\u00e9tendu<\/p>\n<p>Indica de THC \u00e0 base d\u2019indica.<\/p>\n<p>8 x 10 mg de THC par bombe<br \/>\n\u00e0 gel\u00e9e 80 mg de THC par paquet<\/p>\n<p>Fabriqu\u00e9 au Canada. Approuv\u00e9 par Sant\u00e9 Canada Test\u00e9 en laboratoire.   <\/p>\n","protected":false},"featured_media":16557,"comment_status":"open","ping_status":"closed","template":"","meta":{"_acf_changed":false},"product_brand":[],"product_cat":[231],"product_tag":[302,318],"class_list":{"0":"post-18321","1":"product","2":"type-product","3":"status-publish","4":"has-post-thumbnail","6":"product_cat-gummies-fr-ca","7":"product_tag-indica-fr-ca","8":"product_tag-twisted-fr-ca","10":"first","11":"instock","12":"shipping-taxable","13":"purchasable","14":"product-type-simple"},"acf":[],"_links":{"self":[{"href":"https:\/\/420now.co\/fr-ca\/wp-json\/wp\/v2\/product\/18321","targetHints":{"allow":["GET"]}}],"collection":[{"href":"https:\/\/420now.co\/fr-ca\/wp-json\/wp\/v2\/product"}],"about":[{"href":"https:\/\/420now.co\/fr-ca\/wp-json\/wp\/v2\/types\/product"}],"replies":[{"embeddable":true,"href":"https:\/\/420now.co\/fr-ca\/wp-json\/wp\/v2\/comments?post=18321"}],"wp:featuredmedia":[{"embeddable":true,"href":"https:\/\/420now.co\/fr-ca\/wp-json\/wp\/v2\/media\/16557"}],"wp:attachment":[{"href":"https:\/\/420now.co\/fr-ca\/wp-json\/wp\/v2\/media?parent=18321"}],"wp:term":[{"taxonomy":"product_brand","embeddable":true,"href":"https:\/\/420now.co\/fr-ca\/wp-json\/wp\/v2\/product_brand?post=18321"},{"taxonomy":"product_cat","embeddable":true,"href":"https:\/\/420now.co\/fr-ca\/wp-json\/wp\/v2\/product_cat?post=18321"},{"taxonomy":"product_tag","embeddable":true,"href":"https:\/\/420now.co\/fr-ca\/wp-json\/wp\/v2\/product_tag?post=18321"}],"curies":[{"name":"wp","href":"https:\/\/api.w.org\/{rel}","templated":true}]}}