{"id":18323,"date":"2020-04-26T00:22:04","date_gmt":"2020-04-26T00:22:04","guid":{"rendered":"https:\/\/420now.co\/product\/white-castle\/"},"modified":"2026-03-12T20:36:58","modified_gmt":"2026-03-13T00:36:58","slug":"white-castle","status":"publish","type":"product","link":"https:\/\/420now.co\/fr-ca\/product\/white-castle\/","title":{"rendered":"White Castle"},"content":{"rendered":"","protected":false},"excerpt":{"rendered":"<p>La vari\u00e9t\u00e9 de marijuana est un hybride \u00e0 dominante Indica \/40 Indica. Lorsqu\u2019ils sont fum\u00e9s, les bourgeons White Castle produisent un ar\u00f4me sucr\u00e9 de fraise. Cette kush est id\u00e9ale pour un usage m\u00e9dical et r\u00e9cr\u00e9atif le soir et la nuit en raison de ses qualit\u00e9s relaxantes. Induit une euphorie c\u00e9r\u00e9brale \u00e9difiante suivie d\u2019une relaxation et d\u2019une s\u00e9dation. \u00c9nergise l\u2019esprit, provoque des rires et du bavardage. Soulage le stress, stimule l\u2019app\u00e9tit, a des propri\u00e9t\u00e9s analg\u00e9siques mod\u00e9r\u00e9es. Calme l\u2019esprit et le corps      <\/p>\n<p>Indica Hybride dominant<\/p>\n<p>EN RUPTURE DE STOCK<\/p>\n","protected":false},"featured_media":16547,"comment_status":"open","ping_status":"closed","template":"","meta":{"_acf_changed":false},"product_brand":[],"product_cat":[250],"product_tag":[288],"class_list":{"0":"post-18323","1":"product","2":"type-product","3":"status-publish","4":"has-post-thumbnail","6":"product_cat-pot-indica","7":"product_tag-hybride","8":"pa_weight-1-oz-fr-ca","9":"pa_weight-1-2-oz-fr-ca","10":"pa_weight-1-4-oz-fr-ca-2","12":"first","13":"outofstock","14":"shipping-taxable","15":"purchasable","16":"product-type-variable"},"acf":[],"_links":{"self":[{"href":"https:\/\/420now.co\/fr-ca\/wp-json\/wp\/v2\/product\/18323","targetHints":{"allow":["GET"]}}],"collection":[{"href":"https:\/\/420now.co\/fr-ca\/wp-json\/wp\/v2\/product"}],"about":[{"href":"https:\/\/420now.co\/fr-ca\/wp-json\/wp\/v2\/types\/product"}],"replies":[{"embeddable":true,"href":"https:\/\/420now.co\/fr-ca\/wp-json\/wp\/v2\/comments?post=18323"}],"wp:featuredmedia":[{"embeddable":true,"href":"https:\/\/420now.co\/fr-ca\/wp-json\/wp\/v2\/media\/16547"}],"wp:attachment":[{"href":"https:\/\/420now.co\/fr-ca\/wp-json\/wp\/v2\/media?parent=18323"}],"wp:term":[{"taxonomy":"product_brand","embeddable":true,"href":"https:\/\/420now.co\/fr-ca\/wp-json\/wp\/v2\/product_brand?post=18323"},{"taxonomy":"product_cat","embeddable":true,"href":"https:\/\/420now.co\/fr-ca\/wp-json\/wp\/v2\/product_cat?post=18323"},{"taxonomy":"product_tag","embeddable":true,"href":"https:\/\/420now.co\/fr-ca\/wp-json\/wp\/v2\/product_tag?post=18323"}],"curies":[{"name":"wp","href":"https:\/\/api.w.org\/{rel}","templated":true}]}}