{"id":18327,"date":"2020-04-26T01:29:17","date_gmt":"2020-04-26T05:29:17","guid":{"rendered":"https:\/\/420now.co\/product\/kush-kitchen-xl-gummy-bear-250-mg-thc\/"},"modified":"2025-04-11T09:45:07","modified_gmt":"2025-04-11T13:45:07","slug":"kush-kitchen-xl-gummy-bear-250-mg-thc","status":"publish","type":"product","link":"https:\/\/420now.co\/fr-ca\/product\/kush-kitchen-xl-gummy-bear-250-mg-thc\/","title":{"rendered":"Kush Kitchen XL Gummy Bear 250 mg THC"},"content":{"rendered":"","protected":false},"excerpt":{"rendered":"<p>250 MG de distillat de THC infus\u00e9s dans un ours. Go\u00fbt et texture d\u00e9licieux Disponible en cinq saveurs : fraise, raisin, bleuet, orange et pomme verte *Contient de la g\u00e9latine <\/p>\n","protected":false},"featured_media":17458,"comment_status":"open","ping_status":"closed","template":"","meta":{"_acf_changed":false},"product_brand":[],"product_cat":[231],"product_tag":[288,304],"class_list":{"0":"post-18327","1":"product","2":"type-product","3":"status-publish","4":"has-post-thumbnail","6":"product_cat-gummies-fr-ca","7":"product_tag-hybride","8":"product_tag-kush-kitchen-fr-ca","10":"first","11":"instock","12":"shipping-taxable","13":"purchasable","14":"product-type-variable"},"acf":[],"_links":{"self":[{"href":"https:\/\/420now.co\/fr-ca\/wp-json\/wp\/v2\/product\/18327","targetHints":{"allow":["GET"]}}],"collection":[{"href":"https:\/\/420now.co\/fr-ca\/wp-json\/wp\/v2\/product"}],"about":[{"href":"https:\/\/420now.co\/fr-ca\/wp-json\/wp\/v2\/types\/product"}],"replies":[{"embeddable":true,"href":"https:\/\/420now.co\/fr-ca\/wp-json\/wp\/v2\/comments?post=18327"}],"wp:featuredmedia":[{"embeddable":true,"href":"https:\/\/420now.co\/fr-ca\/wp-json\/wp\/v2\/media\/17458"}],"wp:attachment":[{"href":"https:\/\/420now.co\/fr-ca\/wp-json\/wp\/v2\/media?parent=18327"}],"wp:term":[{"taxonomy":"product_brand","embeddable":true,"href":"https:\/\/420now.co\/fr-ca\/wp-json\/wp\/v2\/product_brand?post=18327"},{"taxonomy":"product_cat","embeddable":true,"href":"https:\/\/420now.co\/fr-ca\/wp-json\/wp\/v2\/product_cat?post=18327"},{"taxonomy":"product_tag","embeddable":true,"href":"https:\/\/420now.co\/fr-ca\/wp-json\/wp\/v2\/product_tag?post=18327"}],"curies":[{"name":"wp","href":"https:\/\/api.w.org\/{rel}","templated":true}]}}