{"id":18328,"date":"2020-04-26T00:36:39","date_gmt":"2020-04-26T04:36:39","guid":{"rendered":"https:\/\/420now.co\/product\/kush-kitchen-lollipops-100-mg-thc\/"},"modified":"2026-03-27T16:15:10","modified_gmt":"2026-03-27T20:15:10","slug":"kush-kitchen-lollipops-100-mg-thc","status":"publish","type":"product","link":"https:\/\/420now.co\/fr-ca\/product\/kush-kitchen-lollipops-100-mg-thc\/","title":{"rendered":"Kush Kitchen Lollipops 100 MG THC"},"content":{"rendered":"<h2>Kush Kitchen Lollipops \u2013 Comestibles THC 100 mg<\/h2>\n<p>Les sucettes Kush Kitchen sont un choix comestible populaire pour ceux qui cherchent une fa\u00e7on simple, discr\u00e8te et agr\u00e9able de consommer du cannabis. Chaque sucette contient 100 mg de THC, offrant une exp\u00e9rience forte et durable aux utilisateurs qui pr\u00e9f\u00e8rent les comestibles plut\u00f4t que de fumer ou de vapoter. <\/p>\n<p>Avec une vari\u00e9t\u00e9 de saveurs disponibles, ces sucettes combinent saveur et puissance dans un format facile \u00e0 utiliser et constant d\u2019une dose \u00e0 l\u2019autre.<\/p>\n<h2>Saveurs disponibles<\/h2>\n<p>Choisissez parmi une gamme de saveurs, dont :<\/p>\n<ul>\n<li>Cerisier<\/li>\n<li>Raisin<\/li>\n<li>P\u00eache<\/li>\n<li>Bleuet<\/li>\n<li>Lime<\/li>\n<li>Cotton Candy<\/li>\n<li>Watermelon<\/li>\n<\/ul>\n<p>Chaque saveur d\u00e9livre la m\u00eame dose de 100 mg de THC.<\/p>\n<h2>Pourquoi choisir Kush Kitchen Lollipops?<\/h2>\n<ul>\n<li>100 mg de THC par sucette<\/li>\n<li>Discr\u00e8te et facile \u00e0 utiliser<\/li>\n<li>Effets comestibles durables<\/li>\n<li>Plusieurs options de saveurs<\/li>\n<li>Dosage constant<\/li>\n<\/ul>\n<p>Kush Kitchen est un chef de file canadien dans la confiserie de cannabis qui offre des produits premium de haute qualit\u00e9. Ils fabriquent leurs d\u00e9licieuses gourmandises infus\u00e9es au distillat de Delta-9 THC test\u00e9 en laboratoire. Une marque de confiance sur le paysage canadien des comestibles au cannabis. Ils se sont forg\u00e9 une r\u00e9putation pour produire des comestibles fiables et \u00e0 dosage constant, populaires aupr\u00e8s des utilisateurs exp\u00e9riment\u00e9s.   <\/p>\n<h2>Comment fonctionnent ces sucettes<\/h2>\n<p>Contrairement au cannabis inhal\u00e9, les comestibles comme les sucettes sont absorb\u00e9s par la digestion. Cela signifie : <\/p>\n<ul>\n<li>Les effets prennent plus de temps \u00e0 commencer (g\u00e9n\u00e9ralement 30 \u00e0 90 minutes)<\/li>\n<li>Les effets durent beaucoup plus longtemps que le tabagisme ou le vapotage<\/li>\n<\/ul>\n<p>Pour cette raison, il est important de commencer doucement et de laisser le temps que les effets se d\u00e9veloppent pleinement avant d\u2019en consommer davantage.<\/p>\n<h2>Conseils de dosage<\/h2>\n<p>Ces sucettes contiennent 100 mg de THC, ce qui est consid\u00e9r\u00e9 comme une dose forte.<\/p>\n<ul>\n<li>D\u00e9butants : commencez avec une tr\u00e8s petite portion<\/li>\n<li>Utilisateurs interm\u00e9diaires : portion mod\u00e9r\u00e9e selon la tol\u00e9rance<\/li>\n<li>Utilisateurs exp\u00e9riment\u00e9s : consommez comme vous le souhaitez<\/li>\n<\/ul>\n<p>Attends toujours avant d\u2019augmenter ta dose.<\/p>\n<h2>Discret et pratique<\/h2>\n<p>Les sucettes sont l\u2019une des options comestibles les plus discr\u00e8tes disponibles. Ils sont faciles \u00e0 transporter, faciles \u00e0 consommer et ne d\u00e9gagent aucune odeur, ce qui les rend adapt\u00e9s \u00e0 diverses situations. <\/p>\n<h2>Livraison locale rapide<\/h2>\n<p>Si vous \u00eates dans la r\u00e9gion du Grand Toronto (GTA), vous pouvez obtenir des sucettes Kush Kitchen 100 mg THC en moins de 2 heures* chez vous! Commandez avant 20 h et l\u2019un de nos chauffeurs vous livrera le jour m\u00eame, 2 heures gratuitement, lorsque vous commandez un minimum de 100,00 $ de l\u2019un des produits sur notre site Web.<\/p>\n<p>*Livraison en deux heures \u00e0 Toronto (Scarborough, North York, Etobicoke, DownTown, York \u2013 toutes les r\u00e9gions \u00e0 l\u2019int\u00e9rieur des fronti\u00e8res de la ville de Toronto), Richmond Hill, King, Aurora, Newmarket, Woodbridge, Vaughan et Markham.<\/p>\n<p>Pour d\u2019autres r\u00e9gions en dehors de notre zone de livraison, nous pouvons vous exp\u00e9dier des sucettes Kush Kitchen, partout au Canada.<\/p>\n<h2>FAQ<\/h2>\n<p><strong>Combien de temps les sucettes Kush Kitchen prennent-elles pour faire effet?<\/strong><br \/>\nTypiquement entre 30 et 90 minutes, selon le m\u00e9tabolisme et la tol\u00e9rance.<\/p>\n<p><strong>Combien de temps durent les effets?<\/strong><br \/>\nLes effets comestibles peuvent durer plusieurs heures, souvent plus longtemps que fumer ou vapoter.<\/p>\n<p><strong>Puis-je contr\u00f4ler la dose?<\/strong><br \/>\nOui. Vous pouvez consommer de plus petites portions de sucette pour contr\u00f4ler votre consommation. <\/p>\n","protected":false},"excerpt":{"rendered":"<p>Kush Kitchen Lollipops d\u00e9livrent 100 mg de THC dans un format comestible pratique, discret et savoureux. Disponibles dans une vari\u00e9t\u00e9 de saveurs, dont cerise, raisin, p\u00eache, bleuet, lime, barbe \u00e0 papa et past\u00e8que, ces sucettes offrent une fa\u00e7on simple et contr\u00f4l\u00e9e de savourer le cannabis aux effets durables. <\/p>\n<p>Un de nos produits comestibles les plus populaires.<\/p>\n","protected":false},"featured_media":16548,"comment_status":"open","ping_status":"closed","template":"","meta":{"_acf_changed":false},"product_brand":[],"product_cat":[225],"product_tag":[304,307],"class_list":{"0":"post-18328","1":"product","2":"type-product","3":"status-publish","4":"has-post-thumbnail","6":"product_cat-bonbons","7":"product_tag-kush-kitchen-fr-ca","8":"product_tag-lollipops-fr-ca","10":"first","11":"instock","12":"shipping-taxable","13":"purchasable","14":"product-type-variable"},"acf":[],"_links":{"self":[{"href":"https:\/\/420now.co\/fr-ca\/wp-json\/wp\/v2\/product\/18328","targetHints":{"allow":["GET"]}}],"collection":[{"href":"https:\/\/420now.co\/fr-ca\/wp-json\/wp\/v2\/product"}],"about":[{"href":"https:\/\/420now.co\/fr-ca\/wp-json\/wp\/v2\/types\/product"}],"replies":[{"embeddable":true,"href":"https:\/\/420now.co\/fr-ca\/wp-json\/wp\/v2\/comments?post=18328"}],"wp:featuredmedia":[{"embeddable":true,"href":"https:\/\/420now.co\/fr-ca\/wp-json\/wp\/v2\/media\/16548"}],"wp:attachment":[{"href":"https:\/\/420now.co\/fr-ca\/wp-json\/wp\/v2\/media?parent=18328"}],"wp:term":[{"taxonomy":"product_brand","embeddable":true,"href":"https:\/\/420now.co\/fr-ca\/wp-json\/wp\/v2\/product_brand?post=18328"},{"taxonomy":"product_cat","embeddable":true,"href":"https:\/\/420now.co\/fr-ca\/wp-json\/wp\/v2\/product_cat?post=18328"},{"taxonomy":"product_tag","embeddable":true,"href":"https:\/\/420now.co\/fr-ca\/wp-json\/wp\/v2\/product_tag?post=18328"}],"curies":[{"name":"wp","href":"https:\/\/api.w.org\/{rel}","templated":true}]}}