{"id":18331,"date":"2020-04-25T23:55:22","date_gmt":"2020-04-25T23:55:22","guid":{"rendered":"https:\/\/420now.co\/product\/platinum-bubba\/"},"modified":"2026-03-12T20:41:12","modified_gmt":"2026-03-13T00:41:12","slug":"platinum-bubba","status":"publish","type":"product","link":"https:\/\/420now.co\/fr-ca\/product\/platinum-bubba\/","title":{"rendered":"Platinum Bubba"},"content":{"rendered":"","protected":false},"excerpt":{"rendered":"<p>Platinum Bubba est un hybride de marijuana \u00e0 dominante Indica . C\u2019est une liane qui se fait sentir apr\u00e8s 10 \u00e0 15 minutes. Les d\u00e9butants doivent \u00eatre conscients de la dose \u00e0 ne pas surconsommer. C\u2019est une vari\u00e9t\u00e9 de cannabis tr\u00e8s forte, avec plus de 20% de THC en moyenne. Les bourgeons ont des teintes violettes et un d\u00e9licieux ar\u00f4me kush \u00e9pic\u00e9. Platinum Bubba induit une forte euphorie c\u00e9r\u00e9brale. Stimule la cr\u00e9ativit\u00e9 et provoque des rires. Att\u00e9nue le stress et l\u2019anxi\u00e9t\u00e9. Suivi d\u2019une l\u00e9g\u00e8re s\u00e9dation. Contr\u00f4le les naus\u00e9es, l\u2019inflammation et la douleur. Favorise l\u2019app\u00e9tit et le sommeil.          <\/p>\n<p>(En rupture de stock)<\/p>\n","protected":false},"featured_media":16837,"comment_status":"open","ping_status":"closed","template":"","meta":{"_acf_changed":false},"product_brand":[],"product_cat":[250],"product_tag":[288],"class_list":{"0":"post-18331","1":"product","2":"type-product","3":"status-publish","4":"has-post-thumbnail","6":"product_cat-pot-indica","7":"product_tag-hybride","8":"pa_weight-1-oz-fr-ca","9":"pa_weight-1-2-oz-fr-ca","10":"pa_weight-1-4-oz-fr-ca-2","12":"first","13":"outofstock","14":"shipping-taxable","15":"purchasable","16":"product-type-variable"},"acf":[],"_links":{"self":[{"href":"https:\/\/420now.co\/fr-ca\/wp-json\/wp\/v2\/product\/18331","targetHints":{"allow":["GET"]}}],"collection":[{"href":"https:\/\/420now.co\/fr-ca\/wp-json\/wp\/v2\/product"}],"about":[{"href":"https:\/\/420now.co\/fr-ca\/wp-json\/wp\/v2\/types\/product"}],"replies":[{"embeddable":true,"href":"https:\/\/420now.co\/fr-ca\/wp-json\/wp\/v2\/comments?post=18331"}],"wp:featuredmedia":[{"embeddable":true,"href":"https:\/\/420now.co\/fr-ca\/wp-json\/wp\/v2\/media\/16837"}],"wp:attachment":[{"href":"https:\/\/420now.co\/fr-ca\/wp-json\/wp\/v2\/media?parent=18331"}],"wp:term":[{"taxonomy":"product_brand","embeddable":true,"href":"https:\/\/420now.co\/fr-ca\/wp-json\/wp\/v2\/product_brand?post=18331"},{"taxonomy":"product_cat","embeddable":true,"href":"https:\/\/420now.co\/fr-ca\/wp-json\/wp\/v2\/product_cat?post=18331"},{"taxonomy":"product_tag","embeddable":true,"href":"https:\/\/420now.co\/fr-ca\/wp-json\/wp\/v2\/product_tag?post=18331"}],"curies":[{"name":"wp","href":"https:\/\/api.w.org\/{rel}","templated":true}]}}