{"id":18345,"date":"2020-04-25T18:46:25","date_gmt":"2020-04-25T18:46:25","guid":{"rendered":"https:\/\/420now.co\/product\/pink-panther\/"},"modified":"2026-03-12T21:30:35","modified_gmt":"2026-03-13T01:30:35","slug":"pink-panther","status":"publish","type":"product","link":"https:\/\/420now.co\/fr-ca\/product\/pink-panther\/","title":{"rendered":"Pink Panther"},"content":{"rendered":"<p>Pink Panther est un hybride \u00e0 dominante sativa aux effets stimulants. Cette vari\u00e9t\u00e9 soulage la douleur caus\u00e9e par les maux de t\u00eate ou les migraines. La forte \u00e9l\u00e9vation de l\u2019humeur de Pink Panther aide \u00e9galement \u00e0 lutter contre la d\u00e9pression, ce qui en fait un accompagnement naturel de l\u2019activit\u00e9 physique et de la socialisation.  <\/p>\n<p>Pink Panther poss\u00e8de une g\u00e9n\u00e9tique presque aussi insaisissable que son f\u00e9lin rose homonyme. Certaines sources en ligne \u00e9mettent l\u2019hypoth\u00e8se qu\u2019il s\u2019agit d\u2019un ph\u00e9notype de la souche Pink Plant. Fid\u00e8le \u00e0 son nom, Pink Panther poss\u00e8de une odeur douce et fruit\u00e9e de pamplemousse recouverte de diesel et de pin.  <\/p>\n<h2>Pink Panther Description des mauvaises herbes<\/h2>\n<p>Probablement un ph\u00e9notype de la vari\u00e9t\u00e9 Pink Plant, l\u2019h\u00e9ritage de cette vari\u00e9t\u00e9 n\u2019a jamais \u00e9t\u00e9 tout \u00e0 fait clou\u00e9. Mais vous n\u2019\u00eates pas vraiment inquiet \u00e0 ce sujet, n\u2019est-ce pas? Ce que nous pouvons vous dire, c\u2019est que Pink Panther est un hybride de marijuana \u00e0 dominante Sativa 85\/15. Un producteur de marijuana espagnol s\u2019est attribu\u00e9 le m\u00e9rite de la vari\u00e9t\u00e9, mais nous n\u2019avons pas \u00e9t\u00e9 en mesure de v\u00e9rifier la validit\u00e9 de l\u2019affirmation.   <\/p>\n<p>Apr\u00e8s la floraison puis la r\u00e9colte, ses fleurs prennent une couleur ros\u00e2tre &#8211; d\u2019o\u00f9 bien s\u00fbr son nom. Des trichomes cuivr\u00e9s brun\u00e2tres recouvrent les fleurs. Avec des niveaux de THC en moyenne entre 20 et 24%, il n\u2019est pas r\u00e9guli\u00e8rement recommand\u00e9 pour les d\u00e9butants. Les v\u00e9t\u00e9rans doivent \u00e9galement \u00eatre attentifs.   <\/p>\n<h2>Pink Panther Effets<\/h2>\n<p>Avec ses niveaux g\u00e9n\u00e9ralement \u00e9lev\u00e9s de THC, vous pouvez \u00eatre \u00e0 peu pr\u00e8s s\u00fbr que la vari\u00e9t\u00e9 Pink Panther commencera \u00e0 agir rapidement &#8211; et peut frapper fort.<\/p>\n<p>Cette vari\u00e9t\u00e9 de cannabis provoque une forte euphorie c\u00e9r\u00e9brale, stimule la cr\u00e9ativit\u00e9, am\u00e9liore la concentration et beaucoup d\u00e9crivent l\u2019effet comme \u00ab \u00e9nergisant l\u2019esprit \u00bb. Elle est suivie d\u2019une relaxation corporelle ainsi que d\u2019un effet calme mental. <\/p>\n<p>G\u00e9n\u00e9ralement utilis\u00e9 comme fum\u00e9e de jour.<\/p>\n<h2>Conditions Pink Panther aide<\/h2>\n<p>Les personnes souffrant de maux de t\u00eate et de migraine rapportent un succ\u00e8s avec Pink Panther &#8211; et trouvent qu\u2019elle procure un soulagement tr\u00e8s rapidement. De plus, il peut aider \u00e0 soulager la douleur, les naus\u00e9es, ainsi que les troubles alimentaires ou lorsque l\u2019on veut am\u00e9liorer son app\u00e9tit. <\/p>\n<p>La d\u00e9pression et le stress peuvent \u00eatre att\u00e9nu\u00e9s avec Pink Panther.<\/p>\n<p><em>REMARQUE : Les informations sur ce site sont fournies \u00e0 des fins \u00e9ducatives seulement et ne remplacent pas un avis m\u00e9dical professionnel. Consultez un professionnel de la sant\u00e9 avant utilisation.  Pour les adultes \u00e2g\u00e9s de 19 ans ou plus seulement.<\/em><\/p>\n<p>Il y a des rapports d\u2019\u00e9tourdissements et de bouche s\u00e8che &#8211; assurez-vous d\u2019avoir beaucoup d\u2019eau ou d\u2019autres boissons hydratantes \u00e0 proximit\u00e9.<\/p>\n<h2>Pink Panther Livraison de mauvaises herbes dans la r\u00e9gion du Grand Toronto<\/h2>\n<p><strong>Livraison gratuite en 2 heures*<\/strong> avec une commande minimale de 100,00 $ de n\u2019importe lequel de nos produits, y compris Pink Panther, de 420Now Weed Delivery. Veuillez commander avant 20 h pour une livraison de deux heures le jour m\u00eame.<\/p>\n<p>*Livraison en deux heures \u00e0 Toronto (Scarborough, North York, Etobicoke, DownTown, York &#8211; toutes les r\u00e9gions \u00e0 l\u2019int\u00e9rieur des fronti\u00e8res de la ville de Toronto), Richmond Hill, King, Aurora, Newmarket, Woodbridge, Vaughan et Markham.<\/p>\n<p>\u00c9galement disponible pour exp\u00e9dition partout au Canada.<\/p>\n","protected":false},"excerpt":{"rendered":"<p>Pink Panther est un hybride \u00e0 dominante sativa aux effets stimulants. Cette vari\u00e9t\u00e9 soulage la douleur caus\u00e9e par les maux de t\u00eate ou les migraines. La forte \u00e9l\u00e9vation de l\u2019humeur de Pink Panther aide \u00e9galement \u00e0 lutter contre la d\u00e9pression, ce qui en fait un accompagnement naturel de l\u2019activit\u00e9 physique et de la socialisation.  <\/p>\n<p>Pink Panther poss\u00e8de une g\u00e9n\u00e9tique presque aussi insaisissable que son homonyme, <em>le f\u00e9lin rose<\/em>. Certaines sources en ligne \u00e9mettent l\u2019hypoth\u00e8se qu\u2019il s\u2019agit d\u2019un ph\u00e9notype de la souche <em>Pink Plant<\/em> . Fid\u00e8le \u00e0 son nom, Pink Panther poss\u00e8de une odeur douce et fruit\u00e9e de pamplemousse recouverte de diesel et de pin.  <\/p>\n<p>Souvent utilis\u00e9e comme vari\u00e9t\u00e9 de jour.<br \/>\n<strong><br \/>\nHybride<\/strong> &#8211; Sativa .<\/p>\n","protected":false},"featured_media":16542,"comment_status":"open","ping_status":"closed","template":"","meta":{"_acf_changed":false},"product_brand":[],"product_cat":[255],"product_tag":[290],"class_list":{"0":"post-18345","1":"product","2":"type-product","3":"status-publish","4":"has-post-thumbnail","6":"product_cat-pot-sativa","7":"product_tag-sativa-fr-ca","8":"pa_weight-1-oz-fr-ca","9":"pa_weight-1-2-oz-fr-ca","10":"pa_weight-1-4-oz-fr-ca-2","12":"first","13":"instock","14":"shipping-taxable","15":"purchasable","16":"product-type-variable"},"acf":[],"_links":{"self":[{"href":"https:\/\/420now.co\/fr-ca\/wp-json\/wp\/v2\/product\/18345","targetHints":{"allow":["GET"]}}],"collection":[{"href":"https:\/\/420now.co\/fr-ca\/wp-json\/wp\/v2\/product"}],"about":[{"href":"https:\/\/420now.co\/fr-ca\/wp-json\/wp\/v2\/types\/product"}],"replies":[{"embeddable":true,"href":"https:\/\/420now.co\/fr-ca\/wp-json\/wp\/v2\/comments?post=18345"}],"wp:featuredmedia":[{"embeddable":true,"href":"https:\/\/420now.co\/fr-ca\/wp-json\/wp\/v2\/media\/16542"}],"wp:attachment":[{"href":"https:\/\/420now.co\/fr-ca\/wp-json\/wp\/v2\/media?parent=18345"}],"wp:term":[{"taxonomy":"product_brand","embeddable":true,"href":"https:\/\/420now.co\/fr-ca\/wp-json\/wp\/v2\/product_brand?post=18345"},{"taxonomy":"product_cat","embeddable":true,"href":"https:\/\/420now.co\/fr-ca\/wp-json\/wp\/v2\/product_cat?post=18345"},{"taxonomy":"product_tag","embeddable":true,"href":"https:\/\/420now.co\/fr-ca\/wp-json\/wp\/v2\/product_tag?post=18345"}],"curies":[{"name":"wp","href":"https:\/\/api.w.org\/{rel}","templated":true}]}}