{"id":18352,"date":"2021-02-22T14:31:58","date_gmt":"2021-02-22T19:31:58","guid":{"rendered":"https:\/\/420now.co\/product\/grease-monkey-aaaa\/"},"modified":"2026-03-12T20:13:59","modified_gmt":"2026-03-13T00:13:59","slug":"grease-monkey-aaaa","status":"publish","type":"product","link":"https:\/\/420now.co\/fr-ca\/product\/grease-monkey-aaaa\/","title":{"rendered":"Grease Monkey AAAA"},"content":{"rendered":"<p>Grease Monkey est une vari\u00e9t\u00e9 hybride \u00e0 dominante Sativa cr\u00e9\u00e9e en croisant la Gorilla Glue #4 avec la d\u00e9licieuse vari\u00e9t\u00e9 Cookies &amp; Cream . Ce puissant bourgeon apporte des effets puissants et une saveur hautement addictive, fusionnant parfaitement ceux de ses vari\u00e9t\u00e9s parentales. \u00c0 chaque riche inhalation viennent des saveurs de vanille noisette et de diesel sucr\u00e9 et skunk. L\u2019ar\u00f4me est tout aussi d\u00e9licieux avec un piquant terreux accentu\u00e9 par du diesel sucr\u00e9 et une touche de vanille. Le Grease Monkey est une liane qui s\u2019accumule derri\u00e8re les yeux avant de s\u2019installer soudainement. Vous ressentirez soudainement un claquement de relaxation euphorique qui vous bercera dans un \u00e9tat mental de calme et de brume. Cet effet deviendra rapidement somnolent, soulageant l\u2019esprit et le corps dans un \u00e9tat compl\u00e8tement s\u00e9datif, calmant et relaxant. Gr\u00e2ce \u00e0 ces effets et \u00e0 son taux moyen de THC tr\u00e8s \u00e9lev\u00e9 de 25 \u00e0 27%, Grease Monkey est le choix id\u00e9al pour traiter des conditions telles que la douleur chronique, la perte d\u2019app\u00e9tit ou les naus\u00e9es, l\u2019insomnie, les maux de t\u00eate ou les migraines et l\u2019inflammation. Ce bourgeon a des t\u00eates vert for\u00eat effil\u00e9es et duveteuses avec des poils orange clairsem\u00e9s et une couche de minuscules trichomes cristallins clairs.        <\/p>\n","protected":false},"excerpt":{"rendered":"<p>Grease Monkey est une vari\u00e9t\u00e9 hybride \u00e0 dominante Sativa cr\u00e9\u00e9e en croisant la Gorilla Glue #4 avec la d\u00e9licieuse vari\u00e9t\u00e9 Cookies &amp; Cream . Ce puissant bourgeon apporte des effets puissants et une saveur hautement addictive, fusionnant parfaitement ceux de ses vari\u00e9t\u00e9s parentales. \u00c0 chaque riche inhalation viennent des saveurs de vanille noisette et de diesel sucr\u00e9 et skunk. L\u2019ar\u00f4me est tout aussi d\u00e9licieux avec un piquant terreux accentu\u00e9 par du diesel sucr\u00e9 et une touche de vanille. Le Grease Monkey est une liane qui s\u2019accumule derri\u00e8re les yeux avant de s\u2019installer soudainement. Vous ressentirez soudainement un claquement de relaxation euphorique qui vous bercera dans un \u00e9tat mental de calme et de brume. Cet effet deviendra rapidement somnolent, soulageant l\u2019esprit et le corps dans un \u00e9tat compl\u00e8tement s\u00e9datif, calmant et relaxant. Gr\u00e2ce \u00e0 ces effets et \u00e0 son taux moyen de THC tr\u00e8s \u00e9lev\u00e9 de 25 \u00e0 27%, Grease Monkey est le choix id\u00e9al pour traiter des conditions telles que la douleur chronique, la perte d\u2019app\u00e9tit ou les naus\u00e9es, l\u2019insomnie, les maux de t\u00eate ou les migraines et l\u2019inflammation. Ce bourgeon a des t\u00eates vert for\u00eat effil\u00e9es et duveteuses avec des poils orange clairsem\u00e9s et une couche de minuscules trichomes cristallins clairs.        <\/p>\n<p>Sativa Hybride dominant.<\/p>\n","protected":false},"featured_media":16817,"comment_status":"open","ping_status":"closed","template":"","meta":{"_acf_changed":false},"product_brand":[],"product_cat":[255],"product_tag":[],"class_list":{"0":"post-18352","1":"product","2":"type-product","3":"status-publish","4":"has-post-thumbnail","6":"product_cat-pot-sativa","7":"pa_weight-1-oz-fr-ca","8":"pa_weight-1-2-oz-fr-ca","9":"pa_weight-1-4-oz-fr-ca-2","11":"first","12":"instock","13":"shipping-taxable","14":"purchasable","15":"product-type-variable"},"acf":[],"_links":{"self":[{"href":"https:\/\/420now.co\/fr-ca\/wp-json\/wp\/v2\/product\/18352","targetHints":{"allow":["GET"]}}],"collection":[{"href":"https:\/\/420now.co\/fr-ca\/wp-json\/wp\/v2\/product"}],"about":[{"href":"https:\/\/420now.co\/fr-ca\/wp-json\/wp\/v2\/types\/product"}],"replies":[{"embeddable":true,"href":"https:\/\/420now.co\/fr-ca\/wp-json\/wp\/v2\/comments?post=18352"}],"wp:featuredmedia":[{"embeddable":true,"href":"https:\/\/420now.co\/fr-ca\/wp-json\/wp\/v2\/media\/16817"}],"wp:attachment":[{"href":"https:\/\/420now.co\/fr-ca\/wp-json\/wp\/v2\/media?parent=18352"}],"wp:term":[{"taxonomy":"product_brand","embeddable":true,"href":"https:\/\/420now.co\/fr-ca\/wp-json\/wp\/v2\/product_brand?post=18352"},{"taxonomy":"product_cat","embeddable":true,"href":"https:\/\/420now.co\/fr-ca\/wp-json\/wp\/v2\/product_cat?post=18352"},{"taxonomy":"product_tag","embeddable":true,"href":"https:\/\/420now.co\/fr-ca\/wp-json\/wp\/v2\/product_tag?post=18352"}],"curies":[{"name":"wp","href":"https:\/\/api.w.org\/{rel}","templated":true}]}}