{"id":18353,"date":"2021-03-02T15:23:33","date_gmt":"2021-03-02T20:23:33","guid":{"rendered":"https:\/\/420now.co\/product\/teinture-purlic-pet-15ml-150mg-cbd\/"},"modified":"2026-02-08T19:58:34","modified_gmt":"2026-02-09T00:58:34","slug":"teinture-purlic-pet-15ml-150mg-cbd","status":"publish","type":"product","link":"https:\/\/420now.co\/fr-ca\/product\/teinture-purlic-pet-15ml-150mg-cbd\/","title":{"rendered":"Purlic Pet Tincture 15 ml 150 mg de CBD"},"content":{"rendered":"<p>Une gamme holistique de produits CBD destin\u00e9s sp\u00e9cifiquement \u00e0 nos amis \u00e0 quatre pattes<\/p>\n","protected":false},"excerpt":{"rendered":"<p>Une gamme holistique de produits CBD destin\u00e9s sp\u00e9cifiquement \u00e0 nos amis \u00e0 quatre pattes<\/p>\n","protected":false},"featured_media":16829,"comment_status":"open","ping_status":"closed","template":"","meta":{"_acf_changed":false},"product_brand":[379],"product_cat":[234],"product_tag":[],"class_list":{"0":"post-18353","1":"product","2":"type-product","3":"status-publish","4":"has-post-thumbnail","6":"product_brand-purlic","7":"product_cat-pour-les-animaux-domestiques","9":"first","10":"instock","11":"shipping-taxable","12":"purchasable","13":"product-type-simple"},"acf":[],"_links":{"self":[{"href":"https:\/\/420now.co\/fr-ca\/wp-json\/wp\/v2\/product\/18353","targetHints":{"allow":["GET"]}}],"collection":[{"href":"https:\/\/420now.co\/fr-ca\/wp-json\/wp\/v2\/product"}],"about":[{"href":"https:\/\/420now.co\/fr-ca\/wp-json\/wp\/v2\/types\/product"}],"replies":[{"embeddable":true,"href":"https:\/\/420now.co\/fr-ca\/wp-json\/wp\/v2\/comments?post=18353"}],"wp:featuredmedia":[{"embeddable":true,"href":"https:\/\/420now.co\/fr-ca\/wp-json\/wp\/v2\/media\/16829"}],"wp:attachment":[{"href":"https:\/\/420now.co\/fr-ca\/wp-json\/wp\/v2\/media?parent=18353"}],"wp:term":[{"taxonomy":"product_brand","embeddable":true,"href":"https:\/\/420now.co\/fr-ca\/wp-json\/wp\/v2\/product_brand?post=18353"},{"taxonomy":"product_cat","embeddable":true,"href":"https:\/\/420now.co\/fr-ca\/wp-json\/wp\/v2\/product_cat?post=18353"},{"taxonomy":"product_tag","embeddable":true,"href":"https:\/\/420now.co\/fr-ca\/wp-json\/wp\/v2\/product_tag?post=18353"}],"curies":[{"name":"wp","href":"https:\/\/api.w.org\/{rel}","templated":true}]}}