{"id":18358,"date":"2021-03-08T13:47:39","date_gmt":"2021-03-08T18:47:39","guid":{"rendered":"https:\/\/420now.co\/product\/shatter-indica-150mg\/"},"modified":"2026-02-08T12:25:07","modified_gmt":"2026-02-08T17:25:07","slug":"shatter-indica-150mg","status":"publish","type":"product","link":"https:\/\/420now.co\/fr-ca\/product\/shatter-indica-150mg\/","title":{"rendered":"Shatter Chews Indica 150mg"},"content":{"rendered":"<ul>\n<li>Les produits \u00e0 m\u00e2cher \u00e0 m\u00e2cher Euphoria Extractions sont fabriqu\u00e9s \u00e0 partir d\u2019extraits \u00e0 spectre complet test\u00e9s en laboratoire provenant du meilleur cannabis canadien. Puissance : 150 mg de THC Indica 30 pi\u00e8ces (5 mg chacune) par bo\u00eete <\/li>\n<\/ul>\n","protected":false},"excerpt":{"rendered":"<ul>\n<li>Les produits \u00e0 m\u00e2cher \u00e0 m\u00e2cher Euphoria Extractions sont fabriqu\u00e9s \u00e0 partir d\u2019extraits \u00e0 spectre complet test\u00e9s en laboratoire provenant du meilleur cannabis canadien. Puissance : 150 mg de THC Indica 30 pi\u00e8ces (5 mg chacune) par bo\u00eete <\/li>\n<\/ul>\n","protected":false},"featured_media":17719,"comment_status":"open","ping_status":"closed","template":"","meta":{"_acf_changed":false},"product_brand":[185,187],"product_cat":[225,219,231],"product_tag":[],"class_list":{"0":"post-18358","1":"product","2":"type-product","3":"status-publish","4":"has-post-thumbnail","6":"product_brand-euphoria-extractions","7":"product_brand-shatter-chews","8":"product_cat-bonbons","9":"product_cat-comestibles","10":"product_cat-gummies-fr-ca","12":"first","13":"instock","14":"shipping-taxable","15":"purchasable","16":"product-type-simple"},"acf":[],"_links":{"self":[{"href":"https:\/\/420now.co\/fr-ca\/wp-json\/wp\/v2\/product\/18358","targetHints":{"allow":["GET"]}}],"collection":[{"href":"https:\/\/420now.co\/fr-ca\/wp-json\/wp\/v2\/product"}],"about":[{"href":"https:\/\/420now.co\/fr-ca\/wp-json\/wp\/v2\/types\/product"}],"replies":[{"embeddable":true,"href":"https:\/\/420now.co\/fr-ca\/wp-json\/wp\/v2\/comments?post=18358"}],"wp:featuredmedia":[{"embeddable":true,"href":"https:\/\/420now.co\/fr-ca\/wp-json\/wp\/v2\/media\/17719"}],"wp:attachment":[{"href":"https:\/\/420now.co\/fr-ca\/wp-json\/wp\/v2\/media?parent=18358"}],"wp:term":[{"taxonomy":"product_brand","embeddable":true,"href":"https:\/\/420now.co\/fr-ca\/wp-json\/wp\/v2\/product_brand?post=18358"},{"taxonomy":"product_cat","embeddable":true,"href":"https:\/\/420now.co\/fr-ca\/wp-json\/wp\/v2\/product_cat?post=18358"},{"taxonomy":"product_tag","embeddable":true,"href":"https:\/\/420now.co\/fr-ca\/wp-json\/wp\/v2\/product_tag?post=18358"}],"curies":[{"name":"wp","href":"https:\/\/api.w.org\/{rel}","templated":true}]}}