{"id":18359,"date":"2021-02-28T23:42:29","date_gmt":"2021-03-01T04:42:29","guid":{"rendered":"https:\/\/420now.co\/product\/ghost-recon-aaaa\/"},"modified":"2026-03-12T20:09:00","modified_gmt":"2026-03-13T00:09:00","slug":"ghost-recon-aaaa","status":"publish","type":"product","link":"https:\/\/420now.co\/fr-ca\/product\/ghost-recon-aaaa\/","title":{"rendered":"Ghost Recon AAAA"},"content":{"rendered":"<p>ReCon est une vari\u00e9t\u00e9 hybride \u00e0 dominante l\u00e9g\u00e8rement indica (60% indica\/40% sativa) qui est un croisement entre les c\u00e9l\u00e8bres vari\u00e9t\u00e9s LA Confidential et Cannadential Citrus. Ce bourgeon tr\u00e8s puissant offre \u00e0 l\u2019utilisateur un niveau impressionnant de THC de 23% et un high c\u00e9r\u00e9bral imm\u00e9diat qui rend le patient euphorisant et offre un soulagement mental. <\/p>\n","protected":false},"excerpt":{"rendered":"<p>ReCon est une vari\u00e9t\u00e9 hybride \u00e0 dominante l\u00e9g\u00e8rement indica (60% indica\/40% sativa) qui est un croisement entre les c\u00e9l\u00e8bres vari\u00e9t\u00e9s LA Confidential et Cannadential Citrus. Ce bourgeon tr\u00e8s puissant offre \u00e0 l\u2019utilisateur un niveau impressionnant de THC de 23% et un high c\u00e9r\u00e9bral imm\u00e9diat qui rend le patient euphorisant et offre un soulagement mental. <\/p>\n<p>Indica Hybride dominant.<\/p>\n<p>EN RUPTURE DE STOCK<\/p>\n","protected":false},"featured_media":16827,"comment_status":"closed","ping_status":"closed","template":"","meta":{"_acf_changed":false},"product_brand":[],"product_cat":[249],"product_tag":[],"class_list":{"0":"post-18359","1":"product","2":"type-product","3":"status-publish","4":"has-post-thumbnail","6":"product_cat-hybride-pot","7":"pa_weight-1-oz-fr-ca","8":"pa_weight-1-2-oz-fr-ca","9":"pa_weight-1-4-oz-fr-ca-2","11":"first","12":"outofstock","13":"shipping-taxable","14":"purchasable","15":"product-type-variable"},"acf":[],"_links":{"self":[{"href":"https:\/\/420now.co\/fr-ca\/wp-json\/wp\/v2\/product\/18359","targetHints":{"allow":["GET"]}}],"collection":[{"href":"https:\/\/420now.co\/fr-ca\/wp-json\/wp\/v2\/product"}],"about":[{"href":"https:\/\/420now.co\/fr-ca\/wp-json\/wp\/v2\/types\/product"}],"replies":[{"embeddable":true,"href":"https:\/\/420now.co\/fr-ca\/wp-json\/wp\/v2\/comments?post=18359"}],"wp:featuredmedia":[{"embeddable":true,"href":"https:\/\/420now.co\/fr-ca\/wp-json\/wp\/v2\/media\/16827"}],"wp:attachment":[{"href":"https:\/\/420now.co\/fr-ca\/wp-json\/wp\/v2\/media?parent=18359"}],"wp:term":[{"taxonomy":"product_brand","embeddable":true,"href":"https:\/\/420now.co\/fr-ca\/wp-json\/wp\/v2\/product_brand?post=18359"},{"taxonomy":"product_cat","embeddable":true,"href":"https:\/\/420now.co\/fr-ca\/wp-json\/wp\/v2\/product_cat?post=18359"},{"taxonomy":"product_tag","embeddable":true,"href":"https:\/\/420now.co\/fr-ca\/wp-json\/wp\/v2\/product_tag?post=18359"}],"curies":[{"name":"wp","href":"https:\/\/api.w.org\/{rel}","templated":true}]}}