{"id":18361,"date":"2021-02-16T09:50:19","date_gmt":"2021-02-16T14:50:19","guid":{"rendered":"https:\/\/420now.co\/product\/london-donovan-extracts-rso-a-spectre-complet-1-gr\/"},"modified":"2025-10-09T11:50:41","modified_gmt":"2025-10-09T15:50:41","slug":"london-donovan-extracts-rso-a-spectre-complet-1-gr","status":"publish","type":"product","link":"https:\/\/420now.co\/fr-ca\/product\/london-donovan-extracts-rso-a-spectre-complet-1-gr\/","title":{"rendered":"London Donovan Extracts RSO \u00e0 spectre complet 1 gr"},"content":{"rendered":"<p>RSO est une huile tr\u00e8s puissante avec une valeur m\u00e9dicinale \u00e9tonnante. Ce produit peut \u00eatre utilis\u00e9 pour traiter une vari\u00e9t\u00e9 de maux tels que l\u2019hypertension art\u00e9rielle, l\u2019inflammation chronique, l\u2019arthrite, l\u2019asthme, la toxicomanie, la d\u00e9pression, la scl\u00e9rose en plaques, les troubles du sommeil et m\u00eame le cancer. <\/p>\n","protected":false},"excerpt":{"rendered":"<p>RSO est une huile tr\u00e8s puissante avec une valeur m\u00e9dicinale \u00e9tonnante. Ce produit peut \u00eatre utilis\u00e9 pour traiter une vari\u00e9t\u00e9 de maux tels que l\u2019hypertension art\u00e9rielle, l\u2019inflammation chronique, l\u2019arthrite, l\u2019asthme, la toxicomanie, la d\u00e9pression, la scl\u00e9rose en plaques, les troubles du sommeil et m\u00eame le cancer. <\/p>\n<p>EN RUPTURE DE STOCK<\/p>\n","protected":false},"featured_media":17440,"comment_status":"open","ping_status":"closed","template":"","meta":{"_acf_changed":false},"product_brand":[],"product_cat":[212],"product_tag":[],"class_list":{"0":"post-18361","1":"product","2":"type-product","3":"status-publish","4":"has-post-thumbnail","6":"product_cat-seringues-a-distillat","8":"first","9":"outofstock","10":"shipping-taxable","11":"purchasable","12":"product-type-simple"},"acf":[],"_links":{"self":[{"href":"https:\/\/420now.co\/fr-ca\/wp-json\/wp\/v2\/product\/18361","targetHints":{"allow":["GET"]}}],"collection":[{"href":"https:\/\/420now.co\/fr-ca\/wp-json\/wp\/v2\/product"}],"about":[{"href":"https:\/\/420now.co\/fr-ca\/wp-json\/wp\/v2\/types\/product"}],"replies":[{"embeddable":true,"href":"https:\/\/420now.co\/fr-ca\/wp-json\/wp\/v2\/comments?post=18361"}],"wp:featuredmedia":[{"embeddable":true,"href":"https:\/\/420now.co\/fr-ca\/wp-json\/wp\/v2\/media\/17440"}],"wp:attachment":[{"href":"https:\/\/420now.co\/fr-ca\/wp-json\/wp\/v2\/media?parent=18361"}],"wp:term":[{"taxonomy":"product_brand","embeddable":true,"href":"https:\/\/420now.co\/fr-ca\/wp-json\/wp\/v2\/product_brand?post=18361"},{"taxonomy":"product_cat","embeddable":true,"href":"https:\/\/420now.co\/fr-ca\/wp-json\/wp\/v2\/product_cat?post=18361"},{"taxonomy":"product_tag","embeddable":true,"href":"https:\/\/420now.co\/fr-ca\/wp-json\/wp\/v2\/product_tag?post=18361"}],"curies":[{"name":"wp","href":"https:\/\/api.w.org\/{rel}","templated":true}]}}