{"id":18365,"date":"2021-03-29T16:37:59","date_gmt":"2021-03-29T20:37:59","guid":{"rendered":"https:\/\/420now.co\/product\/miel-infuse-au-thc-de-cannabis-faded-co-400-mg-de-thc\/"},"modified":"2026-02-08T20:08:34","modified_gmt":"2026-02-09T01:08:34","slug":"miel-infuse-au-thc-de-cannabis-faded-co-400-mg-de-thc","status":"publish","type":"product","link":"https:\/\/420now.co\/fr-ca\/product\/miel-infuse-au-thc-de-cannabis-faded-co-400-mg-de-thc\/","title":{"rendered":"Faded Cannabis Co Miel infus\u00e9 au THC (400 mg de THC)"},"content":{"rendered":"<p>Le miel est utilis\u00e9 depuis l\u2019Antiquit\u00e9 comme \u00e9dulcorant et comme m\u00e9dicament. C\u2019est de loin l\u2019un des \u00e9dulcorants les plus polyvalents et les plus populaires<\/p>\n<p>qui fournit \u00e9galement des propri\u00e9t\u00e9s antioxydantes, enzymatiques et antibact\u00e9riennes. Ce miel infus\u00e9 au THC facilite plus que<\/p>\n<p>jamais l\u2019infusion de vos propres boissons, repas et desserts. Une cuill\u00e8re contient 13,3 mg.<\/p>\n","protected":false},"excerpt":{"rendered":"<p>Le miel est utilis\u00e9 depuis l\u2019Antiquit\u00e9 comme \u00e9dulcorant et comme m\u00e9dicament. C\u2019est de loin l\u2019un des \u00e9dulcorants les plus polyvalents et les plus populaires<\/p>\n<p>qui fournit \u00e9galement des propri\u00e9t\u00e9s antioxydantes, enzymatiques et antibact\u00e9riennes. Ce miel infus\u00e9 au THC facilite plus que<\/p>\n<p>jamais l\u2019infusion de vos propres boissons, repas et desserts. Une cuill\u00e8re contient 13,3 mg.<\/p>\n","protected":false},"featured_media":16860,"comment_status":"open","ping_status":"closed","template":"","meta":{"_acf_changed":false},"product_brand":[352],"product_cat":[235],"product_tag":[],"class_list":{"0":"post-18365","1":"product","2":"type-product","3":"status-publish","4":"has-post-thumbnail","6":"product_brand-faded-cannabis-co","7":"product_cat-miel","9":"first","10":"instock","11":"shipping-taxable","12":"purchasable","13":"product-type-simple"},"acf":[],"_links":{"self":[{"href":"https:\/\/420now.co\/fr-ca\/wp-json\/wp\/v2\/product\/18365","targetHints":{"allow":["GET"]}}],"collection":[{"href":"https:\/\/420now.co\/fr-ca\/wp-json\/wp\/v2\/product"}],"about":[{"href":"https:\/\/420now.co\/fr-ca\/wp-json\/wp\/v2\/types\/product"}],"replies":[{"embeddable":true,"href":"https:\/\/420now.co\/fr-ca\/wp-json\/wp\/v2\/comments?post=18365"}],"wp:featuredmedia":[{"embeddable":true,"href":"https:\/\/420now.co\/fr-ca\/wp-json\/wp\/v2\/media\/16860"}],"wp:attachment":[{"href":"https:\/\/420now.co\/fr-ca\/wp-json\/wp\/v2\/media?parent=18365"}],"wp:term":[{"taxonomy":"product_brand","embeddable":true,"href":"https:\/\/420now.co\/fr-ca\/wp-json\/wp\/v2\/product_brand?post=18365"},{"taxonomy":"product_cat","embeddable":true,"href":"https:\/\/420now.co\/fr-ca\/wp-json\/wp\/v2\/product_cat?post=18365"},{"taxonomy":"product_tag","embeddable":true,"href":"https:\/\/420now.co\/fr-ca\/wp-json\/wp\/v2\/product_tag?post=18365"}],"curies":[{"name":"wp","href":"https:\/\/api.w.org\/{rel}","templated":true}]}}