{"id":18367,"date":"2021-03-09T17:37:38","date_gmt":"2021-03-09T22:37:38","guid":{"rendered":"https:\/\/420now.co\/product\/durban-poison-aaaa\/"},"modified":"2026-03-12T20:06:53","modified_gmt":"2026-03-13T00:06:53","slug":"durban-poison-aaaa","status":"publish","type":"product","link":"https:\/\/420now.co\/fr-ca\/product\/durban-poison-aaaa\/","title":{"rendered":"Durban Poison AAAA"},"content":{"rendered":"<p>Lorsque vous posez des questions sur Durban Poison, tout le monde r\u00e9pond : \u00ab Attendez-vous \u00e0 un coup dur \u00e0 la t\u00eate de cette vari\u00e9t\u00e9 super puissante. \u00bb La v\u00e9rit\u00e9! &#8211; Les niveaux de THC de cette sativa pure peuvent atteindre 24% &#8211; c\u2019est l\u2019une des vari\u00e9t\u00e9s les plus puissantes au monde!  <\/p>\n<p>Id\u00e9al pour la cr\u00e9ativit\u00e9 &#8211; souvent utilis\u00e9 comme vari\u00e9t\u00e9 de jour et de jour et lors d\u2019une activit\u00e9 intense.<\/p>\n<p>Peut \u00eatre utilis\u00e9 pour soulager la d\u00e9pression, l\u2019anxi\u00e9t\u00e9, la douleur chronique et m\u00eame pour soulager les naus\u00e9es. Une vari\u00e9t\u00e9 particuli\u00e8rement bonne pour socialiser &#8211; vous pourriez trouver que vous et votre compagnie \u00eates particuli\u00e8rement bavards lorsque vous utilisez Durban Poison. <\/p>\n<h2>Durban Poison Origines<\/h2>\n<p>Qu\u2019est-ce qu\u2019il y a avec la partie \u00ab Poison \u00bb du nom? Probablement en raison de sa teneur \u00e9lev\u00e9e en THC qui peut atteindre 25%. Cette souche a ses origines en Afrique du Sud et a \u00e9t\u00e9 d\u00e9couverte dans les ann\u00e9es 1970. Les graines ont \u00e9t\u00e9 apport\u00e9es en Am\u00e9rique o\u00f9 la vari\u00e9t\u00e9 a d\u2019abord \u00e9t\u00e9 raffin\u00e9e, puis un raffinage suppl\u00e9mentaire a eu lieu \u00e0 Amsterdam, ce qui a contribu\u00e9 \u00e0 r\u00e9duire le temps de floraison.   <\/p>\n<h2>Durban Poison Description de l\u2019usine<\/h2>\n<p>L\u2019apparence de cette vari\u00e9t\u00e9 est r\u00e9v\u00e9latrice de son type hybride, ayant des caract\u00e9ristiques de plantes de marijuana Sativa et Indica . Vous remarquerez certainement l\u2019odeur humide et pourriez d\u00e9tecter des notes de r\u00e9glisse. Ouvrez les fleurs et vous d\u00e9tecterez un piquant de mouffette profond. Br\u00fbler les fleurs fournit une fum\u00e9e \u00e9paisse.   <\/p>\n<h2>Effets du poison de Durban Poison<\/h2>\n<p>Vous ressentirez l\u2019effet de cette vari\u00e9t\u00e9 presque tout de suite &#8211; et c\u2019est un effet clair et concentr\u00e9 alors qu\u2019elle glisse vers le bourdonnement et l\u2019activit\u00e9. C\u2019est l\u2019un des favoris de ceux qui cherchent \u00e0 d\u00e9velopper leur cr\u00e9ativit\u00e9 et dure g\u00e9n\u00e9ralement entre 2 et 3 heures. <\/p>\n<p>Les effets mentaux incluent le fait d\u2019\u00eatre bon pour les personnes souffrant d\u2019anxi\u00e9t\u00e9, de TSPT et de d\u00e9pression &#8211; mais attention, cela peut aussi causer de la parano\u00efa chez certains utilisateurs. Certains utilisateurs d\u00e9crivent leur exp\u00e9rience avec Durbann Poison comme nerveuse et m\u00eame \u00ab nerveuse \u00bb &#8211; mais beaucoup trouvent que c\u2019est un grand point positif des effets de Durban Poison. <\/p>\n<p>Cela dit, les termes les plus souvent utilis\u00e9s pour d\u00e9crire l\u2019euphorie que Durban Poison donne sont \u00ab cr\u00e9atif \u00bb et \u00ab \u00e9nergique \u00bb, avec \u00ab euphorique \u00bb parfois utilis\u00e9.<\/p>\n<p><em>REMARQUE : Les informations sur ce site sont fournies \u00e0 des fins \u00e9ducatives seulement et ne remplacent pas un avis m\u00e9dical professionnel. Consultez un professionnel de la sant\u00e9 avant utilisation.  Pour les adultes \u00e2g\u00e9s de 19 ans ou plus seulement.<\/em><\/p>\n<h2>Durban Poison &#8211; Livraison gratuite en 2 heures GTA<\/h2>\n<p>Si vous \u00eates dans la r\u00e9gion du Grand Toronto, vous pouvez obtenir Durban Poison en 2 heures* \u00e0 votre porte! Commandez avant 20 h et l\u2019un de nos chauffeurs vous livrera le jour m\u00eame, 2 heures gratuitement, lorsque vous commandez un minimum de 100,00 $ de l\u2019un des produits sur notre site Web.<\/p>\n<p>*Livraison en deux heures \u00e0 Toronto (Scarborough, North York, Etobicoke, DownTown, York &#8211; toutes les r\u00e9gions \u00e0 l\u2019int\u00e9rieur des fronti\u00e8res de la ville de Toronto), Richmond Hill, King, Aurora, Newmarket, Woodbridge, Vaughan et Markham.<\/p>\n","protected":false},"excerpt":{"rendered":"<p>Lorsque vous posez des questions sur Durban Poison, tout le monde r\u00e9pond : \u00ab Attendez-vous \u00e0 un coup dur \u00e0 la t\u00eate de cette vari\u00e9t\u00e9 super puissante. \u00bb V\u00e9rit\u00e9 &#8211; les niveaux de THC de cette sativa pure peuvent atteindre 24% &#8211; c\u2019est l\u2019une des vari\u00e9t\u00e9s les plus puissantes au monde! <\/p>\n<p>Id\u00e9al pour la cr\u00e9ativit\u00e9 &#8211; souvent utilis\u00e9 comme vari\u00e9t\u00e9 de jour et de jour et lors d\u2019une activit\u00e9 intense.<\/p>\n<p>Peut \u00eatre utilis\u00e9 pour soulager la d\u00e9pression, l\u2019anxi\u00e9t\u00e9, la douleur chronique et m\u00eame pour soulager les naus\u00e9es.<\/p>\n","protected":false},"featured_media":16851,"comment_status":"open","ping_status":"closed","template":"","meta":{"_acf_changed":false},"product_brand":[],"product_cat":[255],"product_tag":[],"class_list":{"0":"post-18367","1":"product","2":"type-product","3":"status-publish","4":"has-post-thumbnail","6":"product_cat-pot-sativa","7":"pa_weight-1-oz-fr-ca","8":"pa_weight-1-2-oz-fr-ca","9":"pa_weight-1-4-oz-fr-ca-2","11":"first","12":"instock","13":"shipping-taxable","14":"purchasable","15":"product-type-variable"},"acf":[],"_links":{"self":[{"href":"https:\/\/420now.co\/fr-ca\/wp-json\/wp\/v2\/product\/18367","targetHints":{"allow":["GET"]}}],"collection":[{"href":"https:\/\/420now.co\/fr-ca\/wp-json\/wp\/v2\/product"}],"about":[{"href":"https:\/\/420now.co\/fr-ca\/wp-json\/wp\/v2\/types\/product"}],"replies":[{"embeddable":true,"href":"https:\/\/420now.co\/fr-ca\/wp-json\/wp\/v2\/comments?post=18367"}],"wp:featuredmedia":[{"embeddable":true,"href":"https:\/\/420now.co\/fr-ca\/wp-json\/wp\/v2\/media\/16851"}],"wp:attachment":[{"href":"https:\/\/420now.co\/fr-ca\/wp-json\/wp\/v2\/media?parent=18367"}],"wp:term":[{"taxonomy":"product_brand","embeddable":true,"href":"https:\/\/420now.co\/fr-ca\/wp-json\/wp\/v2\/product_brand?post=18367"},{"taxonomy":"product_cat","embeddable":true,"href":"https:\/\/420now.co\/fr-ca\/wp-json\/wp\/v2\/product_cat?post=18367"},{"taxonomy":"product_tag","embeddable":true,"href":"https:\/\/420now.co\/fr-ca\/wp-json\/wp\/v2\/product_tag?post=18367"}],"curies":[{"name":"wp","href":"https:\/\/api.w.org\/{rel}","templated":true}]}}